{"id":7788,"date":"2023-07-11T15:41:01","date_gmt":"2023-07-11T15:41:01","guid":{"rendered":"https:\/\/testsito.italiancanyoning.it\/blog\/"},"modified":"2025-02-18T09:27:36","modified_gmt":"2025-02-18T09:27:36","slug":"blog","status":"publish","type":"page","link":"https:\/\/italiancanyoning.it\/de\/blog\/","title":{"rendered":"Blog"},"content":{"rendered":"<div class=\"wpb-content-wrapper\"><p>[vc_row css=&#8220;.vc_custom_1737626464220{margin-top: 30px !important;}&#8220;][vc_column][vc_custom_heading text=&#8220;NACHRICHT&#8220; font_container=&#8220;tag:h2|font_size:50|text_align:left|color:%23105D8C&#8220; use_theme_fonts=&#8220;yes&#8220; css=&#8220;&#8220;][vc_column_text css=&#8220;&#8220;]<\/p>\n<h3>Entdecken Sie die neuesten Nachrichten aus der Welt des Canyonings<\/h3>\n<p><strong>Itaca Canyoning<\/strong> bietet ein umfassendes und intensives Erlebnis der faszinierenden Welt des Canyoning in Italien. Canyoning, auch als Torrentismus bekannt, ist eine der beliebtesten Abenteueraktivit\u00e4ten und Extremsportarten, die es den Enthusiasten erm\u00f6glicht, auf einzigartige und anregende Weise in die Natur einzutauchen. Durch unsere Geschichten k\u00f6nnen Sie die besten Ziele zum Canyoning in Regionen wie der Toskana, Umbrien und den Marken, aber auch in ganz Italien entdecken und erfahren, wo man in Frankreich Canyoning machen kann. Detaillierte und interessante Informationen zur erforderlichen Ausr\u00fcstung, Vorschl\u00e4ge f\u00fcr eine sichere Durchf\u00fchrung und Erfahrungsberichte von Menschen, die dieses unvergessliche Erlebnis erlebt haben. Wenn Sie ein Adrenalinjunkie sind und dem Canyoning n\u00e4her kommen oder Ihre Kenntnisse zu diesem Thema vertiefen m\u00f6chten, fragen Sie uns wie, wo und wann. Tauchen Sie ein in die Welt des Canyoning und lassen Sie sich von der Leidenschaft und Erfahrung des Itaca Canyoning leiten.[\/vc_column_text][\/vc_column][\/vc_row][vc_row][vc_column][vc_basic_grid post_type=&#8220;post&#8220; max_items=&#8220;-1&#8243; show_filter=&#8220;yes&#8220; element_width=&#8220;3&#8243; css=&#8220;&#8220; grid_id=&#8220;vc_gid:1738586392294-14154a57-c050-1&#8243; filter_source=&#8220;category&#8220;][\/vc_column][\/vc_row]<\/p>\n<\/div>","protected":false},"excerpt":{"rendered":"<p>[vc_row css=&#8220;.vc_custom_1737626464220{margin-top: 30px !important;}&#8220;][vc_column][vc_custom_heading text=&#8220;NACHRICHT&#8220; font_container=&#8220;tag:h2|font_size:50|text_align:left|color:%23105D8C&#8220; use_theme_fonts=&#8220;yes&#8220; css=&#8220;&#8220;][vc_column_text css=&#8220;&#8220;] Entdecken [&hellip;]<\/p>\n","protected":false},"author":3,"featured_media":7790,"parent":0,"menu_order":0,"comment_status":"closed","ping_status":"closed","template":"template-fullwidth-no-heading.php","meta":{"footnotes":""},"class_list":["post-7788","page","type-page","status-publish","has-post-thumbnail","hentry"],"yoast_head":"<!-- This site is optimized with the Yoast SEO plugin v26.4 - https:\/\/yoast.com\/wordpress\/plugins\/seo\/ -->\n<title>Blog - Itaca Canyoning<\/title>\n<meta name=\"description\" content=\"Canyoning oder Torrentismus ist eine der beliebtesten Abenteueraktivit\u00e4ten und Extremsportarten, die es Ihnen erm\u00f6glicht, auf einzigartige und anregende Weise in die Natur einzutauchen.\" \/>\n<meta name=\"robots\" content=\"index, follow, max-snippet:-1, max-image-preview:large, max-video-preview:-1\" \/>\n<link rel=\"canonical\" href=\"https:\/\/italiancanyoning.it\/de\/blog\/\" \/>\n<meta property=\"og:locale\" content=\"de_DE\" \/>\n<meta property=\"og:type\" content=\"article\" \/>\n<meta property=\"og:title\" content=\"Blog - Itaca Canyoning\" \/>\n<meta property=\"og:description\" content=\"Canyoning oder Torrentismus ist eine der beliebtesten Abenteueraktivit\u00e4ten und Extremsportarten, die es Ihnen erm\u00f6glicht, auf einzigartige und anregende Weise in die Natur einzutauchen.\" \/>\n<meta property=\"og:url\" content=\"https:\/\/italiancanyoning.it\/de\/blog\/\" \/>\n<meta property=\"og:site_name\" content=\"Itaca Canyoning\" \/>\n<meta property=\"article:publisher\" content=\"https:\/\/www.facebook.com\/itacanyoning\" \/>\n<meta property=\"article:modified_time\" content=\"2025-02-18T09:27:36+00:00\" \/>\n<meta property=\"og:image\" content=\"https:\/\/italiancanyoning.it\/wp-content\/uploads\/2023\/04\/canyoning-liguria-1024x683.webp\" \/>\n\t<meta property=\"og:image:width\" content=\"1024\" \/>\n\t<meta property=\"og:image:height\" content=\"683\" \/>\n\t<meta property=\"og:image:type\" content=\"image\/webp\" \/>\n<meta name=\"twitter:card\" content=\"summary_large_image\" \/>\n<meta name=\"twitter:label1\" content=\"Gesch\u00e4tzte Lesezeit\" \/>\n\t<meta name=\"twitter:data1\" content=\"2\u00a0Minuten\" \/>\n<script type=\"application\/ld+json\" class=\"yoast-schema-graph\">{\"@context\":\"https:\/\/schema.org\",\"@graph\":[{\"@type\":\"WebPage\",\"@id\":\"https:\/\/italiancanyoning.it\/de\/blog\/\",\"url\":\"https:\/\/italiancanyoning.it\/de\/blog\/\",\"name\":\"Blog - Itaca Canyoning\",\"isPartOf\":{\"@id\":\"https:\/\/italiancanyoning.it\/de\/#website\"},\"primaryImageOfPage\":{\"@id\":\"https:\/\/italiancanyoning.it\/de\/blog\/#primaryimage\"},\"image\":{\"@id\":\"https:\/\/italiancanyoning.it\/de\/blog\/#primaryimage\"},\"thumbnailUrl\":\"https:\/\/italiancanyoning.it\/wp-content\/uploads\/2023\/04\/canyoning-liguria.webp\",\"datePublished\":\"2023-07-11T15:41:01+00:00\",\"dateModified\":\"2025-02-18T09:27:36+00:00\",\"description\":\"Canyoning oder Torrentismus ist eine der beliebtesten Abenteueraktivit\u00e4ten und Extremsportarten, die es Ihnen erm\u00f6glicht, auf einzigartige und anregende Weise in die Natur einzutauchen.\",\"breadcrumb\":{\"@id\":\"https:\/\/italiancanyoning.it\/de\/blog\/#breadcrumb\"},\"inLanguage\":\"de\",\"potentialAction\":[{\"@type\":\"ReadAction\",\"target\":[\"https:\/\/italiancanyoning.it\/de\/blog\/\"]}]},{\"@type\":\"ImageObject\",\"inLanguage\":\"de\",\"@id\":\"https:\/\/italiancanyoning.it\/de\/blog\/#primaryimage\",\"url\":\"https:\/\/italiancanyoning.it\/wp-content\/uploads\/2023\/04\/canyoning-liguria.webp\",\"contentUrl\":\"https:\/\/italiancanyoning.it\/wp-content\/uploads\/2023\/04\/canyoning-liguria.webp\",\"width\":2500,\"height\":1667},{\"@type\":\"BreadcrumbList\",\"@id\":\"https:\/\/italiancanyoning.it\/de\/blog\/#breadcrumb\",\"itemListElement\":[{\"@type\":\"ListItem\",\"position\":1,\"name\":\"Home\",\"item\":\"https:\/\/italiancanyoning.it\/de\/\"},{\"@type\":\"ListItem\",\"position\":2,\"name\":\"Blog\"}]},{\"@type\":\"WebSite\",\"@id\":\"https:\/\/italiancanyoning.it\/de\/#website\",\"url\":\"https:\/\/italiancanyoning.it\/de\/\",\"name\":\"Itaca - Italian Canyoning\",\"description\":\"Scivola nell&#039;avventura, l&#039;esperienza del torrentismo ti aspetta!\",\"potentialAction\":[{\"@type\":\"SearchAction\",\"target\":{\"@type\":\"EntryPoint\",\"urlTemplate\":\"https:\/\/italiancanyoning.it\/de\/?s={search_term_string}\"},\"query-input\":{\"@type\":\"PropertyValueSpecification\",\"valueRequired\":true,\"valueName\":\"search_term_string\"}}],\"inLanguage\":\"de\"}]}<\/script>\n<!-- \/ Yoast SEO plugin. -->","yoast_head_json":{"title":"Blog - Itaca Canyoning","description":"Canyoning oder Torrentismus ist eine der beliebtesten Abenteueraktivit\u00e4ten und Extremsportarten, die es Ihnen erm\u00f6glicht, auf einzigartige und anregende Weise in die Natur einzutauchen.","robots":{"index":"index","follow":"follow","max-snippet":"max-snippet:-1","max-image-preview":"max-image-preview:large","max-video-preview":"max-video-preview:-1"},"canonical":"https:\/\/italiancanyoning.it\/de\/blog\/","og_locale":"de_DE","og_type":"article","og_title":"Blog - Itaca Canyoning","og_description":"Canyoning oder Torrentismus ist eine der beliebtesten Abenteueraktivit\u00e4ten und Extremsportarten, die es Ihnen erm\u00f6glicht, auf einzigartige und anregende Weise in die Natur einzutauchen.","og_url":"https:\/\/italiancanyoning.it\/de\/blog\/","og_site_name":"Itaca Canyoning","article_publisher":"https:\/\/www.facebook.com\/itacanyoning","article_modified_time":"2025-02-18T09:27:36+00:00","og_image":[{"width":1024,"height":683,"url":"https:\/\/italiancanyoning.it\/wp-content\/uploads\/2023\/04\/canyoning-liguria-1024x683.webp","type":"image\/webp"}],"twitter_card":"summary_large_image","twitter_misc":{"Gesch\u00e4tzte Lesezeit":"2\u00a0Minuten"},"schema":{"@context":"https:\/\/schema.org","@graph":[{"@type":"WebPage","@id":"https:\/\/italiancanyoning.it\/de\/blog\/","url":"https:\/\/italiancanyoning.it\/de\/blog\/","name":"Blog - Itaca Canyoning","isPartOf":{"@id":"https:\/\/italiancanyoning.it\/de\/#website"},"primaryImageOfPage":{"@id":"https:\/\/italiancanyoning.it\/de\/blog\/#primaryimage"},"image":{"@id":"https:\/\/italiancanyoning.it\/de\/blog\/#primaryimage"},"thumbnailUrl":"https:\/\/italiancanyoning.it\/wp-content\/uploads\/2023\/04\/canyoning-liguria.webp","datePublished":"2023-07-11T15:41:01+00:00","dateModified":"2025-02-18T09:27:36+00:00","description":"Canyoning oder Torrentismus ist eine der beliebtesten Abenteueraktivit\u00e4ten und Extremsportarten, die es Ihnen erm\u00f6glicht, auf einzigartige und anregende Weise in die Natur einzutauchen.","breadcrumb":{"@id":"https:\/\/italiancanyoning.it\/de\/blog\/#breadcrumb"},"inLanguage":"de","potentialAction":[{"@type":"ReadAction","target":["https:\/\/italiancanyoning.it\/de\/blog\/"]}]},{"@type":"ImageObject","inLanguage":"de","@id":"https:\/\/italiancanyoning.it\/de\/blog\/#primaryimage","url":"https:\/\/italiancanyoning.it\/wp-content\/uploads\/2023\/04\/canyoning-liguria.webp","contentUrl":"https:\/\/italiancanyoning.it\/wp-content\/uploads\/2023\/04\/canyoning-liguria.webp","width":2500,"height":1667},{"@type":"BreadcrumbList","@id":"https:\/\/italiancanyoning.it\/de\/blog\/#breadcrumb","itemListElement":[{"@type":"ListItem","position":1,"name":"Home","item":"https:\/\/italiancanyoning.it\/de\/"},{"@type":"ListItem","position":2,"name":"Blog"}]},{"@type":"WebSite","@id":"https:\/\/italiancanyoning.it\/de\/#website","url":"https:\/\/italiancanyoning.it\/de\/","name":"Itaca - Italian Canyoning","description":"Scivola nell&#039;avventura, l&#039;esperienza del torrentismo ti aspetta!","potentialAction":[{"@type":"SearchAction","target":{"@type":"EntryPoint","urlTemplate":"https:\/\/italiancanyoning.it\/de\/?s={search_term_string}"},"query-input":{"@type":"PropertyValueSpecification","valueRequired":true,"valueName":"search_term_string"}}],"inLanguage":"de"}]}},"_links":{"self":[{"href":"https:\/\/italiancanyoning.it\/de\/wp-json\/wp\/v2\/pages\/7788","targetHints":{"allow":["GET"]}}],"collection":[{"href":"https:\/\/italiancanyoning.it\/de\/wp-json\/wp\/v2\/pages"}],"about":[{"href":"https:\/\/italiancanyoning.it\/de\/wp-json\/wp\/v2\/types\/page"}],"author":[{"embeddable":true,"href":"https:\/\/italiancanyoning.it\/de\/wp-json\/wp\/v2\/users\/3"}],"replies":[{"embeddable":true,"href":"https:\/\/italiancanyoning.it\/de\/wp-json\/wp\/v2\/comments?post=7788"}],"version-history":[{"count":2,"href":"https:\/\/italiancanyoning.it\/de\/wp-json\/wp\/v2\/pages\/7788\/revisions"}],"predecessor-version":[{"id":7792,"href":"https:\/\/italiancanyoning.it\/de\/wp-json\/wp\/v2\/pages\/7788\/revisions\/7792"}],"wp:featuredmedia":[{"embeddable":true,"href":"https:\/\/italiancanyoning.it\/de\/wp-json\/wp\/v2\/media\/7790"}],"wp:attachment":[{"href":"https:\/\/italiancanyoning.it\/de\/wp-json\/wp\/v2\/media?parent=7788"}],"curies":[{"name":"wp","href":"https:\/\/api.w.org\/{rel}","templated":true}]}}