{"id":7793,"date":"2023-11-08T14:21:55","date_gmt":"2023-11-08T14:21:55","guid":{"rendered":"https:\/\/testsito.italiancanyoning.it\/canyoning\/"},"modified":"2025-02-18T09:10:13","modified_gmt":"2025-02-18T09:10:13","slug":"canyoning","status":"publish","type":"page","link":"https:\/\/italiancanyoning.it\/de\/canyoning\/","title":{"rendered":"Canyoning"},"content":{"rendered":"<div class=\"wpb-content-wrapper\"><p>[vc_row full_width=&#8220;stretch_row_content&#8220; css_animation=&#8220;fadeIn&#8220; css=&#8220;.vc_custom_1737479474428{background-image: url(https:\/\/italiancanyoning.it\/wp-content\/uploads\/2022\/03\/canyoning-in-toscana-firenze.jpg?id=1099) !important;background-position: center !important;background-repeat: no-repeat !important;background-size: cover !important;}&#8220;][vc_column][vc_custom_heading text=&#8220;Canyoning in Italien&#8220; font_container=&#8220;tag:h1|font_size:45|text_align:center|color:%23FFFFFF&#8220; use_theme_fonts=&#8220;yes&#8220; css=&#8220;.vc_custom_1738330547352{margin-top: 50px !important;margin-bottom: 50px !important;}&#8220;][\/vc_column][\/vc_row][vc_row css_animation=&#8220;fadeIn&#8220;][vc_column][vc_column_text css=&#8220;&#8220;]Canyoning in Italien ist definitiv ein einzigartiges Erlebnis. Nicht jeder wei\u00df, dass unser Land, das f\u00fcr seine Kunstst\u00e4dte, seine Gastronomie und seine atemberaubenden Landschaften so bekannt ist, auch spektakul\u00e4re B\u00e4che in sich birgt, versteckt in T\u00e4lern, die noch wenig erforscht und besucht sind. Canyoning bietet eine andere M\u00f6glichkeit, das italienische Territorium zu entdecken, und zwar durch ein echtes Abenteuer zwischen den Wasserwegen.<\/p>\n<p>Die M\u00f6glichkeiten sind endlos, vom ruhigsten und schattigsten Stil bis zu den steilsten und wildesten Orten. Italien bietet zahlreiche Canyoning-Erlebnisse f\u00fcr jeden Geschmack. Die angenehmen und unterhaltsamen Abfahrten der B\u00e4che sind perfekt f\u00fcr Canyoning-Anf\u00e4nger. Dies bedeutet jedoch nicht, dass selbst die abenteuerlustigsten und unternehmungslustigsten Canyoning-Fans nicht gen\u00fcgend M\u00f6glichkeiten haben, ihre F\u00e4higkeiten auf die Probe zu stellen.<\/p>\n<p>Jeder Bach in Italien birgt ein Abenteuer, eine andere Art, die Natur zu erkunden, mit ihr in Kontakt zu sein und einen Teil der unglaublichen Sch\u00f6nheit kennenzulernen, die unser Land zu bieten hat. Und genau darin besteht die Herausforderung beim Canyoning: das Beste zu entdecken, was das Gebiet zu bieten hat, in einer einzigartigen Kombination starker Emotionen, die mit Abenteuer, Wasser und der Entdeckung der herrlichen italienischen Landschaften verbunden sind.<\/p>\n<p>Canyoning in Italien ist perfekt f\u00fcr alle, die nach einer ungew\u00f6hnlichen und anregenden Outdoor-Aktivit\u00e4t suchen, und ein Erlebnis, das man mindestens einmal im Leben erleben sollte. Die faszinierenden Routen zwischen den Flussbetten bieten eine einzigartige Landschaft in ihrer Sch\u00f6nheit und wilden Erhabenheit und sorgen f\u00fcr unvergessliche Emotionen.<\/p>\n<p>Es handelt sich um eine Reise durch Wasser und Fels, die auch die abenteuerlustigsten Geister zufriedenstellt und ein einzigartiges Erlebnis bei der Entdeckung des italienischen Territoriums im Einklang mit der Natur bietet. Dabei haben Sie die M\u00f6glichkeit, die intensiven Emotionen wieder zu erleben, die nur das v\u00f6llige Eintauchen in diese Umgebungen vermitteln kann.[\/vc_column_text][\/vc_column][\/vc_row][vc_row css=&#8220;.vc_custom_1737631002937{margin-top: 0px !important;margin-bottom: 0px !important;}&#8220;][vc_column width=&#8220;1\/2&#8243; css=&#8220;.vc_custom_1737647728487{margin-bottom: 100px !important;}&#8220;]<div class=\"cq-imageoverlay\" data-overlaycolor=\"#A7BBBCDE\" data-overlaysize=\"300\" data-titlesize=\"\" data-contentsize=\"\" data-overlayshape=\"circle\" data-overlaymargin=\"\" data-contentcolor=\"\" data-elementmargin=\"\"><div class=\"cq-imageoverlay-overlay cq-circle\"><div class=\"cq-imageoverlay-paragraph\"><a href=\"\/de\/canyoning-toscana\/\" title=\"\" target=\"\" class=\"cq-imageoverlay-link\"><h4 class=\"cq-imageoverlay-title\"><i class=\"cq-imageoverlay-icon fas fa-water\"><\/i> Canyoning Toskana<\/h4><span class=\"cq-imageoverlay-content\">Klicken<\/span><\/a><\/div><\/div><img decoding=\"async\" src=\"https:\/\/italiancanyoning.it\/wp-content\/uploads\/2022\/01\/rio-selvano-canyoning-in-toscana-itaca-12_websize-1-700x467.jpg\" class=\"cq-imageoverlay-img\" alt=\"\" \/><\/div>[\/vc_column][vc_column width=&#8220;1\/2&#8243; css=&#8220;.vc_custom_1737647733847{margin-bottom: 100px !important;}&#8220;]<div class=\"cq-imageoverlay\" data-overlaycolor=\"#A7BBBCDE\" data-overlaysize=\"300\" data-titlesize=\"\" data-contentsize=\"\" data-overlayshape=\"circle\" data-overlaymargin=\"\" data-contentcolor=\"\" data-elementmargin=\"\"><div class=\"cq-imageoverlay-overlay cq-circle\"><div class=\"cq-imageoverlay-paragraph\"><a href=\"\/de\/canyoning-liguria\/\" title=\"\" target=\"\" class=\"cq-imageoverlay-link\"><h4 class=\"cq-imageoverlay-title\"><i class=\"cq-imageoverlay-icon fas fa-wind\"><\/i> Canyoning Ligurien<\/h4><span class=\"cq-imageoverlay-content\">Klicken<\/span><\/a><\/div><\/div><img decoding=\"async\" src=\"https:\/\/italiancanyoning.it\/wp-content\/uploads\/2022\/03\/canyoning-rio-prialunga-700x467.jpg\" class=\"cq-imageoverlay-img\" alt=\"\" \/><\/div>[\/vc_column][\/vc_row]<\/p>\n<\/div>","protected":false},"excerpt":{"rendered":"<p>[vc_row full_width=&#8220;stretch_row_content&#8220; css_animation=&#8220;fadeIn&#8220; css=&#8220;.vc_custom_1737479474428{background-image: url(https:\/\/italiancanyoning.it\/wp-content\/uploads\/2022\/03\/canyoning-in-toscana-firenze.jpg?id=1099) !important;background-position: center !important;background-repeat: no-repeat !important;background-size: [&hellip;]<\/p>\n","protected":false},"author":3,"featured_media":0,"parent":0,"menu_order":0,"comment_status":"closed","ping_status":"closed","template":"template-fullwidth-no-heading.php","meta":{"footnotes":""},"class_list":["post-7793","page","type-page","status-publish","hentry"],"yoast_head":"<!-- This site is optimized with the Yoast SEO plugin v26.4 - https:\/\/yoast.com\/wordpress\/plugins\/seo\/ -->\n<title>Canyoning - Itaca Canyoning<\/title>\n<meta name=\"description\" content=\"Canyoning in Italien ist perfekt f\u00fcr alle, die nach einer ungew\u00f6hnlichen und anregenden Outdoor-Aktivit\u00e4t suchen, und ein Erlebnis, das man mindestens einmal im Leben erleben sollte.\" \/>\n<meta name=\"robots\" content=\"index, follow, max-snippet:-1, max-image-preview:large, max-video-preview:-1\" \/>\n<link rel=\"canonical\" href=\"https:\/\/italiancanyoning.it\/de\/canyoning\/\" \/>\n<meta property=\"og:locale\" content=\"de_DE\" \/>\n<meta property=\"og:type\" content=\"article\" \/>\n<meta property=\"og:title\" content=\"Canyoning - Itaca Canyoning\" \/>\n<meta property=\"og:description\" content=\"Canyoning in Italien ist perfekt f\u00fcr alle, die nach einer ungew\u00f6hnlichen und anregenden Outdoor-Aktivit\u00e4t suchen, und ein Erlebnis, das man mindestens einmal im Leben erleben sollte.\" \/>\n<meta property=\"og:url\" content=\"https:\/\/italiancanyoning.it\/de\/canyoning\/\" \/>\n<meta property=\"og:site_name\" content=\"Itaca Canyoning\" \/>\n<meta property=\"article:publisher\" content=\"https:\/\/www.facebook.com\/itacanyoning\" \/>\n<meta property=\"article:modified_time\" content=\"2025-02-18T09:10:13+00:00\" \/>\n<meta name=\"twitter:card\" content=\"summary_large_image\" \/>\n<meta name=\"twitter:label1\" content=\"Gesch\u00e4tzte Lesezeit\" \/>\n\t<meta name=\"twitter:data1\" content=\"2\u00a0Minuten\" \/>\n<script type=\"application\/ld+json\" class=\"yoast-schema-graph\">{\"@context\":\"https:\/\/schema.org\",\"@graph\":[{\"@type\":\"WebPage\",\"@id\":\"https:\/\/italiancanyoning.it\/de\/canyoning\/\",\"url\":\"https:\/\/italiancanyoning.it\/de\/canyoning\/\",\"name\":\"Canyoning - Itaca Canyoning\",\"isPartOf\":{\"@id\":\"https:\/\/italiancanyoning.it\/de\/#website\"},\"datePublished\":\"2023-11-08T14:21:55+00:00\",\"dateModified\":\"2025-02-18T09:10:13+00:00\",\"description\":\"Canyoning in Italien ist perfekt f\u00fcr alle, die nach einer ungew\u00f6hnlichen und anregenden Outdoor-Aktivit\u00e4t suchen, und ein Erlebnis, das man mindestens einmal im Leben erleben sollte.\",\"breadcrumb\":{\"@id\":\"https:\/\/italiancanyoning.it\/de\/canyoning\/#breadcrumb\"},\"inLanguage\":\"de\",\"potentialAction\":[{\"@type\":\"ReadAction\",\"target\":[\"https:\/\/italiancanyoning.it\/de\/canyoning\/\"]}]},{\"@type\":\"BreadcrumbList\",\"@id\":\"https:\/\/italiancanyoning.it\/de\/canyoning\/#breadcrumb\",\"itemListElement\":[{\"@type\":\"ListItem\",\"position\":1,\"name\":\"Home\",\"item\":\"https:\/\/italiancanyoning.it\/de\/\"},{\"@type\":\"ListItem\",\"position\":2,\"name\":\"Canyoning\"}]},{\"@type\":\"WebSite\",\"@id\":\"https:\/\/italiancanyoning.it\/de\/#website\",\"url\":\"https:\/\/italiancanyoning.it\/de\/\",\"name\":\"Itaca - Italian Canyoning\",\"description\":\"Scivola nell&#039;avventura, l&#039;esperienza del torrentismo ti aspetta!\",\"potentialAction\":[{\"@type\":\"SearchAction\",\"target\":{\"@type\":\"EntryPoint\",\"urlTemplate\":\"https:\/\/italiancanyoning.it\/de\/?s={search_term_string}\"},\"query-input\":{\"@type\":\"PropertyValueSpecification\",\"valueRequired\":true,\"valueName\":\"search_term_string\"}}],\"inLanguage\":\"de\"}]}<\/script>\n<!-- \/ Yoast SEO plugin. -->","yoast_head_json":{"title":"Canyoning - Itaca Canyoning","description":"Canyoning in Italien ist perfekt f\u00fcr alle, die nach einer ungew\u00f6hnlichen und anregenden Outdoor-Aktivit\u00e4t suchen, und ein Erlebnis, das man mindestens einmal im Leben erleben sollte.","robots":{"index":"index","follow":"follow","max-snippet":"max-snippet:-1","max-image-preview":"max-image-preview:large","max-video-preview":"max-video-preview:-1"},"canonical":"https:\/\/italiancanyoning.it\/de\/canyoning\/","og_locale":"de_DE","og_type":"article","og_title":"Canyoning - Itaca Canyoning","og_description":"Canyoning in Italien ist perfekt f\u00fcr alle, die nach einer ungew\u00f6hnlichen und anregenden Outdoor-Aktivit\u00e4t suchen, und ein Erlebnis, das man mindestens einmal im Leben erleben sollte.","og_url":"https:\/\/italiancanyoning.it\/de\/canyoning\/","og_site_name":"Itaca Canyoning","article_publisher":"https:\/\/www.facebook.com\/itacanyoning","article_modified_time":"2025-02-18T09:10:13+00:00","twitter_card":"summary_large_image","twitter_misc":{"Gesch\u00e4tzte Lesezeit":"2\u00a0Minuten"},"schema":{"@context":"https:\/\/schema.org","@graph":[{"@type":"WebPage","@id":"https:\/\/italiancanyoning.it\/de\/canyoning\/","url":"https:\/\/italiancanyoning.it\/de\/canyoning\/","name":"Canyoning - Itaca Canyoning","isPartOf":{"@id":"https:\/\/italiancanyoning.it\/de\/#website"},"datePublished":"2023-11-08T14:21:55+00:00","dateModified":"2025-02-18T09:10:13+00:00","description":"Canyoning in Italien ist perfekt f\u00fcr alle, die nach einer ungew\u00f6hnlichen und anregenden Outdoor-Aktivit\u00e4t suchen, und ein Erlebnis, das man mindestens einmal im Leben erleben sollte.","breadcrumb":{"@id":"https:\/\/italiancanyoning.it\/de\/canyoning\/#breadcrumb"},"inLanguage":"de","potentialAction":[{"@type":"ReadAction","target":["https:\/\/italiancanyoning.it\/de\/canyoning\/"]}]},{"@type":"BreadcrumbList","@id":"https:\/\/italiancanyoning.it\/de\/canyoning\/#breadcrumb","itemListElement":[{"@type":"ListItem","position":1,"name":"Home","item":"https:\/\/italiancanyoning.it\/de\/"},{"@type":"ListItem","position":2,"name":"Canyoning"}]},{"@type":"WebSite","@id":"https:\/\/italiancanyoning.it\/de\/#website","url":"https:\/\/italiancanyoning.it\/de\/","name":"Itaca - Italian Canyoning","description":"Scivola nell&#039;avventura, l&#039;esperienza del torrentismo ti aspetta!","potentialAction":[{"@type":"SearchAction","target":{"@type":"EntryPoint","urlTemplate":"https:\/\/italiancanyoning.it\/de\/?s={search_term_string}"},"query-input":{"@type":"PropertyValueSpecification","valueRequired":true,"valueName":"search_term_string"}}],"inLanguage":"de"}]}},"_links":{"self":[{"href":"https:\/\/italiancanyoning.it\/de\/wp-json\/wp\/v2\/pages\/7793","targetHints":{"allow":["GET"]}}],"collection":[{"href":"https:\/\/italiancanyoning.it\/de\/wp-json\/wp\/v2\/pages"}],"about":[{"href":"https:\/\/italiancanyoning.it\/de\/wp-json\/wp\/v2\/types\/page"}],"author":[{"embeddable":true,"href":"https:\/\/italiancanyoning.it\/de\/wp-json\/wp\/v2\/users\/3"}],"replies":[{"embeddable":true,"href":"https:\/\/italiancanyoning.it\/de\/wp-json\/wp\/v2\/comments?post=7793"}],"version-history":[{"count":4,"href":"https:\/\/italiancanyoning.it\/de\/wp-json\/wp\/v2\/pages\/7793\/revisions"}],"predecessor-version":[{"id":7798,"href":"https:\/\/italiancanyoning.it\/de\/wp-json\/wp\/v2\/pages\/7793\/revisions\/7798"}],"wp:attachment":[{"href":"https:\/\/italiancanyoning.it\/de\/wp-json\/wp\/v2\/media?parent=7793"}],"curies":[{"name":"wp","href":"https:\/\/api.w.org\/{rel}","templated":true}]}}