{"id":7800,"date":"2022-01-08T23:45:12","date_gmt":"2022-01-08T23:45:12","guid":{"rendered":"https:\/\/testsito.italiancanyoning.it\/canyoning-ligurien\/"},"modified":"2025-02-18T10:41:37","modified_gmt":"2025-02-18T10:41:37","slug":"canyoning-ligurien","status":"publish","type":"page","link":"https:\/\/italiancanyoning.it\/de\/canyoning-ligurien\/","title":{"rendered":"Canyoning Ligurien"},"content":{"rendered":"<div class=\"wpb-content-wrapper\"><p>[vc_row full_width=&#8220;stretch_row_content&#8220; css_animation=&#8220;fadeIn&#8220; css=&#8220;.vc_custom_1737479474428{background-image: url(https:\/\/italiancanyoning.it\/wp-content\/uploads\/2022\/03\/canyoning-in-toscana-firenze.jpg?id=1099) !important;background-position: center !important;background-repeat: no-repeat !important;background-size: cover !important;}&#8220;][vc_column][vc_custom_heading text=&#8220;Canyoning Ligurien&#8220; font_container=&#8220;tag:h1|font_size:45|text_align:center|color:%23FFFFFF&#8220; use_theme_fonts=&#8220;yes&#8220; css=&#8220;.vc_custom_1737479868166{margin-top: 50px !important;margin-bottom: 50px !important;}&#8220;][\/vc_column][\/vc_row][vc_row css_animation=&#8220;fadeIn&#8220;][vc_column][vc_column_text css=&#8220;&#8220;]<\/p>\n<p class=\"has-text-align-center\" style=\"text-align: left;\">Praktizieren Sie Canyoning in <strong>Ligurien<\/strong>, wo Sie au\u00dfergew\u00f6hnliche <a href=\"https:\/\/it.wikipedia.org\/wiki\/Liguria\">Canyons<\/a> von \u00fcberraschender Sch\u00f6nheit und mit den unterschiedlichsten Eigenschaften finden k\u00f6nnen.<\/p>\n<p class=\"has-text-align-center\" style=\"text-align: left;\">Das <strong>ligurische Hinterland<\/strong> zeichnet sich durch eine abwechslungsreiche und lebendige Landschaft aus. Wenige Kilometer von der K\u00fcste entfernt finden wir H\u00fcgel, Berge und zerkl\u00fcftete T\u00e4ler, die einen <strong>perfekten Spielplatz zum Canyoning bieten<\/strong>.<\/p>\n<p class=\"has-text-align-center\" style=\"text-align: left;\">Von Levante nach Ponente sind tats\u00e4chlich zahlreiche Abfahrten m\u00f6glich.<\/p>\n<p class=\"has-text-align-center\" style=\"text-align: left;\">Diese Routen bieten eine <strong>alternative <\/strong>und <strong>unterhaltsame<\/strong> M\u00f6glichkeit, weniger bekannte T\u00e4ler und Gegenden zu entdecken und so einem Urlaub oder einem <strong>Wochenende<\/strong> am <strong>Meer neue Emotionen zu verleihen.<\/strong><\/p>\n<p class=\"has-text-align-center\" style=\"text-align: left;\">Ihre Position ist aus mehrerer Sicht \u201estrategisch\u201c. Tats\u00e4chlich eignen sie sich gut als Zwischenstopp auf einer l\u00e4ngeren Reise f\u00fcr diejenigen, die eine Durchquerung Liguriens planen, oder f\u00fcr ein sportliches und alternatives Wochenende f\u00fcr diejenigen, die aus nahegelegenen Regionen wie der Lombardei, dem Piemont oder der Toskana kommen.<\/p>\n<p style=\"text-align: left;\">Von der schattigen und geheimnisvollen <strong>Garfagnana<\/strong> \u00fcber die steilen und wilden <strong>Apuanischen Alpen<\/strong> bis hin zu den ber\u00fchmten <strong>Florentiner H\u00fcgeln<\/strong> bieten wir Ihnen Abfahrten aller Art in den sch\u00f6nsten und unterhaltsamsten Wildb\u00e4chen.<\/p>\n<p>[\/vc_column_text][\/vc_column][\/vc_row][vc_row full_width=&#8220;stretch_row_content&#8220; parallax=&#8220;content-moving&#8220; parallax_image=&#8220;6438&#8243; parallax_speed_bg=&#8220;3.5&#8243; css_animation=&#8220;none&#8220; css=&#8220;.vc_custom_1738319990215{margin-right: 5% !important;margin-left: 5% !important;background-color: #CFB8B800 !important;}&#8220;][vc_column][vc_column_text css=&#8220;.vc_custom_1737480047483{margin-top: 30px !important;margin-right: 5% !important;margin-bottom: 60px !important;margin-left: 5% !important;padding-top: 10px !important;padding-right: 20px !important;padding-bottom: 10px !important;padding-left: 20px !important;background-color: #E5E3DC !important;}&#8220;]<\/p>\n<h2><strong>Canyoning Ligurien: Ein Abenteuer zwischen den B\u00e4chen<\/strong><\/h2>\n<p>Canyoning Ligurien mit seiner wilden Natur und atemberaubenden Landschaften bietet abwechslungsreiche Routen f\u00fcr alle Niveaus.<br \/>\nZwei der von uns vorgeschlagenen Routen, der Rio Prialunga und der Rio Lerca, liegen in der N\u00e4he von Genua, in zwei T\u00e4lern parallel zu den H\u00e4ngen des Monte Beigua. Diese Orte bieten eine wilde und abgeschiedene Umgebung und sind dennoch so nah an der Stadt und von der Autobahn aus leicht zu erreichen.[\/vc_column_text][\/vc_column][\/vc_row][vc_row css_animation=&#8220;none&#8220; css=&#8220;.vc_custom_1738319996160{margin-right: 3% !important;margin-left: 3% !important;}&#8220;][vc_column width=&#8220;1\/4&#8243;][vc_single_image image=&#8220;6466&#8243; img_size=&#8220;600X600&#8243; style=&#8220;vc_box_shadow_border&#8220; css=&#8220;&#8220;][\/vc_column][vc_column width=&#8220;3\/4&#8243;][vc_column_text css=&#8220;&#8220;]<\/p>\n<h3><span style=\"color: #d1955e;\"><strong><a style=\"color: #d1955e;\" href=\"\/de\/rio-prialunga\/\">Rio Prialunga<\/a> und <a style=\"color: #d1955e;\" href=\"\/de\/rio-lerca\/\">Rio Lerca<\/a>: Zwei einzigartige Erlebnisse<\/strong><\/span><\/h3>\n<p>Die beiden Canyons Rio Prialunga und <a href=\"\/de\/canyoning-rio-lerca\/\" rel=\"noopener\">Rio Lerca<\/a> weisen sehr unterschiedliche Charakteristika auf. Der Rio Prialunga ist technischer und anspruchsvoller, w\u00e4hrend der Rio Lerca eher ein spielerisches Erlebnis bietet. Beide Routen zeichnen sich durch eine helle und sonnige Umgebung aus, in der die kristallklaren Wasserbecken wie Smaragde gl\u00e4nzen. Diese B\u00e4che sind in der Lage, alle Arten von Bed\u00fcrfnissen f\u00fcr diejenigen zu befriedigen, die den Nervenkitzel des <strong>Canyoning in Ligurien<\/strong> suchen[\/vc_column_text][\/vc_column][\/vc_row][vc_row css_animation=&#8220;none&#8220; css=&#8220;.vc_custom_1738320001911{margin-right: 3% !important;margin-left: 3% !important;}&#8220;][vc_column width=&#8220;1\/4&#8243;][vc_single_image image=&#8220;6550&#8243; img_size=&#8220;600X600&#8243; style=&#8220;vc_box_shadow_border&#8220; css=&#8220;&#8220;][\/vc_column][vc_column width=&#8220;3\/4&#8243;][vc_column_text css=&#8220;&#8220;]<\/p>\n<h3><a href=\"https:\/\/italiancanyoning.it\/nl\/rio-bargonasco\/\"><strong><span style=\"color: #ff9900;\"><span style=\"color: #d1955e;\">Rio Bargonasco: Ein verborgener Schatz<\/span><\/span><\/strong><\/a><\/h3>\n<p>\/deIn der N\u00e4he von Sestri Levante finden wir den wenig bekannten <a href=\"\/de\/rio-bargonasco\/\" rel=\"noopener\">Rio Bargonasco<\/a>. Dieser Weg ist nicht zu lang und leicht zug\u00e4nglich, macht aber dank des st\u00e4ndigen Wassers und einiger nat\u00fcrlicher Rutschen extrem viel Spa\u00df. Es ist die perfekte Option f\u00fcr alle, die sich eine zweist\u00fcndige Aktivit\u00e4t w\u00fcnschen, die das Wochenende beleben und abwechslungsreicher machen kann.[\/vc_column_text][\/vc_column][\/vc_row][vc_row css_animation=&#8220;none&#8220; css=&#8220;.vc_custom_1738320007940{margin-right: 3% !important;margin-left: 3% !important;}&#8220;][vc_column width=&#8220;1\/4&#8243;][vc_single_image image=&#8220;2110&#8243; img_size=&#8220;600X600&#8243; style=&#8220;vc_box_shadow_border&#8220; css=&#8220;&#8220;][\/vc_column][vc_column width=&#8220;3\/4&#8243;][vc_column_text css=&#8220;&#8220;]<\/p>\n<h3><a href=\"https:\/\/italiancanyoning.it\/nl\/rio-barbaira\/\"><strong><span style=\"color: #ff9900;\"><span style=\"color: #d1955e;\">Rio Barbaira: Eintauchen in die Natur<\/span><\/span><\/strong><\/a><\/h3>\n<p>An der Grenze zu Frankreich, oberhalb des charakteristischen Dorfes Rocchetta Nervina, flie\u00dft der <a href=\"\/de\/rio-barbaira\/\" target=\"_blank\" rel=\"noopener\">Rio Barbaira<\/a>. Dieser Bach ist ein wahres Naturwunder, ein abwechslungsreicher Abstieg, bei dem Spa\u00df und Natursch\u00f6nheit perfekt miteinander verschmelzen. Es ist ein Canyoning-Erlebnis in Ligurien, das Sie nicht so schnell vergessen werden.[\/vc_column_text][\/vc_column][\/vc_row][vc_row][vc_column][vc_cta h2=&#8220;W\u00e4hlen Sie Ihren Torrent und buchen Sie jetzt!&#8220; h2_font_container=&#8220;tag:h4|font_size:40|text_align:left|color:%23105D8C&#8220; h2_google_fonts=&#8220;font_family:IM%20Fell%20DW%20Pica%3Aregular%2Citalic|font_style:400%20regular%3A400%3Anormal&#8220; add_button=&#8220;right&#8220; btn_title=&#8220;KONTAKTIEREN SIE UNS JETZT&#8220; btn_style=&#8220;custom&#8220; btn_custom_background=&#8220;#D1955E&#8220; btn_custom_text=&#8220;#FFFFFF&#8220; btn_size=&#8220;lg&#8220; css=&#8220;&#8220; use_custom_fonts_h2=&#8220;true&#8220; btn_link=&#8220;url:%2Fde%2Fcontatti-itaca-canyoning%2F|title:Kontakte&#8220;]Schreiben Sie uns und geben Sie an, an welchem \u200b\u200bTorrent Sie interessiert sind oder wenn Sie allgemeinere Informationen w\u00fcnschen.[\/vc_cta][\/vc_column][\/vc_row][vc_row css_animation=&#8220;none&#8220; css=&#8220;.vc_custom_1738320014079{margin-right: 3% !important;margin-left: 3% !important;}&#8220;][vc_column][vc_column_text css=&#8220;&#8220;]<\/p>\n<h3><strong>Andere Fl\u00fcsse in Ligurien<\/strong><\/h3>\n<p>In Ligurien erwarten Sie zahlreiche weitere Abfahrten jeden Schwierigkeitsgrades und jeder Dauer f\u00fcr sportliche Entdeckungen. Einige der B\u00e4che, die Sie erkunden k\u00f6nnten, sind die Verbindung Grognardo und Argentina in Molini di Triora f\u00fcr eine Konzentration auf Canyoning, der technische und vertikale Rio Prialunga in der N\u00e4he von Genua und der unterhaltsame Rio Santa Lucia in der N\u00e4he von Imperia. Jeder Bach bietet ein einzigartiges Erlebnis und macht Canyoning in Ligurien zu einem Abenteuer, das Sie nicht verpassen sollten.[\/vc_column_text][\/vc_column][\/vc_row]<\/p>\n<\/div>","protected":false},"excerpt":{"rendered":"<p>[vc_row full_width=&#8220;stretch_row_content&#8220; css_animation=&#8220;fadeIn&#8220; css=&#8220;.vc_custom_1737479474428{background-image: url(https:\/\/italiancanyoning.it\/wp-content\/uploads\/2022\/03\/canyoning-in-toscana-firenze.jpg?id=1099) !important;background-position: center !important;background-repeat: no-repeat !important;background-size: [&hellip;]<\/p>\n","protected":false},"author":3,"featured_media":0,"parent":0,"menu_order":0,"comment_status":"closed","ping_status":"closed","template":"template-fullwidth-no-heading.php","meta":{"footnotes":""},"class_list":["post-7800","page","type-page","status-publish","hentry"],"yoast_head":"<!-- This site is optimized with the Yoast SEO plugin v26.4 - https:\/\/yoast.com\/wordpress\/plugins\/seo\/ -->\n<title>Canyoning Ligurien - Itaca Canyoning<\/title>\n<meta name=\"description\" content=\"Betreiben Sie mit uns Canyoning in Ligurien und entdecken Sie au\u00dfergew\u00f6hnliche Canyons mit unterschiedlichsten Charakteristika.\" \/>\n<meta name=\"robots\" content=\"index, follow, max-snippet:-1, max-image-preview:large, max-video-preview:-1\" \/>\n<link rel=\"canonical\" href=\"https:\/\/italiancanyoning.it\/de\/canyoning-ligurien\/\" \/>\n<meta property=\"og:locale\" content=\"de_DE\" \/>\n<meta property=\"og:type\" content=\"article\" \/>\n<meta property=\"og:title\" content=\"Canyoning Ligurien - Itaca Canyoning\" \/>\n<meta property=\"og:description\" content=\"Betreiben Sie mit uns Canyoning in Ligurien und entdecken Sie au\u00dfergew\u00f6hnliche Canyons mit unterschiedlichsten Charakteristika.\" \/>\n<meta property=\"og:url\" content=\"https:\/\/italiancanyoning.it\/de\/canyoning-ligurien\/\" \/>\n<meta property=\"og:site_name\" content=\"Itaca Canyoning\" \/>\n<meta property=\"article:publisher\" content=\"https:\/\/www.facebook.com\/itacanyoning\" \/>\n<meta property=\"article:modified_time\" content=\"2025-02-18T10:41:37+00:00\" \/>\n<meta name=\"twitter:card\" content=\"summary_large_image\" \/>\n<meta name=\"twitter:label1\" content=\"Gesch\u00e4tzte Lesezeit\" \/>\n\t<meta name=\"twitter:data1\" content=\"5\u00a0Minuten\" \/>\n<script type=\"application\/ld+json\" class=\"yoast-schema-graph\">{\"@context\":\"https:\/\/schema.org\",\"@graph\":[{\"@type\":\"WebPage\",\"@id\":\"https:\/\/italiancanyoning.it\/de\/canyoning-ligurien\/\",\"url\":\"https:\/\/italiancanyoning.it\/de\/canyoning-ligurien\/\",\"name\":\"Canyoning Ligurien - Itaca Canyoning\",\"isPartOf\":{\"@id\":\"https:\/\/italiancanyoning.it\/de\/#website\"},\"datePublished\":\"2022-01-08T23:45:12+00:00\",\"dateModified\":\"2025-02-18T10:41:37+00:00\",\"description\":\"Betreiben Sie mit uns Canyoning in Ligurien und entdecken Sie au\u00dfergew\u00f6hnliche Canyons mit unterschiedlichsten Charakteristika.\",\"breadcrumb\":{\"@id\":\"https:\/\/italiancanyoning.it\/de\/canyoning-ligurien\/#breadcrumb\"},\"inLanguage\":\"de\",\"potentialAction\":[{\"@type\":\"ReadAction\",\"target\":[\"https:\/\/italiancanyoning.it\/de\/canyoning-ligurien\/\"]}]},{\"@type\":\"BreadcrumbList\",\"@id\":\"https:\/\/italiancanyoning.it\/de\/canyoning-ligurien\/#breadcrumb\",\"itemListElement\":[{\"@type\":\"ListItem\",\"position\":1,\"name\":\"Home\",\"item\":\"https:\/\/italiancanyoning.it\/de\/\"},{\"@type\":\"ListItem\",\"position\":2,\"name\":\"Canyoning Ligurien\"}]},{\"@type\":\"WebSite\",\"@id\":\"https:\/\/italiancanyoning.it\/de\/#website\",\"url\":\"https:\/\/italiancanyoning.it\/de\/\",\"name\":\"Itaca - Italian Canyoning\",\"description\":\"Scivola nell&#039;avventura, l&#039;esperienza del torrentismo ti aspetta!\",\"potentialAction\":[{\"@type\":\"SearchAction\",\"target\":{\"@type\":\"EntryPoint\",\"urlTemplate\":\"https:\/\/italiancanyoning.it\/de\/?s={search_term_string}\"},\"query-input\":{\"@type\":\"PropertyValueSpecification\",\"valueRequired\":true,\"valueName\":\"search_term_string\"}}],\"inLanguage\":\"de\"}]}<\/script>\n<!-- \/ Yoast SEO plugin. -->","yoast_head_json":{"title":"Canyoning Ligurien - Itaca Canyoning","description":"Betreiben Sie mit uns Canyoning in Ligurien und entdecken Sie au\u00dfergew\u00f6hnliche Canyons mit unterschiedlichsten Charakteristika.","robots":{"index":"index","follow":"follow","max-snippet":"max-snippet:-1","max-image-preview":"max-image-preview:large","max-video-preview":"max-video-preview:-1"},"canonical":"https:\/\/italiancanyoning.it\/de\/canyoning-ligurien\/","og_locale":"de_DE","og_type":"article","og_title":"Canyoning Ligurien - Itaca Canyoning","og_description":"Betreiben Sie mit uns Canyoning in Ligurien und entdecken Sie au\u00dfergew\u00f6hnliche Canyons mit unterschiedlichsten Charakteristika.","og_url":"https:\/\/italiancanyoning.it\/de\/canyoning-ligurien\/","og_site_name":"Itaca Canyoning","article_publisher":"https:\/\/www.facebook.com\/itacanyoning","article_modified_time":"2025-02-18T10:41:37+00:00","twitter_card":"summary_large_image","twitter_misc":{"Gesch\u00e4tzte Lesezeit":"5\u00a0Minuten"},"schema":{"@context":"https:\/\/schema.org","@graph":[{"@type":"WebPage","@id":"https:\/\/italiancanyoning.it\/de\/canyoning-ligurien\/","url":"https:\/\/italiancanyoning.it\/de\/canyoning-ligurien\/","name":"Canyoning Ligurien - Itaca Canyoning","isPartOf":{"@id":"https:\/\/italiancanyoning.it\/de\/#website"},"datePublished":"2022-01-08T23:45:12+00:00","dateModified":"2025-02-18T10:41:37+00:00","description":"Betreiben Sie mit uns Canyoning in Ligurien und entdecken Sie au\u00dfergew\u00f6hnliche Canyons mit unterschiedlichsten Charakteristika.","breadcrumb":{"@id":"https:\/\/italiancanyoning.it\/de\/canyoning-ligurien\/#breadcrumb"},"inLanguage":"de","potentialAction":[{"@type":"ReadAction","target":["https:\/\/italiancanyoning.it\/de\/canyoning-ligurien\/"]}]},{"@type":"BreadcrumbList","@id":"https:\/\/italiancanyoning.it\/de\/canyoning-ligurien\/#breadcrumb","itemListElement":[{"@type":"ListItem","position":1,"name":"Home","item":"https:\/\/italiancanyoning.it\/de\/"},{"@type":"ListItem","position":2,"name":"Canyoning Ligurien"}]},{"@type":"WebSite","@id":"https:\/\/italiancanyoning.it\/de\/#website","url":"https:\/\/italiancanyoning.it\/de\/","name":"Itaca - Italian Canyoning","description":"Scivola nell&#039;avventura, l&#039;esperienza del torrentismo ti aspetta!","potentialAction":[{"@type":"SearchAction","target":{"@type":"EntryPoint","urlTemplate":"https:\/\/italiancanyoning.it\/de\/?s={search_term_string}"},"query-input":{"@type":"PropertyValueSpecification","valueRequired":true,"valueName":"search_term_string"}}],"inLanguage":"de"}]}},"_links":{"self":[{"href":"https:\/\/italiancanyoning.it\/de\/wp-json\/wp\/v2\/pages\/7800","targetHints":{"allow":["GET"]}}],"collection":[{"href":"https:\/\/italiancanyoning.it\/de\/wp-json\/wp\/v2\/pages"}],"about":[{"href":"https:\/\/italiancanyoning.it\/de\/wp-json\/wp\/v2\/types\/page"}],"author":[{"embeddable":true,"href":"https:\/\/italiancanyoning.it\/de\/wp-json\/wp\/v2\/users\/3"}],"replies":[{"embeddable":true,"href":"https:\/\/italiancanyoning.it\/de\/wp-json\/wp\/v2\/comments?post=7800"}],"version-history":[{"count":12,"href":"https:\/\/italiancanyoning.it\/de\/wp-json\/wp\/v2\/pages\/7800\/revisions"}],"predecessor-version":[{"id":8113,"href":"https:\/\/italiancanyoning.it\/de\/wp-json\/wp\/v2\/pages\/7800\/revisions\/8113"}],"wp:attachment":[{"href":"https:\/\/italiancanyoning.it\/de\/wp-json\/wp\/v2\/media?parent=7800"}],"curies":[{"name":"wp","href":"https:\/\/api.w.org\/{rel}","templated":true}]}}