{"id":7836,"date":"2021-05-03T15:49:06","date_gmt":"2021-05-03T15:49:06","guid":{"rendered":"https:\/\/testsito.italiancanyoning.it\/canyoning-toskana\/"},"modified":"2025-02-18T10:40:50","modified_gmt":"2025-02-18T10:40:50","slug":"canyoning-toskana","status":"publish","type":"page","link":"https:\/\/italiancanyoning.it\/de\/canyoning-toskana\/","title":{"rendered":"Canyoning Toskana"},"content":{"rendered":"<div class=\"wpb-content-wrapper\"><p>[vc_row full_width=&#8220;stretch_row_content&#8220; css_animation=&#8220;fadeIn&#8220; css=&#8220;.vc_custom_1737479474428{background-image: url(https:\/\/italiancanyoning.it\/wp-content\/uploads\/2022\/03\/canyoning-in-toscana-firenze.jpg?id=1099) !important;background-position: center !important;background-repeat: no-repeat !important;background-size: cover !important;}&#8220;][vc_column][vc_custom_heading text=&#8220;Canyoning Toskana&#8220; font_container=&#8220;tag:h1|font_size:45|text_align:center|color:%23FFFFFF&#8220; use_theme_fonts=&#8220;yes&#8220; css=&#8220;.vc_custom_1737478871110{margin-top: 50px !important;margin-bottom: 50px !important;}&#8220;][\/vc_column][\/vc_row][vc_row css_animation=&#8220;fadeIn&#8220;][vc_column][vc_column_text css=&#8220;&#8220;]<strong>Canyoning in der Toskana<\/strong> ist eine andere M\u00f6glichkeit, eine der ber\u00fchmtesten italienischen Regionen der Welt zu entdecken.<\/p>\n<p>Die Kunstst\u00e4dte, die Landschaften und die K\u00fcche ziehen viele Touristen an.<\/p>\n<p>Auch die Natur tr\u00e4gt zur Sch\u00f6nheit der Toskana bei. Bei Canyoning-Begeisterten sind die <strong>Fl\u00fcsse <\/strong>viel weniger bekannt, sie bleiben in T\u00e4lern versteckt, <strong>die noch wenig bekannt und frequentiert sind<\/strong>.<\/p>\n<p>Von der schattigen und geheimnisvollen <strong>Garfagnana<\/strong> \u00fcber die steilen und wilden <strong>Apuanischen Alpen<\/strong> bis hin zu den ber\u00fchmten <strong>Florentiner H\u00fcgeln<\/strong> bieten wir Ihnen Abfahrten aller Art in den sch\u00f6nsten und unterhaltsamsten Wildb\u00e4chen.[\/vc_column_text][\/vc_column][\/vc_row][vc_row full_width=&#8220;stretch_row_content&#8220; parallax=&#8220;content-moving&#8220; parallax_image=&#8220;6438&#8243; parallax_speed_bg=&#8220;3.5&#8243; css_animation=&#8220;none&#8220; css=&#8220;.vc_custom_1738320302418{margin-right: 5% !important;margin-left: 5% !important;background-color: #CFB8B800 !important;}&#8220;][vc_column][vc_column_text css=&#8220;.vc_custom_1737479463264{margin-top: 30px !important;margin-right: 5% !important;margin-bottom: 60px !important;margin-left: 5% !important;padding-top: 10px !important;padding-right: 20px !important;padding-bottom: 10px !important;padding-left: 20px !important;background-color: #E5E3DC !important;}&#8220;]<\/p>\n<h2><strong>Canyoning<\/strong> <strong>in der Toskana \u2013 eine abenteuerliche Art, die Natur der Region zu entdecken<\/strong><\/h2>\n<p>Unweit ber\u00fchmter St\u00e4dte wie Florenz, Pisa und Lucca bietet Canyoning in der Toskana unterhaltsame und faszinierende Routen. Diese <strong>Canyoning-Routen in der Toskana<\/strong> bieten die M\u00f6glichkeit, unsere Region auf eine neue und unterhaltsame Art und Weise zu entdecken.[\/vc_column_text][\/vc_column][\/vc_row][vc_row css_animation=&#8220;none&#8220; css=&#8220;.vc_custom_1738320310536{margin-right: 3% !important;margin-left: 3% !important;}&#8220;][vc_column width=&#8220;1\/4&#8243;][vc_single_image image=&#8220;931&#8243; img_size=&#8220;600X600&#8243; alignment=&#8220;center&#8220; style=&#8220;vc_box_shadow_border&#8220; css=&#8220;&#8220;][\/vc_column][vc_column width=&#8220;3\/4&#8243;][vc_column_text css=&#8220;&#8220;]<\/p>\n<h3><a href=\"https:\/\/italiancanyoning.it\/nl\/rio-buti\/\"><strong><span style=\"color: #d1955e;\">Canyoning in der Toskana \u2013 Rio Buti: Ein verborgener Schatz<\/span><\/strong><\/a><\/h3>\n<p>Es ist eine \u00dcberraschung, den <a href=\"\/de\/canyoning-rio-buti\/\" target=\"_blank\" rel=\"noopener\">Rio Buti <\/a>nur wenige Kilometer von Florenz entfernt zu finden, versteckt in einer isolierten und d\u00fcnn besiedelten Bergregion namens Calvana. Dieser kleine und pr\u00e4chtige Bach bietet ein etwas anderes Canyoning-Erlebnis in der Toskana, das Ihrem Aufenthalt in Florenz das gewisse Etwas verleiht. Dieser Canyon ist ideal, um diese Aktivit\u00e4t mit der Familie kennenzulernen.[\/vc_column_text][\/vc_column][\/vc_row][vc_row css_animation=&#8220;none&#8220; css=&#8220;.vc_custom_1738320310536{margin-right: 3% !important;margin-left: 3% !important;}&#8220;][vc_column width=&#8220;1\/4&#8243;][vc_single_image image=&#8220;1110&#8243; img_size=&#8220;600X600&#8243; alignment=&#8220;center&#8220; style=&#8220;vc_box_shadow_border&#8220; css=&#8220;&#8220;][\/vc_column][vc_column width=&#8220;3\/4&#8243;][vc_column_text css=&#8220;&#8220;]<\/p>\n<h3><a href=\"https:\/\/italiancanyoning.it\/canyoning-rio-selvano-2\/\"><strong><span style=\"color: #d1955e;\">Canyoning Toskana \u2013 Rio Selvano: Spa\u00df in Garfagnana<\/span><\/strong><\/a><\/h3>\n<p>Wenn wir in die Provinz Lucca weiterziehen und die Garfagnana entlang des Serchio-Tals hinauffahren, finden wir den <a href=\"https:\/\/italiancanyoning.it\/canyoning-rio-selvano-2\/\" target=\"_blank\" rel=\"noopener\">Rio Selvano,<\/a> den sch\u00f6nsten und unterhaltsamsten Wildbach zum Canyoning in der Toskana. Eine abwechslungsreiche Route, die Spr\u00fcnge, Rutschen und Seilabfahrten in einer wundervollen Naturumgebung abwechselt.[\/vc_column_text][\/vc_column][\/vc_row][vc_row css_animation=&#8220;none&#8220; css=&#8220;.vc_custom_1738320310536{margin-right: 3% !important;margin-left: 3% !important;}&#8220;][vc_column width=&#8220;1\/4&#8243;][vc_single_image image=&#8220;3381&#8243; img_size=&#8220;600X600&#8243; alignment=&#8220;center&#8220; style=&#8220;vc_box_shadow_border&#8220; css=&#8220;&#8220;][\/vc_column][vc_column width=&#8220;3\/4&#8243;][vc_column_text css=&#8220;&#8220;]<\/p>\n<h3><a href=\"https:\/\/italiancanyoning.it\/en\/turrite-san-rocco\/\"><strong><span style=\"color: #d1955e;\">Canyoning Toskana \u2013 Turrite di San Rocco: Ein Abenteuer f\u00fcr jedermann<\/span><\/strong><\/a><\/h3>\n<p>Die \u00fcppigen W\u00e4lder dieses Tals verbergen einen weiteren interessanten Abstieg, den des <a href=\"https:\/\/italiancanyoning.it\/de\/dove-fare-canyoning-toscana\/turrite-san-rocco\/\" target=\"_blank\" rel=\"noopener\">Turrite di San Rocco<\/a>. Ein kleines Naturwunder, das wirklich f\u00fcr jeden geeignet ist, besonders f\u00fcr die Kleinen zu empfehlen. Zweist\u00fcndiger Wanderweg, auf dem Sie Canyoning in einer ruhigen und entspannenden Umgebung entdecken k\u00f6nnen.[\/vc_column_text][\/vc_column][\/vc_row][vc_row css_animation=&#8220;none&#8220; css=&#8220;.vc_custom_1738320310536{margin-right: 3% !important;margin-left: 3% !important;}&#8220;][vc_column width=&#8220;1\/4&#8243;][vc_single_image image=&#8220;6490&#8243; img_size=&#8220;600X600&#8243; alignment=&#8220;center&#8220; style=&#8220;vc_box_shadow_border&#8220; css=&#8220;&#8220;][\/vc_column][vc_column width=&#8220;3\/4&#8243;][vc_column_text css=&#8220;&#8220;]<\/p>\n<h3><a href=\"https:\/\/italiancanyoning.it\/nl\/torrente-serra\/\"><strong><span style=\"color: #d1955e;\">Canyoning in der Toskana \u2013 Torrente Serra: Ein einmaliges Erlebnis<\/span><\/strong><\/a><\/h3>\n<p>N\u00f6rdlich von Pisa, wenige Kilometer von den Str\u00e4nden der Versilia entfernt, in den T\u00e4lern unterhalb des Monte Altissimo, flie\u00dft der <a href=\"\/de\/torrente-serra\/\" target=\"_blank\" rel=\"noopener\">Torrente Serra<\/a> herab. An sch\u00f6nen Fr\u00fchlingstagen erm\u00f6glicht dieser Wildbach eine einfache und spa\u00dfige Abfahrt, die sich perfekt f\u00fcr einen Ausflug mit Freunden oder einen ausgefallenen Junggesellinnenabschied mit einer Fahrt auf der ber\u00fchmten 12-Meter-Rutsche eignet.[\/vc_column_text][\/vc_column][\/vc_row][vc_row][vc_column][vc_cta h2=&#8220;W\u00e4hlen Sie Ihren Torrent und buchen Sie jetzt!&#8220; h2_font_container=&#8220;tag:h4|font_size:40|text_align:left|color:%23105D8C&#8220; h2_google_fonts=&#8220;font_family:IM%20Fell%20DW%20Pica%3Aregular%2Citalic|font_style:400%20regular%3A400%3Anormal&#8220; add_button=&#8220;right&#8220; btn_title=&#8220;KONTAKTIEREN SIE UNS JETZT&#8220; btn_style=&#8220;custom&#8220; btn_custom_background=&#8220;#D1955E&#8220; btn_custom_text=&#8220;#FFFFFF&#8220; btn_size=&#8220;lg&#8220; css=&#8220;&#8220; use_custom_fonts_h2=&#8220;true&#8220; btn_link=&#8220;url:%2Fde%2Fcontatti-itaca-canyoning%2F|title:Kontakte&#8220;]Schreiben Sie uns und geben Sie an, an welchem \u200b\u200bTorrent Sie interessiert sind oder wenn Sie allgemeinere Informationen w\u00fcnschen.[\/vc_cta][\/vc_column][\/vc_row][vc_row css_animation=&#8220;none&#8220; css=&#8220;.vc_custom_1738320310536{margin-right: 3% !important;margin-left: 3% !important;}&#8220;][vc_column][vc_column_text css=&#8220;&#8220;]<\/p>\n<h3><strong>Andere zu erkundende Torrents<\/strong><\/h3>\n<p>Dar\u00fcber hinaus gibt es in der Toskana noch viele weitere B\u00e4che und Fl\u00fcsse, die einzigartige Canyoning-Erlebnisse bieten. Dazu geh\u00f6ren der Rio Maggiore in Fabbriche di Vallico, der herrliche Torrente Ania bei Barga und der Rio Prunaccio im Herzen der Apuanischen Alpen in der Gegend von Careggine. Diese Str\u00f6me bieten die Gelegenheit zu einer \u00fcberraschenden Reise durch die Elemente der Natur und lassen Sie die Toskana auf authentische und ungew\u00f6hnliche Weise erleben.[\/vc_column_text][\/vc_column][\/vc_row]<\/p>\n<\/div>","protected":false},"excerpt":{"rendered":"<p>[vc_row full_width=&#8220;stretch_row_content&#8220; css_animation=&#8220;fadeIn&#8220; css=&#8220;.vc_custom_1737479474428{background-image: url(https:\/\/italiancanyoning.it\/wp-content\/uploads\/2022\/03\/canyoning-in-toscana-firenze.jpg?id=1099) !important;background-position: center !important;background-repeat: no-repeat !important;background-size: [&hellip;]<\/p>\n","protected":false},"author":3,"featured_media":0,"parent":0,"menu_order":0,"comment_status":"closed","ping_status":"closed","template":"template-fullwidth-no-heading.php","meta":{"footnotes":""},"class_list":["post-7836","page","type-page","status-publish","hentry"],"yoast_head":"<!-- This site is optimized with the Yoast SEO plugin v26.4 - https:\/\/yoast.com\/wordpress\/plugins\/seo\/ -->\n<title>Canyoning Toskana - Itaca Canyoning<\/title>\n<meta name=\"description\" content=\"Von der geheimnisvollen Garfagnana \u00fcber die wilden Apuanischen Alpen bis hinauf zu den Florentiner H\u00fcgeln bieten wir Ihnen Abfahrten in den sch\u00f6nsten und unterhaltsamsten B\u00e4chen.\" \/>\n<meta name=\"robots\" content=\"index, follow, max-snippet:-1, max-image-preview:large, max-video-preview:-1\" \/>\n<link rel=\"canonical\" href=\"https:\/\/italiancanyoning.it\/de\/canyoning-toskana\/\" \/>\n<meta property=\"og:locale\" content=\"de_DE\" \/>\n<meta property=\"og:type\" content=\"article\" \/>\n<meta property=\"og:title\" content=\"Canyoning Toskana - Itaca Canyoning\" \/>\n<meta property=\"og:description\" content=\"Von der geheimnisvollen Garfagnana \u00fcber die wilden Apuanischen Alpen bis hinauf zu den Florentiner H\u00fcgeln bieten wir Ihnen Abfahrten in den sch\u00f6nsten und unterhaltsamsten B\u00e4chen.\" \/>\n<meta property=\"og:url\" content=\"https:\/\/italiancanyoning.it\/de\/canyoning-toskana\/\" \/>\n<meta property=\"og:site_name\" content=\"Itaca Canyoning\" \/>\n<meta property=\"article:publisher\" content=\"https:\/\/www.facebook.com\/itacanyoning\" \/>\n<meta property=\"article:modified_time\" content=\"2025-02-18T10:40:50+00:00\" \/>\n<meta name=\"twitter:card\" content=\"summary_large_image\" \/>\n<meta name=\"twitter:label1\" content=\"Gesch\u00e4tzte Lesezeit\" \/>\n\t<meta name=\"twitter:data1\" content=\"4\u00a0Minuten\" \/>\n<script type=\"application\/ld+json\" class=\"yoast-schema-graph\">{\"@context\":\"https:\/\/schema.org\",\"@graph\":[{\"@type\":\"WebPage\",\"@id\":\"https:\/\/italiancanyoning.it\/de\/canyoning-toskana\/\",\"url\":\"https:\/\/italiancanyoning.it\/de\/canyoning-toskana\/\",\"name\":\"Canyoning Toskana - Itaca Canyoning\",\"isPartOf\":{\"@id\":\"https:\/\/italiancanyoning.it\/de\/#website\"},\"datePublished\":\"2021-05-03T15:49:06+00:00\",\"dateModified\":\"2025-02-18T10:40:50+00:00\",\"description\":\"Von der geheimnisvollen Garfagnana \u00fcber die wilden Apuanischen Alpen bis hinauf zu den Florentiner H\u00fcgeln bieten wir Ihnen Abfahrten in den sch\u00f6nsten und unterhaltsamsten B\u00e4chen.\",\"breadcrumb\":{\"@id\":\"https:\/\/italiancanyoning.it\/de\/canyoning-toskana\/#breadcrumb\"},\"inLanguage\":\"de\",\"potentialAction\":[{\"@type\":\"ReadAction\",\"target\":[\"https:\/\/italiancanyoning.it\/de\/canyoning-toskana\/\"]}]},{\"@type\":\"BreadcrumbList\",\"@id\":\"https:\/\/italiancanyoning.it\/de\/canyoning-toskana\/#breadcrumb\",\"itemListElement\":[{\"@type\":\"ListItem\",\"position\":1,\"name\":\"Home\",\"item\":\"https:\/\/italiancanyoning.it\/de\/\"},{\"@type\":\"ListItem\",\"position\":2,\"name\":\"Canyoning Toskana\"}]},{\"@type\":\"WebSite\",\"@id\":\"https:\/\/italiancanyoning.it\/de\/#website\",\"url\":\"https:\/\/italiancanyoning.it\/de\/\",\"name\":\"Itaca - Italian Canyoning\",\"description\":\"Scivola nell&#039;avventura, l&#039;esperienza del torrentismo ti aspetta!\",\"potentialAction\":[{\"@type\":\"SearchAction\",\"target\":{\"@type\":\"EntryPoint\",\"urlTemplate\":\"https:\/\/italiancanyoning.it\/de\/?s={search_term_string}\"},\"query-input\":{\"@type\":\"PropertyValueSpecification\",\"valueRequired\":true,\"valueName\":\"search_term_string\"}}],\"inLanguage\":\"de\"}]}<\/script>\n<!-- \/ Yoast SEO plugin. -->","yoast_head_json":{"title":"Canyoning Toskana - Itaca Canyoning","description":"Von der geheimnisvollen Garfagnana \u00fcber die wilden Apuanischen Alpen bis hinauf zu den Florentiner H\u00fcgeln bieten wir Ihnen Abfahrten in den sch\u00f6nsten und unterhaltsamsten B\u00e4chen.","robots":{"index":"index","follow":"follow","max-snippet":"max-snippet:-1","max-image-preview":"max-image-preview:large","max-video-preview":"max-video-preview:-1"},"canonical":"https:\/\/italiancanyoning.it\/de\/canyoning-toskana\/","og_locale":"de_DE","og_type":"article","og_title":"Canyoning Toskana - Itaca Canyoning","og_description":"Von der geheimnisvollen Garfagnana \u00fcber die wilden Apuanischen Alpen bis hinauf zu den Florentiner H\u00fcgeln bieten wir Ihnen Abfahrten in den sch\u00f6nsten und unterhaltsamsten B\u00e4chen.","og_url":"https:\/\/italiancanyoning.it\/de\/canyoning-toskana\/","og_site_name":"Itaca Canyoning","article_publisher":"https:\/\/www.facebook.com\/itacanyoning","article_modified_time":"2025-02-18T10:40:50+00:00","twitter_card":"summary_large_image","twitter_misc":{"Gesch\u00e4tzte Lesezeit":"4\u00a0Minuten"},"schema":{"@context":"https:\/\/schema.org","@graph":[{"@type":"WebPage","@id":"https:\/\/italiancanyoning.it\/de\/canyoning-toskana\/","url":"https:\/\/italiancanyoning.it\/de\/canyoning-toskana\/","name":"Canyoning Toskana - Itaca Canyoning","isPartOf":{"@id":"https:\/\/italiancanyoning.it\/de\/#website"},"datePublished":"2021-05-03T15:49:06+00:00","dateModified":"2025-02-18T10:40:50+00:00","description":"Von der geheimnisvollen Garfagnana \u00fcber die wilden Apuanischen Alpen bis hinauf zu den Florentiner H\u00fcgeln bieten wir Ihnen Abfahrten in den sch\u00f6nsten und unterhaltsamsten B\u00e4chen.","breadcrumb":{"@id":"https:\/\/italiancanyoning.it\/de\/canyoning-toskana\/#breadcrumb"},"inLanguage":"de","potentialAction":[{"@type":"ReadAction","target":["https:\/\/italiancanyoning.it\/de\/canyoning-toskana\/"]}]},{"@type":"BreadcrumbList","@id":"https:\/\/italiancanyoning.it\/de\/canyoning-toskana\/#breadcrumb","itemListElement":[{"@type":"ListItem","position":1,"name":"Home","item":"https:\/\/italiancanyoning.it\/de\/"},{"@type":"ListItem","position":2,"name":"Canyoning Toskana"}]},{"@type":"WebSite","@id":"https:\/\/italiancanyoning.it\/de\/#website","url":"https:\/\/italiancanyoning.it\/de\/","name":"Itaca - Italian Canyoning","description":"Scivola nell&#039;avventura, l&#039;esperienza del torrentismo ti aspetta!","potentialAction":[{"@type":"SearchAction","target":{"@type":"EntryPoint","urlTemplate":"https:\/\/italiancanyoning.it\/de\/?s={search_term_string}"},"query-input":{"@type":"PropertyValueSpecification","valueRequired":true,"valueName":"search_term_string"}}],"inLanguage":"de"}]}},"_links":{"self":[{"href":"https:\/\/italiancanyoning.it\/de\/wp-json\/wp\/v2\/pages\/7836","targetHints":{"allow":["GET"]}}],"collection":[{"href":"https:\/\/italiancanyoning.it\/de\/wp-json\/wp\/v2\/pages"}],"about":[{"href":"https:\/\/italiancanyoning.it\/de\/wp-json\/wp\/v2\/types\/page"}],"author":[{"embeddable":true,"href":"https:\/\/italiancanyoning.it\/de\/wp-json\/wp\/v2\/users\/3"}],"replies":[{"embeddable":true,"href":"https:\/\/italiancanyoning.it\/de\/wp-json\/wp\/v2\/comments?post=7836"}],"version-history":[{"count":4,"href":"https:\/\/italiancanyoning.it\/de\/wp-json\/wp\/v2\/pages\/7836\/revisions"}],"predecessor-version":[{"id":8112,"href":"https:\/\/italiancanyoning.it\/de\/wp-json\/wp\/v2\/pages\/7836\/revisions\/8112"}],"wp:attachment":[{"href":"https:\/\/italiancanyoning.it\/de\/wp-json\/wp\/v2\/media?parent=7836"}],"curies":[{"name":"wp","href":"https:\/\/api.w.org\/{rel}","templated":true}]}}