{"id":7872,"date":"2021-03-20T18:49:53","date_gmt":"2021-03-20T18:49:53","guid":{"rendered":"https:\/\/testsito.italiancanyoning.it\/wer-wir-sind\/"},"modified":"2025-02-18T09:33:02","modified_gmt":"2025-02-18T09:33:02","slug":"wer-wir-sind","status":"publish","type":"page","link":"https:\/\/italiancanyoning.it\/de\/wer-wir-sind\/","title":{"rendered":"Wer wir sind"},"content":{"rendered":"<div class=\"wpb-content-wrapper\"><p>[vc_row full_width=&#8220;stretch_row_content&#8220; css_animation=&#8220;fadeIn&#8220; css=&#8220;.vc_custom_1737632569486{background-color: #A7BBBC !important;}&#8220;][vc_column width=&#8220;1\/2&#8243;][vc_single_image image=&#8220;1101&#8243; img_size=&#8220;full&#8220; alignment=&#8220;center&#8220; style=&#8220;vc_box_shadow_border&#8220; css=&#8220;&#8220;][\/vc_column][vc_column width=&#8220;1\/2&#8243;][vc_custom_heading text=&#8220;WER BEGLEITET SIE&#8220; font_container=&#8220;tag:h4|font_size:24|text_align:left|color:%23D1955E&#8220; use_theme_fonts=&#8220;yes&#8220; css=&#8220;&#8220;][vc_custom_heading text=&#8220;MARCO PELI&#8220; font_container=&#8220;tag:h2|font_size:60|text_align:left|color:%2326456A&#8220; use_theme_fonts=&#8220;yes&#8220; css=&#8220;&#8220;][vc_column_text css=&#8220;&#8220;]Ich lebe zwischen meiner Toskana und Frankreich und folge dem Rhythmus der Jahreszeiten.<\/p>\n<p>2011 habe ich die franz\u00f6sische Ausbildung, die umfassendste in Europa f\u00fcr Klettern und Canyoning, abgeschlossen.<\/p>\n<p>Ich bin tief in das Klettern verliebt und mein Leben dreht sich um diese Disziplin, die ich zu 100 % aus\u00fcbe. Mit einem B\u00fcro mit klaren Wasserstr\u00f6men und einer wundersch\u00f6nen Aussicht Es ist ein wahrgewordener Traum.<\/p>\n<p>Es wird mir eine Freude sein, Sie zu f\u00fchren und Sie zu meinen Lieblingsorten zu begleiten.[\/vc_column_text][\/vc_column][\/vc_row][vc_row full_width=&#8220;stretch_row_content&#8220; css_animation=&#8220;fadeIn&#8220; css=&#8220;.vc_custom_1738329786692{background-color: #FFFFFF !important;}&#8220;][vc_column width=&#8220;1\/2&#8243;][vc_custom_heading text=&#8220;WER BEGR\u00dcSST SIE&#8220; font_container=&#8220;tag:h4|font_size:24|text_align:left|color:%23D1955E&#8220; use_theme_fonts=&#8220;yes&#8220; css=&#8220;&#8220;][vc_custom_heading text=&#8220;FLAVIA LANFREDINI&#8220; font_container=&#8220;tag:h2|font_size:60|text_align:left|color:%2326456A&#8220; use_theme_fonts=&#8220;yes&#8220; css=&#8220;&#8220;][vc_column_text css=&#8220;&#8220;]Ich bin zwischen dem Meer und den Bergen der Versilia aufgewachsen und habe mich schon immer leidenschaftlich f\u00fcr die Natur, die Kunst und Outdoor-Sportarten interessiert.<\/p>\n<p>Mit Marco teilte ich das franz\u00f6sische Abenteuer, die Leidenschaft f\u00fcr adrenalingeladene Aktivit\u00e4ten und die st\u00e4ndige Entdeckung fabelhafter Orte.<\/p>\n<p>Die Erfahrungen, die ich gemacht habe und die Tatsache, dass ich in diesen spektakul\u00e4ren Umgebungen lebe, erm\u00f6glichen es mir, Sie optimal zu empfangen und Ihnen mit meinem Rat bei der Auswahl der idealen Route zu helfen.[\/vc_column_text][\/vc_column][vc_column width=&#8220;1\/2&#8243;][vc_single_image image=&#8220;2091&#8243; img_size=&#8220;full&#8220; alignment=&#8220;center&#8220; style=&#8220;vc_box_shadow_border&#8220; css=&#8220;&#8220;][\/vc_column][\/vc_row]<\/p>\n<\/div>","protected":false},"excerpt":{"rendered":"<p>[vc_row full_width=&#8220;stretch_row_content&#8220; css_animation=&#8220;fadeIn&#8220; css=&#8220;.vc_custom_1737632569486{background-color: #A7BBBC !important;}&#8220;][vc_column width=&#8220;1\/2&#8243;][vc_single_image image=&#8220;1101&#8243; img_size=&#8220;full&#8220; alignment=&#8220;center&#8220; [&hellip;]<\/p>\n","protected":false},"author":3,"featured_media":7881,"parent":0,"menu_order":0,"comment_status":"closed","ping_status":"closed","template":"template-fullwidth-no-heading.php","meta":{"footnotes":""},"class_list":["post-7872","page","type-page","status-publish","has-post-thumbnail","hentry"],"yoast_head":"<!-- This site is optimized with the Yoast SEO plugin v26.4 - https:\/\/yoast.com\/wordpress\/plugins\/seo\/ -->\n<title>Wer wir sind - Itaca Canyoning<\/title>\n<meta name=\"description\" content=\"Wir sind tief verliebt in das Klettern und Canyoning und unser Leben dreht sich um diese Disziplinen, die wir zu 100 % aus\u00fcben.\" \/>\n<meta name=\"robots\" content=\"index, follow, max-snippet:-1, max-image-preview:large, max-video-preview:-1\" \/>\n<link rel=\"canonical\" href=\"https:\/\/italiancanyoning.it\/de\/wer-wir-sind\/\" \/>\n<meta property=\"og:locale\" content=\"de_DE\" \/>\n<meta property=\"og:type\" content=\"article\" \/>\n<meta property=\"og:title\" content=\"Wer wir sind - Itaca Canyoning\" \/>\n<meta property=\"og:description\" content=\"Wir sind tief verliebt in das Klettern und Canyoning und unser Leben dreht sich um diese Disziplinen, die wir zu 100 % aus\u00fcben.\" \/>\n<meta property=\"og:url\" content=\"https:\/\/italiancanyoning.it\/de\/wer-wir-sind\/\" \/>\n<meta property=\"og:site_name\" content=\"Itaca Canyoning\" \/>\n<meta property=\"article:publisher\" content=\"https:\/\/www.facebook.com\/itacanyoning\" \/>\n<meta property=\"article:modified_time\" content=\"2025-02-18T09:33:02+00:00\" \/>\n<meta property=\"og:image\" content=\"https:\/\/italiancanyoning.it\/wp-content\/uploads\/2023\/03\/itaca-canyoning-in-toscana-rio-lerca-114_websize-1-scaled.jpg\" \/>\n\t<meta property=\"og:image:width\" content=\"1200\" \/>\n\t<meta property=\"og:image:height\" content=\"800\" \/>\n\t<meta property=\"og:image:type\" content=\"image\/jpeg\" \/>\n<meta name=\"twitter:card\" content=\"summary_large_image\" \/>\n<meta name=\"twitter:label1\" content=\"Gesch\u00e4tzte Lesezeit\" \/>\n\t<meta name=\"twitter:data1\" content=\"2\u00a0Minuten\" \/>\n<script type=\"application\/ld+json\" class=\"yoast-schema-graph\">{\"@context\":\"https:\/\/schema.org\",\"@graph\":[{\"@type\":\"WebPage\",\"@id\":\"https:\/\/italiancanyoning.it\/de\/wer-wir-sind\/\",\"url\":\"https:\/\/italiancanyoning.it\/de\/wer-wir-sind\/\",\"name\":\"Wer wir sind - Itaca Canyoning\",\"isPartOf\":{\"@id\":\"https:\/\/italiancanyoning.it\/de\/#website\"},\"primaryImageOfPage\":{\"@id\":\"https:\/\/italiancanyoning.it\/de\/wer-wir-sind\/#primaryimage\"},\"image\":{\"@id\":\"https:\/\/italiancanyoning.it\/de\/wer-wir-sind\/#primaryimage\"},\"thumbnailUrl\":\"https:\/\/italiancanyoning.it\/wp-content\/uploads\/2023\/03\/itaca-canyoning-in-toscana-rio-lerca-114_websize-1-scaled.jpg\",\"datePublished\":\"2021-03-20T18:49:53+00:00\",\"dateModified\":\"2025-02-18T09:33:02+00:00\",\"description\":\"Wir sind tief verliebt in das Klettern und Canyoning und unser Leben dreht sich um diese Disziplinen, die wir zu 100 % aus\u00fcben.\",\"breadcrumb\":{\"@id\":\"https:\/\/italiancanyoning.it\/de\/wer-wir-sind\/#breadcrumb\"},\"inLanguage\":\"de\",\"potentialAction\":[{\"@type\":\"ReadAction\",\"target\":[\"https:\/\/italiancanyoning.it\/de\/wer-wir-sind\/\"]}]},{\"@type\":\"ImageObject\",\"inLanguage\":\"de\",\"@id\":\"https:\/\/italiancanyoning.it\/de\/wer-wir-sind\/#primaryimage\",\"url\":\"https:\/\/italiancanyoning.it\/wp-content\/uploads\/2023\/03\/itaca-canyoning-in-toscana-rio-lerca-114_websize-1-scaled.jpg\",\"contentUrl\":\"https:\/\/italiancanyoning.it\/wp-content\/uploads\/2023\/03\/itaca-canyoning-in-toscana-rio-lerca-114_websize-1-scaled.jpg\",\"width\":1200,\"height\":800},{\"@type\":\"BreadcrumbList\",\"@id\":\"https:\/\/italiancanyoning.it\/de\/wer-wir-sind\/#breadcrumb\",\"itemListElement\":[{\"@type\":\"ListItem\",\"position\":1,\"name\":\"Home\",\"item\":\"https:\/\/italiancanyoning.it\/de\/\"},{\"@type\":\"ListItem\",\"position\":2,\"name\":\"Wer wir sind\"}]},{\"@type\":\"WebSite\",\"@id\":\"https:\/\/italiancanyoning.it\/de\/#website\",\"url\":\"https:\/\/italiancanyoning.it\/de\/\",\"name\":\"Itaca - Italian Canyoning\",\"description\":\"Scivola nell&#039;avventura, l&#039;esperienza del torrentismo ti aspetta!\",\"potentialAction\":[{\"@type\":\"SearchAction\",\"target\":{\"@type\":\"EntryPoint\",\"urlTemplate\":\"https:\/\/italiancanyoning.it\/de\/?s={search_term_string}\"},\"query-input\":{\"@type\":\"PropertyValueSpecification\",\"valueRequired\":true,\"valueName\":\"search_term_string\"}}],\"inLanguage\":\"de\"}]}<\/script>\n<!-- \/ Yoast SEO plugin. -->","yoast_head_json":{"title":"Wer wir sind - Itaca Canyoning","description":"Wir sind tief verliebt in das Klettern und Canyoning und unser Leben dreht sich um diese Disziplinen, die wir zu 100 % aus\u00fcben.","robots":{"index":"index","follow":"follow","max-snippet":"max-snippet:-1","max-image-preview":"max-image-preview:large","max-video-preview":"max-video-preview:-1"},"canonical":"https:\/\/italiancanyoning.it\/de\/wer-wir-sind\/","og_locale":"de_DE","og_type":"article","og_title":"Wer wir sind - Itaca Canyoning","og_description":"Wir sind tief verliebt in das Klettern und Canyoning und unser Leben dreht sich um diese Disziplinen, die wir zu 100 % aus\u00fcben.","og_url":"https:\/\/italiancanyoning.it\/de\/wer-wir-sind\/","og_site_name":"Itaca Canyoning","article_publisher":"https:\/\/www.facebook.com\/itacanyoning","article_modified_time":"2025-02-18T09:33:02+00:00","og_image":[{"width":1200,"height":800,"url":"https:\/\/italiancanyoning.it\/wp-content\/uploads\/2023\/03\/itaca-canyoning-in-toscana-rio-lerca-114_websize-1-scaled.jpg","type":"image\/jpeg"}],"twitter_card":"summary_large_image","twitter_misc":{"Gesch\u00e4tzte Lesezeit":"2\u00a0Minuten"},"schema":{"@context":"https:\/\/schema.org","@graph":[{"@type":"WebPage","@id":"https:\/\/italiancanyoning.it\/de\/wer-wir-sind\/","url":"https:\/\/italiancanyoning.it\/de\/wer-wir-sind\/","name":"Wer wir sind - Itaca Canyoning","isPartOf":{"@id":"https:\/\/italiancanyoning.it\/de\/#website"},"primaryImageOfPage":{"@id":"https:\/\/italiancanyoning.it\/de\/wer-wir-sind\/#primaryimage"},"image":{"@id":"https:\/\/italiancanyoning.it\/de\/wer-wir-sind\/#primaryimage"},"thumbnailUrl":"https:\/\/italiancanyoning.it\/wp-content\/uploads\/2023\/03\/itaca-canyoning-in-toscana-rio-lerca-114_websize-1-scaled.jpg","datePublished":"2021-03-20T18:49:53+00:00","dateModified":"2025-02-18T09:33:02+00:00","description":"Wir sind tief verliebt in das Klettern und Canyoning und unser Leben dreht sich um diese Disziplinen, die wir zu 100 % aus\u00fcben.","breadcrumb":{"@id":"https:\/\/italiancanyoning.it\/de\/wer-wir-sind\/#breadcrumb"},"inLanguage":"de","potentialAction":[{"@type":"ReadAction","target":["https:\/\/italiancanyoning.it\/de\/wer-wir-sind\/"]}]},{"@type":"ImageObject","inLanguage":"de","@id":"https:\/\/italiancanyoning.it\/de\/wer-wir-sind\/#primaryimage","url":"https:\/\/italiancanyoning.it\/wp-content\/uploads\/2023\/03\/itaca-canyoning-in-toscana-rio-lerca-114_websize-1-scaled.jpg","contentUrl":"https:\/\/italiancanyoning.it\/wp-content\/uploads\/2023\/03\/itaca-canyoning-in-toscana-rio-lerca-114_websize-1-scaled.jpg","width":1200,"height":800},{"@type":"BreadcrumbList","@id":"https:\/\/italiancanyoning.it\/de\/wer-wir-sind\/#breadcrumb","itemListElement":[{"@type":"ListItem","position":1,"name":"Home","item":"https:\/\/italiancanyoning.it\/de\/"},{"@type":"ListItem","position":2,"name":"Wer wir sind"}]},{"@type":"WebSite","@id":"https:\/\/italiancanyoning.it\/de\/#website","url":"https:\/\/italiancanyoning.it\/de\/","name":"Itaca - Italian Canyoning","description":"Scivola nell&#039;avventura, l&#039;esperienza del torrentismo ti aspetta!","potentialAction":[{"@type":"SearchAction","target":{"@type":"EntryPoint","urlTemplate":"https:\/\/italiancanyoning.it\/de\/?s={search_term_string}"},"query-input":{"@type":"PropertyValueSpecification","valueRequired":true,"valueName":"search_term_string"}}],"inLanguage":"de"}]}},"_links":{"self":[{"href":"https:\/\/italiancanyoning.it\/de\/wp-json\/wp\/v2\/pages\/7872","targetHints":{"allow":["GET"]}}],"collection":[{"href":"https:\/\/italiancanyoning.it\/de\/wp-json\/wp\/v2\/pages"}],"about":[{"href":"https:\/\/italiancanyoning.it\/de\/wp-json\/wp\/v2\/types\/page"}],"author":[{"embeddable":true,"href":"https:\/\/italiancanyoning.it\/de\/wp-json\/wp\/v2\/users\/3"}],"replies":[{"embeddable":true,"href":"https:\/\/italiancanyoning.it\/de\/wp-json\/wp\/v2\/comments?post=7872"}],"version-history":[{"count":3,"href":"https:\/\/italiancanyoning.it\/de\/wp-json\/wp\/v2\/pages\/7872\/revisions"}],"predecessor-version":[{"id":8030,"href":"https:\/\/italiancanyoning.it\/de\/wp-json\/wp\/v2\/pages\/7872\/revisions\/8030"}],"wp:featuredmedia":[{"embeddable":true,"href":"https:\/\/italiancanyoning.it\/de\/wp-json\/wp\/v2\/media\/7881"}],"wp:attachment":[{"href":"https:\/\/italiancanyoning.it\/de\/wp-json\/wp\/v2\/media?parent=7872"}],"curies":[{"name":"wp","href":"https:\/\/api.w.org\/{rel}","templated":true}]}}