{"id":7884,"date":"2021-03-20T21:53:25","date_gmt":"2021-03-20T21:53:25","guid":{"rendered":"https:\/\/testsito.italiancanyoning.it\/kontakte\/"},"modified":"2025-02-18T09:35:03","modified_gmt":"2025-02-18T09:35:03","slug":"kontakte","status":"publish","type":"page","link":"https:\/\/italiancanyoning.it\/de\/kontakte\/","title":{"rendered":"Kontakte"},"content":{"rendered":"<div class=\"wpb-content-wrapper\"><p>[vc_row full_width=&#8220;stretch_row_content_no_spaces&#8220; css_animation=&#8220;fadeIn&#8220;][vc_column width=&#8220;1\/2&#8243; css=&#8220;.vc_custom_1737646745001{background-image: url(https:\/\/italiancanyoning.it\/wp-content\/uploads\/2022\/03\/canyoning-in-toscana.jpg?id=1091) !important;background-position: center !important;background-repeat: no-repeat !important;background-size: cover !important;}&#8220; offset=&#8220;vc_hidden-xs&#8220;][vc_empty_space height=&#8220;700px&#8220;][\/vc_column][vc_column width=&#8220;1\/2&#8243; css=&#8220;.vc_custom_1737541948439{margin-right: 5% !important;margin-left: 5% !important;}&#8220;][vc_column_text css=&#8220;.vc_custom_1737648461545{margin-top: 50px !important;margin-right: 5% !important;}&#8220;]<\/p>\n<h2>Nehmen Sie Kontakt mit uns auf!<\/h2>\n<p>Z\u00d6GERN SIE NICHT, UNS BEI ZWEIFELN ODER F\u00dcR INFORMATIONEN ZU KONTAKTIEREN. WIR WERDEN SO SCHNELL WIE M\u00d6GLICH ANTWORTEN.<\/p>\n<h4>Tel: +39 328 4697777<\/h4>\n<h4>Email: <a href=\"mailto:info@italiancanyoning.it\">info@italiancanyoning.it<\/a><\/h4>\n<p>[\/vc_column_text][dhvc_form id=&#8220;7124&#8243;][\/vc_column][\/vc_row]<\/p>\n<\/div>","protected":false},"excerpt":{"rendered":"<p>[vc_row full_width=&#8220;stretch_row_content_no_spaces&#8220; css_animation=&#8220;fadeIn&#8220;][vc_column width=&#8220;1\/2&#8243; css=&#8220;.vc_custom_1737646745001{background-image: url(https:\/\/italiancanyoning.it\/wp-content\/uploads\/2022\/03\/canyoning-in-toscana.jpg?id=1091) !important;background-position: center !important;background-repeat: no-repeat [&hellip;]<\/p>\n","protected":false},"author":3,"featured_media":7888,"parent":0,"menu_order":0,"comment_status":"closed","ping_status":"closed","template":"template-fullwidth-no-heading.php","meta":{"footnotes":""},"class_list":["post-7884","page","type-page","status-publish","has-post-thumbnail","hentry"],"yoast_head":"<!-- This site is optimized with the Yoast SEO plugin v26.4 - https:\/\/yoast.com\/wordpress\/plugins\/seo\/ -->\n<title>Kontakte - Itaca Canyoning<\/title>\n<meta name=\"description\" content=\"Du willst Canyoning in der Toskana oder in Ligurien? Kontaktieren Sie uns bei Fragen oder f\u00fcr Informationen. Wir werden Ihnen so schnell wie m\u00f6glich antworten.\" \/>\n<meta name=\"robots\" content=\"index, follow, max-snippet:-1, max-image-preview:large, max-video-preview:-1\" \/>\n<link rel=\"canonical\" href=\"https:\/\/italiancanyoning.it\/de\/kontakte\/\" \/>\n<meta property=\"og:locale\" content=\"de_DE\" \/>\n<meta property=\"og:type\" content=\"article\" \/>\n<meta property=\"og:title\" content=\"Kontakte - Itaca Canyoning\" \/>\n<meta property=\"og:description\" content=\"Du willst Canyoning in der Toskana oder in Ligurien? Kontaktieren Sie uns bei Fragen oder f\u00fcr Informationen. Wir werden Ihnen so schnell wie m\u00f6glich antworten.\" \/>\n<meta property=\"og:url\" content=\"https:\/\/italiancanyoning.it\/de\/kontakte\/\" \/>\n<meta property=\"og:site_name\" content=\"Itaca Canyoning\" \/>\n<meta property=\"article:publisher\" content=\"https:\/\/www.facebook.com\/itacanyoning\" \/>\n<meta property=\"article:modified_time\" content=\"2025-02-18T09:35:03+00:00\" \/>\n<meta property=\"og:image\" content=\"https:\/\/italiancanyoning.it\/wp-content\/uploads\/2023\/03\/itaca-canyoning-in-toscana-rio-lerca-114_websize-scaled.jpg\" \/>\n\t<meta property=\"og:image:width\" content=\"1200\" \/>\n\t<meta property=\"og:image:height\" content=\"800\" \/>\n\t<meta property=\"og:image:type\" content=\"image\/jpeg\" \/>\n<meta name=\"twitter:card\" content=\"summary_large_image\" \/>\n<meta name=\"twitter:label1\" content=\"Gesch\u00e4tzte Lesezeit\" \/>\n\t<meta name=\"twitter:data1\" content=\"1\u00a0Minute\" \/>\n<script type=\"application\/ld+json\" class=\"yoast-schema-graph\">{\"@context\":\"https:\/\/schema.org\",\"@graph\":[{\"@type\":\"WebPage\",\"@id\":\"https:\/\/italiancanyoning.it\/de\/kontakte\/\",\"url\":\"https:\/\/italiancanyoning.it\/de\/kontakte\/\",\"name\":\"Kontakte - Itaca Canyoning\",\"isPartOf\":{\"@id\":\"https:\/\/italiancanyoning.it\/de\/#website\"},\"primaryImageOfPage\":{\"@id\":\"https:\/\/italiancanyoning.it\/de\/kontakte\/#primaryimage\"},\"image\":{\"@id\":\"https:\/\/italiancanyoning.it\/de\/kontakte\/#primaryimage\"},\"thumbnailUrl\":\"https:\/\/italiancanyoning.it\/wp-content\/uploads\/2023\/03\/itaca-canyoning-in-toscana-rio-lerca-114_websize-scaled.jpg\",\"datePublished\":\"2021-03-20T21:53:25+00:00\",\"dateModified\":\"2025-02-18T09:35:03+00:00\",\"description\":\"Du willst Canyoning in der Toskana oder in Ligurien? Kontaktieren Sie uns bei Fragen oder f\u00fcr Informationen. Wir werden Ihnen so schnell wie m\u00f6glich antworten.\",\"breadcrumb\":{\"@id\":\"https:\/\/italiancanyoning.it\/de\/kontakte\/#breadcrumb\"},\"inLanguage\":\"de\",\"potentialAction\":[{\"@type\":\"ReadAction\",\"target\":[\"https:\/\/italiancanyoning.it\/de\/kontakte\/\"]}]},{\"@type\":\"ImageObject\",\"inLanguage\":\"de\",\"@id\":\"https:\/\/italiancanyoning.it\/de\/kontakte\/#primaryimage\",\"url\":\"https:\/\/italiancanyoning.it\/wp-content\/uploads\/2023\/03\/itaca-canyoning-in-toscana-rio-lerca-114_websize-scaled.jpg\",\"contentUrl\":\"https:\/\/italiancanyoning.it\/wp-content\/uploads\/2023\/03\/itaca-canyoning-in-toscana-rio-lerca-114_websize-scaled.jpg\",\"width\":1200,\"height\":800},{\"@type\":\"BreadcrumbList\",\"@id\":\"https:\/\/italiancanyoning.it\/de\/kontakte\/#breadcrumb\",\"itemListElement\":[{\"@type\":\"ListItem\",\"position\":1,\"name\":\"Home\",\"item\":\"https:\/\/italiancanyoning.it\/de\/\"},{\"@type\":\"ListItem\",\"position\":2,\"name\":\"Kontakte\"}]},{\"@type\":\"WebSite\",\"@id\":\"https:\/\/italiancanyoning.it\/de\/#website\",\"url\":\"https:\/\/italiancanyoning.it\/de\/\",\"name\":\"Itaca - Italian Canyoning\",\"description\":\"Scivola nell&#039;avventura, l&#039;esperienza del torrentismo ti aspetta!\",\"potentialAction\":[{\"@type\":\"SearchAction\",\"target\":{\"@type\":\"EntryPoint\",\"urlTemplate\":\"https:\/\/italiancanyoning.it\/de\/?s={search_term_string}\"},\"query-input\":{\"@type\":\"PropertyValueSpecification\",\"valueRequired\":true,\"valueName\":\"search_term_string\"}}],\"inLanguage\":\"de\"}]}<\/script>\n<!-- \/ Yoast SEO plugin. -->","yoast_head_json":{"title":"Kontakte - Itaca Canyoning","description":"Du willst Canyoning in der Toskana oder in Ligurien? Kontaktieren Sie uns bei Fragen oder f\u00fcr Informationen. Wir werden Ihnen so schnell wie m\u00f6glich antworten.","robots":{"index":"index","follow":"follow","max-snippet":"max-snippet:-1","max-image-preview":"max-image-preview:large","max-video-preview":"max-video-preview:-1"},"canonical":"https:\/\/italiancanyoning.it\/de\/kontakte\/","og_locale":"de_DE","og_type":"article","og_title":"Kontakte - Itaca Canyoning","og_description":"Du willst Canyoning in der Toskana oder in Ligurien? Kontaktieren Sie uns bei Fragen oder f\u00fcr Informationen. Wir werden Ihnen so schnell wie m\u00f6glich antworten.","og_url":"https:\/\/italiancanyoning.it\/de\/kontakte\/","og_site_name":"Itaca Canyoning","article_publisher":"https:\/\/www.facebook.com\/itacanyoning","article_modified_time":"2025-02-18T09:35:03+00:00","og_image":[{"width":1200,"height":800,"url":"https:\/\/italiancanyoning.it\/wp-content\/uploads\/2023\/03\/itaca-canyoning-in-toscana-rio-lerca-114_websize-scaled.jpg","type":"image\/jpeg"}],"twitter_card":"summary_large_image","twitter_misc":{"Gesch\u00e4tzte Lesezeit":"1\u00a0Minute"},"schema":{"@context":"https:\/\/schema.org","@graph":[{"@type":"WebPage","@id":"https:\/\/italiancanyoning.it\/de\/kontakte\/","url":"https:\/\/italiancanyoning.it\/de\/kontakte\/","name":"Kontakte - Itaca Canyoning","isPartOf":{"@id":"https:\/\/italiancanyoning.it\/de\/#website"},"primaryImageOfPage":{"@id":"https:\/\/italiancanyoning.it\/de\/kontakte\/#primaryimage"},"image":{"@id":"https:\/\/italiancanyoning.it\/de\/kontakte\/#primaryimage"},"thumbnailUrl":"https:\/\/italiancanyoning.it\/wp-content\/uploads\/2023\/03\/itaca-canyoning-in-toscana-rio-lerca-114_websize-scaled.jpg","datePublished":"2021-03-20T21:53:25+00:00","dateModified":"2025-02-18T09:35:03+00:00","description":"Du willst Canyoning in der Toskana oder in Ligurien? Kontaktieren Sie uns bei Fragen oder f\u00fcr Informationen. Wir werden Ihnen so schnell wie m\u00f6glich antworten.","breadcrumb":{"@id":"https:\/\/italiancanyoning.it\/de\/kontakte\/#breadcrumb"},"inLanguage":"de","potentialAction":[{"@type":"ReadAction","target":["https:\/\/italiancanyoning.it\/de\/kontakte\/"]}]},{"@type":"ImageObject","inLanguage":"de","@id":"https:\/\/italiancanyoning.it\/de\/kontakte\/#primaryimage","url":"https:\/\/italiancanyoning.it\/wp-content\/uploads\/2023\/03\/itaca-canyoning-in-toscana-rio-lerca-114_websize-scaled.jpg","contentUrl":"https:\/\/italiancanyoning.it\/wp-content\/uploads\/2023\/03\/itaca-canyoning-in-toscana-rio-lerca-114_websize-scaled.jpg","width":1200,"height":800},{"@type":"BreadcrumbList","@id":"https:\/\/italiancanyoning.it\/de\/kontakte\/#breadcrumb","itemListElement":[{"@type":"ListItem","position":1,"name":"Home","item":"https:\/\/italiancanyoning.it\/de\/"},{"@type":"ListItem","position":2,"name":"Kontakte"}]},{"@type":"WebSite","@id":"https:\/\/italiancanyoning.it\/de\/#website","url":"https:\/\/italiancanyoning.it\/de\/","name":"Itaca - Italian Canyoning","description":"Scivola nell&#039;avventura, l&#039;esperienza del torrentismo ti aspetta!","potentialAction":[{"@type":"SearchAction","target":{"@type":"EntryPoint","urlTemplate":"https:\/\/italiancanyoning.it\/de\/?s={search_term_string}"},"query-input":{"@type":"PropertyValueSpecification","valueRequired":true,"valueName":"search_term_string"}}],"inLanguage":"de"}]}},"_links":{"self":[{"href":"https:\/\/italiancanyoning.it\/de\/wp-json\/wp\/v2\/pages\/7884","targetHints":{"allow":["GET"]}}],"collection":[{"href":"https:\/\/italiancanyoning.it\/de\/wp-json\/wp\/v2\/pages"}],"about":[{"href":"https:\/\/italiancanyoning.it\/de\/wp-json\/wp\/v2\/types\/page"}],"author":[{"embeddable":true,"href":"https:\/\/italiancanyoning.it\/de\/wp-json\/wp\/v2\/users\/3"}],"replies":[{"embeddable":true,"href":"https:\/\/italiancanyoning.it\/de\/wp-json\/wp\/v2\/comments?post=7884"}],"version-history":[{"count":2,"href":"https:\/\/italiancanyoning.it\/de\/wp-json\/wp\/v2\/pages\/7884\/revisions"}],"predecessor-version":[{"id":7890,"href":"https:\/\/italiancanyoning.it\/de\/wp-json\/wp\/v2\/pages\/7884\/revisions\/7890"}],"wp:featuredmedia":[{"embeddable":true,"href":"https:\/\/italiancanyoning.it\/de\/wp-json\/wp\/v2\/media\/7888"}],"wp:attachment":[{"href":"https:\/\/italiancanyoning.it\/de\/wp-json\/wp\/v2\/media?parent=7884"}],"curies":[{"name":"wp","href":"https:\/\/api.w.org\/{rel}","templated":true}]}}