{"id":7903,"date":"2021-03-20T21:57:25","date_gmt":"2021-03-20T21:57:25","guid":{"rendered":"https:\/\/testsito.italiancanyoning.it\/geschenkidee\/"},"modified":"2025-02-18T09:26:32","modified_gmt":"2025-02-18T09:26:32","slug":"geschenkidee","status":"publish","type":"page","link":"https:\/\/italiancanyoning.it\/de\/geschenkidee\/","title":{"rendered":"Geschenkidee"},"content":{"rendered":"<div class=\"wpb-content-wrapper\"><p>[vc_row full_width=&#8220;stretch_row_content&#8220; css_animation=&#8220;fadeIn&#8220; css=&#8220;.vc_custom_1737634045367{background-color: #FFFFFF !important;}&#8220;][vc_column width=&#8220;1\/2&#8243;][vc_custom_heading text=&#8220;Schenken Sie Abenteuer!&#8220; font_container=&#8220;tag:h4|font_size:36|text_align:left|color:%23D1955E&#8220; use_theme_fonts=&#8220;yes&#8220; css=&#8220;&#8220;][vc_custom_heading text=&#8220;KAUFEN SIE EINEN GUTSCHEIN F\u00dcR EINE REISEROUTE AUF UNSEREN WUNDERSCH\u00d6NEN FL\u00dcSSEN!&#8220; font_container=&#8220;tag:h2|font_size:45|text_align:left|color:%2326456A&#8220; use_theme_fonts=&#8220;yes&#8220; css=&#8220;&#8220;][\/vc_column][vc_column width=&#8220;1\/2&#8243;][vc_single_image image=&#8220;2067&#8243; img_size=&#8220;800&#215;400&#8243; alignment=&#8220;center&#8220; style=&#8220;vc_box_shadow_border&#8220; css=&#8220;&#8220;][\/vc_column][\/vc_row][vc_row full_width=&#8220;stretch_row_content&#8220; css_animation=&#8220;fadeIn&#8220; css=&#8220;.vc_custom_1738329737571{padding-top: 30px !important;background: #F3E8D7 url(https:\/\/italiancanyoning.it\/wp-content\/uploads\/2023\/10\/Texture-1-1bianca.svg?id=3605) !important;background-position: center !important;background-repeat: no-repeat !important;background-size: cover !important;}&#8220;][vc_column width=&#8220;1\/3&#8243;][vc_single_image image=&#8220;1111&#8243; img_size=&#8220;600&#215;300&#8243; alignment=&#8220;center&#8220; style=&#8220;vc_box_shadow_border&#8220; css=&#8220;&#8220;][vc_column_text css=&#8220;&#8220;]<\/p>\n<div class=\"elementor-element elementor-element-93cf92e e-flex e-con-boxed e-con e-child\" data-id=\"93cf92e\" data-element_type=\"container\" data-settings=\"{\">\n<div class=\"e-con-inner\">\n<h3><span style=\"color: #26456a;\">01<\/span><\/h3>\n<h3>Canyoning surprise<\/h3>\n<p>Eine witzige Idee, die sich von den \u00fcblichen Geschenken abhebt. Einen Tag Canyoning zu verschenken bedeutet, ein einmaliges Erlebnis zu bieten: eine Aktivit\u00e4t, bei der sich die Freude an der Entdeckung der Natur mit einem adrenalingeladenen und aufregenden Sport verbindet.<\/p>\n<\/div>\n<\/div>\n<p>[\/vc_column_text][\/vc_column][vc_column width=&#8220;1\/3&#8243;][vc_single_image image=&#8220;1109&#8243; img_size=&#8220;600&#215;300&#8243; alignment=&#8220;center&#8220; style=&#8220;vc_box_shadow_border&#8220; css=&#8220;&#8220;][vc_column_text css=&#8220;&#8220;]<\/p>\n<div class=\"elementor-element elementor-element-93cf92e e-flex e-con-boxed e-con e-child\" data-id=\"93cf92e\" data-element_type=\"container\" data-settings=\"{\">\n<div class=\"e-con-inner\">\n<h3><span style=\"color: #26456a;\">02<\/span><\/h3>\n<h3>Canyoning in love<\/h3>\n<p>Schenken Sie Ihrem Partner einen Tag Canyoning, um gemeinsam ein Abenteuer zu erleben. Eine unterhaltsame und sportliche Aktivit\u00e4t, bei der Sie au\u00dfergew\u00f6hnliche und noch wenig besuchte Naturlandschaften entdecken.<\/p>\n<\/div>\n<\/div>\n<p>[\/vc_column_text][\/vc_column][vc_column width=&#8220;1\/3&#8243;][vc_single_image image=&#8220;1091&#8243; img_size=&#8220;600&#215;300&#8243; alignment=&#8220;center&#8220; style=&#8220;vc_box_shadow_border&#8220; css=&#8220;&#8220;][vc_column_text css=&#8220;&#8220;]<\/p>\n<div class=\"elementor-element elementor-element-93cf92e e-flex e-con-boxed e-con e-child\" data-id=\"93cf92e\" data-element_type=\"container\" data-settings=\"{\">\n<div class=\"e-con-inner\">\n<h3><span style=\"color: #26456a;\">03<\/span><\/h3>\n<h3>Canyoning priv\u00e9<\/h3>\n<p>Passa una bella giornata con le persone che preferisci in mezzo alla natura! Attivit\u00e0 perfetta per un addio al celibato\/nubilato, per un\u2019uscita in famiglia o tra amici. Puoi scegliere di riservare la guida per il tuo gruppo e rendere l\u2019esperienza ancora pi\u00f9 unica.<\/p>\n<\/div>\n<\/div>\n<p>[\/vc_column_text][\/vc_column][\/vc_row][vc_row full_width=&#8220;stretch_row_content_no_spaces&#8220; css_animation=&#8220;none&#8220;][vc_column width=&#8220;1\/2&#8243; css=&#8220;.vc_custom_1737540970169{background-image: url(https:\/\/italiancanyoning.it\/wp-content\/uploads\/2022\/01\/canyoning-rio-selvano-15_websize.jpg?id=935) !important;background-position: center !important;background-repeat: no-repeat !important;background-size: cover !important;}&#8220;][vc_empty_space height=&#8220;700px&#8220;][\/vc_column][vc_column width=&#8220;1\/2&#8243; css=&#8220;.vc_custom_1737541948439{margin-right: 5% !important;margin-left: 5% !important;}&#8220;][vc_column_text css=&#8220;.vc_custom_1737648033099{margin-right: 5% !important;}&#8220;]<\/p>\n<h2>Nehmen Sie Kontakt mit uns auf!<\/h2>\n<p>Z\u00d6GERN SIE NICHT, UNS BEI ZWEIFELN ODER F\u00dcR INFORMATIONEN ZU KONTAKTIEREN. WIR WERDEN SO SCHNELL WIE M\u00d6GLICH ANTWORTEN.<\/p>\n<h4>Tel: +39 328 4697777<\/h4>\n<h4>Email: <a href=\"mailto:info@italiancanyoning.it\">info@italiancanyoning.it<\/a><\/h4>\n<p>[\/vc_column_text][dhvc_form id=&#8220;7124&#8243;][\/vc_column][\/vc_row]<\/p>\n<\/div>","protected":false},"excerpt":{"rendered":"<p>[vc_row full_width=&#8220;stretch_row_content&#8220; css_animation=&#8220;fadeIn&#8220; css=&#8220;.vc_custom_1737634045367{background-color: #FFFFFF !important;}&#8220;][vc_column width=&#8220;1\/2&#8243;][vc_custom_heading text=&#8220;Schenken Sie Abenteuer!&#8220; [&hellip;]<\/p>\n","protected":false},"author":3,"featured_media":0,"parent":0,"menu_order":0,"comment_status":"closed","ping_status":"closed","template":"template-fullwidth-no-heading.php","meta":{"footnotes":""},"class_list":["post-7903","page","type-page","status-publish","hentry"],"yoast_head":"<!-- This site is optimized with the Yoast SEO plugin v26.4 - https:\/\/yoast.com\/wordpress\/plugins\/seo\/ -->\n<title>Geschenkidee - Itaca Canyoning<\/title>\n<meta name=\"description\" content=\"Eine witzige Idee, die sich von den \u00fcblichen Geschenken abhebt. Einen Tag Canyoning zu verschenken bedeutet ein einmaliges Erlebnis zu bieten\" \/>\n<meta name=\"robots\" content=\"index, follow, max-snippet:-1, max-image-preview:large, max-video-preview:-1\" \/>\n<link rel=\"canonical\" href=\"https:\/\/italiancanyoning.it\/de\/geschenkidee\/\" \/>\n<meta property=\"og:locale\" content=\"de_DE\" \/>\n<meta property=\"og:type\" content=\"article\" \/>\n<meta property=\"og:title\" content=\"Geschenkidee - Itaca Canyoning\" \/>\n<meta property=\"og:description\" content=\"Eine witzige Idee, die sich von den \u00fcblichen Geschenken abhebt. Einen Tag Canyoning zu verschenken bedeutet ein einmaliges Erlebnis zu bieten\" \/>\n<meta property=\"og:url\" content=\"https:\/\/italiancanyoning.it\/de\/geschenkidee\/\" \/>\n<meta property=\"og:site_name\" content=\"Itaca Canyoning\" \/>\n<meta property=\"article:publisher\" content=\"https:\/\/www.facebook.com\/itacanyoning\" \/>\n<meta property=\"article:modified_time\" content=\"2025-02-18T09:26:32+00:00\" \/>\n<meta name=\"twitter:card\" content=\"summary_large_image\" \/>\n<meta name=\"twitter:label1\" content=\"Gesch\u00e4tzte Lesezeit\" \/>\n\t<meta name=\"twitter:data1\" content=\"2\u00a0Minuten\" \/>\n<script type=\"application\/ld+json\" class=\"yoast-schema-graph\">{\"@context\":\"https:\/\/schema.org\",\"@graph\":[{\"@type\":\"WebPage\",\"@id\":\"https:\/\/italiancanyoning.it\/de\/geschenkidee\/\",\"url\":\"https:\/\/italiancanyoning.it\/de\/geschenkidee\/\",\"name\":\"Geschenkidee - Itaca Canyoning\",\"isPartOf\":{\"@id\":\"https:\/\/italiancanyoning.it\/de\/#website\"},\"datePublished\":\"2021-03-20T21:57:25+00:00\",\"dateModified\":\"2025-02-18T09:26:32+00:00\",\"description\":\"Eine witzige Idee, die sich von den \u00fcblichen Geschenken abhebt. Einen Tag Canyoning zu verschenken bedeutet ein einmaliges Erlebnis zu bieten\",\"breadcrumb\":{\"@id\":\"https:\/\/italiancanyoning.it\/de\/geschenkidee\/#breadcrumb\"},\"inLanguage\":\"de\",\"potentialAction\":[{\"@type\":\"ReadAction\",\"target\":[\"https:\/\/italiancanyoning.it\/de\/geschenkidee\/\"]}]},{\"@type\":\"BreadcrumbList\",\"@id\":\"https:\/\/italiancanyoning.it\/de\/geschenkidee\/#breadcrumb\",\"itemListElement\":[{\"@type\":\"ListItem\",\"position\":1,\"name\":\"Home\",\"item\":\"https:\/\/italiancanyoning.it\/de\/\"},{\"@type\":\"ListItem\",\"position\":2,\"name\":\"Geschenkidee\"}]},{\"@type\":\"WebSite\",\"@id\":\"https:\/\/italiancanyoning.it\/de\/#website\",\"url\":\"https:\/\/italiancanyoning.it\/de\/\",\"name\":\"Itaca - Italian Canyoning\",\"description\":\"Scivola nell&#039;avventura, l&#039;esperienza del torrentismo ti aspetta!\",\"potentialAction\":[{\"@type\":\"SearchAction\",\"target\":{\"@type\":\"EntryPoint\",\"urlTemplate\":\"https:\/\/italiancanyoning.it\/de\/?s={search_term_string}\"},\"query-input\":{\"@type\":\"PropertyValueSpecification\",\"valueRequired\":true,\"valueName\":\"search_term_string\"}}],\"inLanguage\":\"de\"}]}<\/script>\n<!-- \/ Yoast SEO plugin. -->","yoast_head_json":{"title":"Geschenkidee - Itaca Canyoning","description":"Eine witzige Idee, die sich von den \u00fcblichen Geschenken abhebt. Einen Tag Canyoning zu verschenken bedeutet ein einmaliges Erlebnis zu bieten","robots":{"index":"index","follow":"follow","max-snippet":"max-snippet:-1","max-image-preview":"max-image-preview:large","max-video-preview":"max-video-preview:-1"},"canonical":"https:\/\/italiancanyoning.it\/de\/geschenkidee\/","og_locale":"de_DE","og_type":"article","og_title":"Geschenkidee - Itaca Canyoning","og_description":"Eine witzige Idee, die sich von den \u00fcblichen Geschenken abhebt. Einen Tag Canyoning zu verschenken bedeutet ein einmaliges Erlebnis zu bieten","og_url":"https:\/\/italiancanyoning.it\/de\/geschenkidee\/","og_site_name":"Itaca Canyoning","article_publisher":"https:\/\/www.facebook.com\/itacanyoning","article_modified_time":"2025-02-18T09:26:32+00:00","twitter_card":"summary_large_image","twitter_misc":{"Gesch\u00e4tzte Lesezeit":"2\u00a0Minuten"},"schema":{"@context":"https:\/\/schema.org","@graph":[{"@type":"WebPage","@id":"https:\/\/italiancanyoning.it\/de\/geschenkidee\/","url":"https:\/\/italiancanyoning.it\/de\/geschenkidee\/","name":"Geschenkidee - Itaca Canyoning","isPartOf":{"@id":"https:\/\/italiancanyoning.it\/de\/#website"},"datePublished":"2021-03-20T21:57:25+00:00","dateModified":"2025-02-18T09:26:32+00:00","description":"Eine witzige Idee, die sich von den \u00fcblichen Geschenken abhebt. Einen Tag Canyoning zu verschenken bedeutet ein einmaliges Erlebnis zu bieten","breadcrumb":{"@id":"https:\/\/italiancanyoning.it\/de\/geschenkidee\/#breadcrumb"},"inLanguage":"de","potentialAction":[{"@type":"ReadAction","target":["https:\/\/italiancanyoning.it\/de\/geschenkidee\/"]}]},{"@type":"BreadcrumbList","@id":"https:\/\/italiancanyoning.it\/de\/geschenkidee\/#breadcrumb","itemListElement":[{"@type":"ListItem","position":1,"name":"Home","item":"https:\/\/italiancanyoning.it\/de\/"},{"@type":"ListItem","position":2,"name":"Geschenkidee"}]},{"@type":"WebSite","@id":"https:\/\/italiancanyoning.it\/de\/#website","url":"https:\/\/italiancanyoning.it\/de\/","name":"Itaca - Italian Canyoning","description":"Scivola nell&#039;avventura, l&#039;esperienza del torrentismo ti aspetta!","potentialAction":[{"@type":"SearchAction","target":{"@type":"EntryPoint","urlTemplate":"https:\/\/italiancanyoning.it\/de\/?s={search_term_string}"},"query-input":{"@type":"PropertyValueSpecification","valueRequired":true,"valueName":"search_term_string"}}],"inLanguage":"de"}]}},"_links":{"self":[{"href":"https:\/\/italiancanyoning.it\/de\/wp-json\/wp\/v2\/pages\/7903","targetHints":{"allow":["GET"]}}],"collection":[{"href":"https:\/\/italiancanyoning.it\/de\/wp-json\/wp\/v2\/pages"}],"about":[{"href":"https:\/\/italiancanyoning.it\/de\/wp-json\/wp\/v2\/types\/page"}],"author":[{"embeddable":true,"href":"https:\/\/italiancanyoning.it\/de\/wp-json\/wp\/v2\/users\/3"}],"replies":[{"embeddable":true,"href":"https:\/\/italiancanyoning.it\/de\/wp-json\/wp\/v2\/comments?post=7903"}],"version-history":[{"count":3,"href":"https:\/\/italiancanyoning.it\/de\/wp-json\/wp\/v2\/pages\/7903\/revisions"}],"predecessor-version":[{"id":8029,"href":"https:\/\/italiancanyoning.it\/de\/wp-json\/wp\/v2\/pages\/7903\/revisions\/8029"}],"wp:attachment":[{"href":"https:\/\/italiancanyoning.it\/de\/wp-json\/wp\/v2\/media?parent=7903"}],"curies":[{"name":"wp","href":"https:\/\/api.w.org\/{rel}","templated":true}]}}