{"id":8036,"date":"2021-04-21T08:53:30","date_gmt":"2021-04-21T08:53:30","guid":{"rendered":"https:\/\/italiancanyoning.it\/?page_id=8036"},"modified":"2025-02-18T09:52:40","modified_gmt":"2025-02-18T09:52:40","slug":"information","status":"publish","type":"page","link":"https:\/\/italiancanyoning.it\/de\/information\/","title":{"rendered":"Information"},"content":{"rendered":"<div class=\"wpb-content-wrapper\"><p>[vc_row full_width=&#8220;stretch_row_content&#8220; css_animation=&#8220;fadeIn&#8220; css=&#8220;.vc_custom_1738329662073{background: #A7BBBC url(https:\/\/italiancanyoning.it\/wp-content\/uploads\/2021\/03\/Texture-1-1.svg?id=437) !important;background-position: center !important;background-repeat: no-repeat !important;background-size: cover !important;border-color: #A7BBBC00 !important;}&#8220;][vc_column width=&#8220;3\/4&#8243;][vc_custom_heading text=&#8220;Bei der Buchung w\u00e4hlen wir gemeinsam die f\u00fcr Sie am besten geeignete Route aus&#8220; font_container=&#8220;tag:h2|font_size:40|text_align:left|color:%23FFFFFF&#8220; use_theme_fonts=&#8220;yes&#8220; css=&#8220;.vc_custom_1739872182141{margin-right: 3% !important;margin-bottom: 50px !important;margin-left: 3% !important;}&#8220;][\/vc_column][vc_column width=&#8220;1\/4&#8243;][\/vc_column][\/vc_row][vc_row full_width=&#8220;stretch_row_content_no_spaces&#8220; parallax=&#8220;content-moving&#8220; parallax_image=&#8220;1099&#8243; parallax_speed_bg=&#8220;3.5&#8243; css_animation=&#8220;fadeIn&#8220; css=&#8220;.vc_custom_1738329669832{background-position: center;background-repeat: no-repeat !important;background-size: cover !important;}&#8220; el_class=&#8220;sopra&#8220;][vc_column][vc_row_inner css=&#8220;.vc_custom_1737476816120{margin-right: 5% !important;margin-left: 5% !important;}&#8220;][vc_column_inner css=&#8220;.vc_custom_1737476812592{background-color: #E5E3DC00 !important;}&#8220;][vc_column_text css=&#8220;.vc_custom_1739871726159{padding-top: 20px !important;padding-right: 20px !important;padding-bottom: 20px !important;padding-left: 20px !important;background-color: #E5E3DC !important;background-position: center !important;background-repeat: no-repeat !important;background-size: cover !important;}&#8220; el_class=&#8220;sopra&#8220;]<\/p>\n<h2>SO W\u00c4HLEN SIE IHREN CANYON<\/h2>\n<p><strong><a href=\"\/de\/canyoning\" target=\"_self\" rel=\"noopener\">Canyoning<\/a><\/strong> ist eine technisch eher zug\u00e4ngliche Aktivit\u00e4t.<br \/>\nZum Zeitpunkt der Buchung w\u00e4hlen wir gemeinsam die Route aus, die Ihrem Niveau und Ihren W\u00fcnschen am besten entspricht.<br \/>\nDie vorgestellten Routen sind nie extrem, sie reichen vom Anf\u00e4ngerniveau bis zur sportlichsten Abfahrt. Auch die einfachsten Routen erfordern eine gute <strong>Motivation<\/strong> und das <strong>Bewusstsein<\/strong> , eine sportliche Aktivit\u00e4t auszu\u00fcben, die nur minimale k\u00f6rperliche Anstrengung erfordert.<br \/>\nEbenso ist es wichtig, keine Wasser- und H\u00f6henphobien zu haben, damit die Aktivit\u00e4t, auch wenn sie anspruchsvoll ist, Spa\u00df macht.<br \/>\n<strong>F\u00fcr die Kleinsten<\/strong> ist es wichtig, dass sie bereits schwimmen k\u00f6nnen und das Laufen gewohnt sind.[\/vc_column_text][\/vc_column_inner][\/vc_row_inner][vc_empty_space height=&#8220;60px&#8220;][\/vc_column][\/vc_row][vc_row css_animation=&#8220;fadeIn&#8220;][vc_column width=&#8220;1\/4&#8243;][vc_column_text css=&#8220;&#8220;]<\/p>\n<h3><span style=\"color: #26456a;\">01<\/span><\/h3>\n<h3><span class=\"HwtZe\" lang=\"de\"><span class=\"jCAhz ChMk0b\"><span class=\"ryNqvb\">Kontaktieren Sie uns<\/span><\/span><\/span><\/h3>\n<p><span class=\"HwtZe\" lang=\"de\"><span class=\"jCAhz ChMk0b\"><span class=\"ryNqvb\">Sie k\u00f6nnen uns anrufen oder das Kontaktformular auf der Website verwenden.<\/span><\/span><\/span>[\/vc_column_text][\/vc_column][vc_column width=&#8220;1\/4&#8243;][vc_column_text css=&#8220;&#8220;]<\/p>\n<h3><span style=\"color: #26456a;\">02<\/span><\/h3>\n<h3><span class=\"HwtZe\" lang=\"de\"><span class=\"jCAhz ChMk0b\"><span class=\"ryNqvb\">Lass uns gemeinsam den Weg w\u00e4hlen<\/span><\/span><\/span><\/h3>\n<div class=\"lRu31\" dir=\"ltr\">\n<p><span class=\"HwtZe\" lang=\"de\"><span class=\"jCAhz\"><span class=\"ryNqvb\">Basierend auf deinen Erfahrungen, deiner sportlichen Vorbereitung und deinen W\u00fcnschen finden wir gemeinsam den Canyon, der am besten zu deinen Bed\u00fcrfnissen passt.<\/span><\/span><\/span><\/p>\n<div id=\"ow87\"><\/div>\n<\/div>\n<p>[\/vc_column_text][\/vc_column][vc_column width=&#8220;1\/4&#8243;][vc_column_text css=&#8220;&#8220;]<\/p>\n<h3><span style=\"color: #26456a;\">03<\/span><\/h3>\n<h3><span class=\"HwtZe\" lang=\"de\"><span class=\"jCAhz ChMk0b\"><span class=\"ryNqvb\">Lass uns etwas B\u00fcrokratie erledigen<\/span><\/span><\/span><\/h3>\n<p><span class=\"HwtZe\" lang=\"de\"><span class=\"jCAhz ChMk0b\"><span class=\"ryNqvb\">Alle Informationen und Bedingungen zur Teilnahme an der Aktivit\u00e4t senden wir Ihnen per E-Mail zu.<\/span><\/span><\/span>[\/vc_column_text][\/vc_column][vc_column width=&#8220;1\/4&#8243;][vc_column_text css=&#8220;&#8220;]<\/p>\n<h3><span style=\"color: #26456a;\">04<\/span><\/h3>\n<h3><span class=\"HwtZe\" lang=\"de\"><span class=\"jCAhz ChMk0b\"><span class=\"ryNqvb\">Wir treffen uns am angegebenen Treffpunkt<\/span><\/span><\/span><\/h3>\n<p><span class=\"HwtZe\" lang=\"de\"><span class=\"jCAhz ChMk0b\"><span class=\"ryNqvb\">Wir freuen uns auf Ihr Wiedersehen am Aktionsmorgen!<\/span><\/span><\/span>[\/vc_column_text][\/vc_column][\/vc_row][vc_row full_width=&#8220;stretch_row_content&#8220; css_animation=&#8220;none&#8220; css=&#8220;.vc_custom_1738329684268{background-color: #A7BBBC !important;background-position: center !important;background-repeat: no-repeat !important;background-size: cover !important;}&#8220;][vc_column width=&#8220;1\/2&#8243; css=&#8220;.vc_custom_1737477710055{background-color: #A7BBBC00 !important;}&#8220;][vc_column_text css=&#8220;.vc_custom_1739871839966{margin-right: 3% !important;margin-left: 3% !important;}&#8220;]<\/p>\n<h3><span style=\"color: #26456a;\">Das bereitgestellte Material:<\/span><\/h3>\n<p>Im Preis der Aktivit\u00e4t ist die Ausleihe von speziellem technischem Material f\u00fcr das Canyoning enthalten, das wir Ihnen zur Verf\u00fcgung stellen:<\/p>\n<p><strong>NEOPRENANZUG<\/strong><\/p>\n<p><strong>NEOPREN-SCHUHE<\/strong><\/p>\n<p><strong>GESCHIRR MIT<\/strong><\/p>\n<p><strong>Abstieg und Longen<\/strong><\/p>\n<p><strong>HELM<\/strong><\/p>\n<p>Die gesamte verwendete pers\u00f6nliche Schutzausr\u00fcstung entspricht den aktuellen Vorschriften und wird regelm\u00e4\u00dfig \u00fcberpr\u00fcft.<br \/>\nBei der Buchung werden wir Sie fragen<br \/>\nGr\u00f6\u00dfe und Gewicht aller Teilnehmer, um das f\u00fcr die Morphologie jeder Person am besten geeignete Material auszuw\u00e4hlen.[\/vc_column_text][\/vc_column][vc_column width=&#8220;1\/2&#8243; css=&#8220;.vc_custom_1737477772077{background-image: url(https:\/\/italiancanyoning.it\/wp-content\/uploads\/2022\/01\/itaca-canyoning-in-toscana-59_websize.jpg?id=809) !important;background-position: center !important;background-repeat: no-repeat !important;background-size: cover !important;}&#8220;][vc_empty_space height=&#8220;600px&#8220;][\/vc_column][\/vc_row][vc_row full_width=&#8220;stretch_row_content&#8220; css_animation=&#8220;none&#8220; css=&#8220;.vc_custom_1738329690192{background-color: #A7BBBC !important;}&#8220;][vc_column width=&#8220;1\/2&#8243; css=&#8220;.vc_custom_1737477848332{background-image: url(https:\/\/italiancanyoning.it\/wp-content\/uploads\/2022\/01\/itaca-canyoning-in-toscana-3_websize.jpg?id=803) !important;background-position: center !important;background-repeat: no-repeat !important;background-size: cover !important;}&#8220;][vc_empty_space height=&#8220;600px&#8220;][\/vc_column][vc_column width=&#8220;1\/2&#8243;][vc_column_text css=&#8220;.vc_custom_1739871862507{margin-right: 3% !important;margin-left: 3% !important;}&#8220;]<\/p>\n<h3><span style=\"color: #26456a;\">WAS SIE MITBRINGEN SOLLTEN:<\/span><\/h3>\n<p><strong>EIN PAAR SPORT- ODER TREKKINGSCHUHE IN GUTEM ZUSTAND<\/strong><\/p>\n<p><strong>EIN BADEANZUG<\/strong><\/p>\n<p><strong>EIN POLYESTERHEMD F\u00dcR DIE K\u00c4LTESTEN<\/strong><\/p>\n<p><strong>EINE FLASCHE WASSER<\/strong><\/p>\n<p><strong>EIN SNACK F\u00dcR DIE TAGESROUTEN<\/strong><\/p>\n<p><strong>ERSATZ-EINWEG-KONTAKTLINSEN<\/strong><\/p>\n<p><strong>KABEL ZUR BEFESTIGUNG DER BRILLE<\/strong><\/p>\n<p>F\u00fcr den Abstieg ben\u00f6tigen Sie Turnschuhe oder Trekkingschuhe. Sandalen und \u201eAquaschuhe\u201c jeglicher Art sind absolut verboten. Der Guide beh\u00e4lt sich das Recht vor, bei ungeeignetem Schuhwerk die Teilnahme an der Aktivit\u00e4t zu verweigern.[\/vc_column_text][\/vc_column][\/vc_row][vc_row css_animation=&#8220;none&#8220;][vc_column][vc_column_text css=&#8220;&#8220;]<\/p>\n<h3>Einkaufsbedingungen<\/h3>\n<p>[\/vc_column_text][\/vc_column][\/vc_row][vc_row full_width=&#8220;stretch_row_content&#8220; css_animation=&#8220;none&#8220;][vc_column width=&#8220;1\/3&#8243;][vc_single_image image=&#8220;956&#8243; img_size=&#8220;full&#8220; alignment=&#8220;center&#8220; style=&#8220;vc_box_shadow_border&#8220; css=&#8220;&#8220;][\/vc_column][vc_column width=&#8220;2\/3&#8243;][vc_tta_tabs active_section=&#8220;1&#8243;][vc_tta_section title=&#8220;K\u00f6rperliche Verfassung&#8220; tab_id=&#8220;1737478049168-1c60eb3c-470f&#8220;][vc_column_text css=&#8220;&#8220;]Canyoning ist eine Outdoor-Sportaktivit\u00e4t, die in der Natur stattfindet. Aufgrund der objektiven Umweltrisiken ist eine gute k\u00f6rperliche Verfassung der Teilnehmer erforderlich. Bei der Buchung m\u00fcssen etwaige Probleme hinsichtlich des Allgemeinzustands gemeldet werden, wobei insbesondere auf Herz-, Atemwegs-, Muskel-Skelett- und Gewichtsprobleme zu achten ist.[\/vc_column_text][\/vc_tta_section][vc_tta_section title=&#8220;Stornierungen&#8220; tab_id=&#8220;1737478049177-517d43fb-816c&#8220;][vc_column_text css=&#8220;&#8220;]Es ist m\u00f6glich, die Aktivit\u00e4t mit einer Frist von <strong>48 Stunden<\/strong> zu stornieren. Bei einer Stornierung innerhalb von 48 Stunden verf\u00e4llt die bei der Buchung geleistete Anzahlung.<br \/>\nWenn Sie f\u00fcr eine Gruppe gebucht haben, ist es Ihre Pflicht, daf\u00fcr zu sorgen, dass alle Teilnehmer am geplanten Tag anwesend sind. <strong>Bei unbest\u00e4ndigem Wetter kann nur der Reiseleiter<\/strong> den Ausflug jederzeit absagen, wenn er die Sicherheitsbedingungen f\u00fcr ungen\u00fcgend h\u00e4lt (heftige St\u00fcrme, Regen, zu niedrige Temperaturen usw.). Die Anzahlung wird in diesem Fall selbstverst\u00e4ndlich zur\u00fcckerstattet.[\/vc_column_text][\/vc_tta_section][vc_tta_section title=&#8220;Verz\u00f6gerungen&#8220; tab_id=&#8220;1737478057637-963b5d86-df54&#8243;][vc_column_text css=&#8220;&#8220;]<span class=\"HwtZe\" lang=\"de\"><span class=\"jCAhz ChMk0b\"><span class=\"ryNqvb\">Zum Zeitpunkt der Buchung teilen wir Ihnen Datum und Uhrzeit sowie eine Google Maps-Route mit, um den im Programm angegebenen Ort zu erreichen.<\/span><\/span> <span class=\"jCAhz ChMk0b\"><span class=\"ryNqvb\">Dar\u00fcber hinaus k\u00f6nnen Sie von unserer Website ein PDF mit allen Informationen zur Aktivit\u00e4t und einer detaillierten Beschreibung des Treffpunkts herunterladen. <\/span><\/span><span class=\"jCAhz ChMk0b\"><span class=\"ryNqvb\">Es empfiehlt sich, ein wenig im Voraus zu planen: Unsere Canyons sind oft \u00fcber kleine Bergstra\u00dfen zu erreichen, die nicht immer offensichtlich sind.<\/span><\/span> <span class=\"jCAhz ChMk0b\"><span class=\"ryNqvb\">Bei Verz\u00f6gerungen von mehr als 20 Minuten beginnt der Guide mit der Aktivit\u00e4t, ohne auf Sie zu warten.<\/span><\/span> <span class=\"jCAhz\"><span class=\"ryNqvb\">Dies hat den Verlust der Anzahlung zur Folge.<\/span><\/span><\/span>[\/vc_column_text][\/vc_tta_section][vc_tta_section title=&#8220;Sicherheit&#8220; tab_id=&#8220;1737478059286-6841b65b-51b3&#8243;][vc_column_text css=&#8220;&#8220;]Das Befolgen der Anweisungen Ihres Reiseleiters ist die Grundvoraussetzung f\u00fcr eine sichere und angenehme Abfahrt.<br \/>\nF\u00fcr die Aktivit\u00e4t sind gut erhaltene Sportschuhe (Turnschuhe, Trail-Schuhe, Trekkingschuhe usw.) zwingend erforderlich. Sandalen jeglicher Art sind hingegen als unzureichend absolut verboten.<br \/>\nNat\u00fcrlich ist es absolut verboten, die Aktivit\u00e4t im betrunkenen Zustand oder unter Einfluss von Bet\u00e4ubungsmitteln auszu\u00fcben.<br \/>\nBei Nichteinhaltung dieser Bedingungen ist der Reiseleiter berechtigt, die Teilnahme an der Aktivit\u00e4t aus offensichtlichen Sicherheitsgr\u00fcnden zu verweigern.[\/vc_column_text][\/vc_tta_section][vc_tta_section title=&#8220;Versicherung&#8220; tab_id=&#8220;1737478060280-cce1be5b-ee79&#8243;][vc_column_text css=&#8220;&#8220;]Der Fremdenf\u00fchrer verf\u00fcgt \u00fcber die f\u00fcr die Aus\u00fcbung seines Berufs erforderliche Berufshaftpflichtversicherung.[\/vc_column_text][\/vc_tta_section][\/vc_tta_tabs][\/vc_column][\/vc_row]<\/p>\n<\/div>","protected":false},"excerpt":{"rendered":"<p>[vc_row full_width=&#8220;stretch_row_content&#8220; css_animation=&#8220;fadeIn&#8220; css=&#8220;.vc_custom_1738329662073{background: #A7BBBC url(https:\/\/italiancanyoning.it\/wp-content\/uploads\/2021\/03\/Texture-1-1.svg?id=437) !important;background-position: center !important;background-repeat: no-repeat [&hellip;]<\/p>\n","protected":false},"author":3,"featured_media":0,"parent":0,"menu_order":0,"comment_status":"closed","ping_status":"closed","template":"template-fullwidth-no-heading.php","meta":{"footnotes":""},"class_list":["post-8036","page","type-page","status-publish","hentry"],"yoast_head":"<!-- This site is optimized with the Yoast SEO plugin v26.4 - https:\/\/yoast.com\/wordpress\/plugins\/seo\/ -->\n<title>Information - Itaca Canyoning<\/title>\n<meta name=\"description\" content=\"Bei der Buchung w\u00e4hlen wir gemeinsam mit Ihnen die Route aus, die am besten zu Ihrem Niveau und Ihren W\u00fcnschen passt.\" \/>\n<meta name=\"robots\" content=\"index, follow, max-snippet:-1, max-image-preview:large, max-video-preview:-1\" \/>\n<link rel=\"canonical\" href=\"https:\/\/italiancanyoning.it\/de\/information\/\" \/>\n<meta property=\"og:locale\" content=\"de_DE\" \/>\n<meta property=\"og:type\" content=\"article\" \/>\n<meta property=\"og:title\" content=\"Information - Itaca Canyoning\" \/>\n<meta property=\"og:description\" content=\"Bei der Buchung w\u00e4hlen wir gemeinsam mit Ihnen die Route aus, die am besten zu Ihrem Niveau und Ihren W\u00fcnschen passt.\" \/>\n<meta property=\"og:url\" content=\"https:\/\/italiancanyoning.it\/de\/information\/\" \/>\n<meta property=\"og:site_name\" content=\"Itaca Canyoning\" \/>\n<meta property=\"article:publisher\" content=\"https:\/\/www.facebook.com\/itacanyoning\" \/>\n<meta property=\"article:modified_time\" content=\"2025-02-18T09:52:40+00:00\" \/>\n<meta name=\"twitter:card\" content=\"summary_large_image\" \/>\n<meta name=\"twitter:label1\" content=\"Gesch\u00e4tzte Lesezeit\" \/>\n\t<meta name=\"twitter:data1\" content=\"5\u00a0Minuten\" \/>\n<script type=\"application\/ld+json\" class=\"yoast-schema-graph\">{\"@context\":\"https:\/\/schema.org\",\"@graph\":[{\"@type\":\"WebPage\",\"@id\":\"https:\/\/italiancanyoning.it\/de\/information\/\",\"url\":\"https:\/\/italiancanyoning.it\/de\/information\/\",\"name\":\"Information - Itaca Canyoning\",\"isPartOf\":{\"@id\":\"https:\/\/italiancanyoning.it\/de\/#website\"},\"datePublished\":\"2021-04-21T08:53:30+00:00\",\"dateModified\":\"2025-02-18T09:52:40+00:00\",\"description\":\"Bei der Buchung w\u00e4hlen wir gemeinsam mit Ihnen die Route aus, die am besten zu Ihrem Niveau und Ihren W\u00fcnschen passt.\",\"breadcrumb\":{\"@id\":\"https:\/\/italiancanyoning.it\/de\/information\/#breadcrumb\"},\"inLanguage\":\"de\",\"potentialAction\":[{\"@type\":\"ReadAction\",\"target\":[\"https:\/\/italiancanyoning.it\/de\/information\/\"]}]},{\"@type\":\"BreadcrumbList\",\"@id\":\"https:\/\/italiancanyoning.it\/de\/information\/#breadcrumb\",\"itemListElement\":[{\"@type\":\"ListItem\",\"position\":1,\"name\":\"Home\",\"item\":\"https:\/\/italiancanyoning.it\/de\/\"},{\"@type\":\"ListItem\",\"position\":2,\"name\":\"Information\"}]},{\"@type\":\"WebSite\",\"@id\":\"https:\/\/italiancanyoning.it\/de\/#website\",\"url\":\"https:\/\/italiancanyoning.it\/de\/\",\"name\":\"Itaca - Italian Canyoning\",\"description\":\"Scivola nell&#039;avventura, l&#039;esperienza del torrentismo ti aspetta!\",\"potentialAction\":[{\"@type\":\"SearchAction\",\"target\":{\"@type\":\"EntryPoint\",\"urlTemplate\":\"https:\/\/italiancanyoning.it\/de\/?s={search_term_string}\"},\"query-input\":{\"@type\":\"PropertyValueSpecification\",\"valueRequired\":true,\"valueName\":\"search_term_string\"}}],\"inLanguage\":\"de\"}]}<\/script>\n<!-- \/ Yoast SEO plugin. -->","yoast_head_json":{"title":"Information - Itaca Canyoning","description":"Bei der Buchung w\u00e4hlen wir gemeinsam mit Ihnen die Route aus, die am besten zu Ihrem Niveau und Ihren W\u00fcnschen passt.","robots":{"index":"index","follow":"follow","max-snippet":"max-snippet:-1","max-image-preview":"max-image-preview:large","max-video-preview":"max-video-preview:-1"},"canonical":"https:\/\/italiancanyoning.it\/de\/information\/","og_locale":"de_DE","og_type":"article","og_title":"Information - Itaca Canyoning","og_description":"Bei der Buchung w\u00e4hlen wir gemeinsam mit Ihnen die Route aus, die am besten zu Ihrem Niveau und Ihren W\u00fcnschen passt.","og_url":"https:\/\/italiancanyoning.it\/de\/information\/","og_site_name":"Itaca Canyoning","article_publisher":"https:\/\/www.facebook.com\/itacanyoning","article_modified_time":"2025-02-18T09:52:40+00:00","twitter_card":"summary_large_image","twitter_misc":{"Gesch\u00e4tzte Lesezeit":"5\u00a0Minuten"},"schema":{"@context":"https:\/\/schema.org","@graph":[{"@type":"WebPage","@id":"https:\/\/italiancanyoning.it\/de\/information\/","url":"https:\/\/italiancanyoning.it\/de\/information\/","name":"Information - Itaca Canyoning","isPartOf":{"@id":"https:\/\/italiancanyoning.it\/de\/#website"},"datePublished":"2021-04-21T08:53:30+00:00","dateModified":"2025-02-18T09:52:40+00:00","description":"Bei der Buchung w\u00e4hlen wir gemeinsam mit Ihnen die Route aus, die am besten zu Ihrem Niveau und Ihren W\u00fcnschen passt.","breadcrumb":{"@id":"https:\/\/italiancanyoning.it\/de\/information\/#breadcrumb"},"inLanguage":"de","potentialAction":[{"@type":"ReadAction","target":["https:\/\/italiancanyoning.it\/de\/information\/"]}]},{"@type":"BreadcrumbList","@id":"https:\/\/italiancanyoning.it\/de\/information\/#breadcrumb","itemListElement":[{"@type":"ListItem","position":1,"name":"Home","item":"https:\/\/italiancanyoning.it\/de\/"},{"@type":"ListItem","position":2,"name":"Information"}]},{"@type":"WebSite","@id":"https:\/\/italiancanyoning.it\/de\/#website","url":"https:\/\/italiancanyoning.it\/de\/","name":"Itaca - Italian Canyoning","description":"Scivola nell&#039;avventura, l&#039;esperienza del torrentismo ti aspetta!","potentialAction":[{"@type":"SearchAction","target":{"@type":"EntryPoint","urlTemplate":"https:\/\/italiancanyoning.it\/de\/?s={search_term_string}"},"query-input":{"@type":"PropertyValueSpecification","valueRequired":true,"valueName":"search_term_string"}}],"inLanguage":"de"}]}},"_links":{"self":[{"href":"https:\/\/italiancanyoning.it\/de\/wp-json\/wp\/v2\/pages\/8036","targetHints":{"allow":["GET"]}}],"collection":[{"href":"https:\/\/italiancanyoning.it\/de\/wp-json\/wp\/v2\/pages"}],"about":[{"href":"https:\/\/italiancanyoning.it\/de\/wp-json\/wp\/v2\/types\/page"}],"author":[{"embeddable":true,"href":"https:\/\/italiancanyoning.it\/de\/wp-json\/wp\/v2\/users\/3"}],"replies":[{"embeddable":true,"href":"https:\/\/italiancanyoning.it\/de\/wp-json\/wp\/v2\/comments?post=8036"}],"version-history":[{"count":3,"href":"https:\/\/italiancanyoning.it\/de\/wp-json\/wp\/v2\/pages\/8036\/revisions"}],"predecessor-version":[{"id":8046,"href":"https:\/\/italiancanyoning.it\/de\/wp-json\/wp\/v2\/pages\/8036\/revisions\/8046"}],"wp:attachment":[{"href":"https:\/\/italiancanyoning.it\/de\/wp-json\/wp\/v2\/media?parent=8036"}],"curies":[{"name":"wp","href":"https:\/\/api.w.org\/{rel}","templated":true}]}}