{"id":8091,"date":"2023-03-15T13:53:18","date_gmt":"2023-03-15T13:53:18","guid":{"rendered":"https:\/\/italiancanyoning.it\/?page_id=8091"},"modified":"2025-02-18T11:22:02","modified_gmt":"2025-02-18T11:22:02","slug":"turrite-di-san-rocco","status":"publish","type":"page","link":"https:\/\/italiancanyoning.it\/de\/turrite-di-san-rocco\/","title":{"rendered":"Turrite di San Rocco"},"content":{"rendered":"<div class=\"wpb-content-wrapper\"><p>[vc_row full_width=&#8220;stretch_row_content&#8220; css_animation=&#8220;fadeIn&#8220; css=&#8220;.vc_custom_1737623700687{background-image: url(https:\/\/italiancanyoning.it\/wp-content\/uploads\/2021\/02\/itaca-canyoning-in-toscana-31_websize-1.jpg?id=903) !important;background-position: center !important;background-repeat: no-repeat !important;background-size: cover !important;}&#8220;][vc_column][vc_custom_heading text=&#8220;Turrite San Rocco&#8220; font_container=&#8220;tag:h1|font_size:110|text_align:left|color:%23FFFFFF&#8220; use_theme_fonts=&#8220;yes&#8220; css=&#8220;.vc_custom_1737623499343{margin-top: 50px !important;margin-right: 3% !important;margin-left: 3% !important;}&#8220;][vc_custom_heading text=&#8220;Die perfekte Abfahrt f\u00fcr deinen ersten Canyon&#8220; font_container=&#8220;tag:h2|font_size:36|text_align:left|color:%23FFFFFF&#8220; use_theme_fonts=&#8220;yes&#8220; css=&#8220;.vc_custom_1739874683753{margin-right: 3% !important;margin-bottom: 120px !important;margin-left: 3% !important;}&#8220;][\/vc_column][\/vc_row][vc_row full_width=&#8220;stretch_row_content&#8220; css_animation=&#8220;fadeIn&#8220;][vc_column][vc_column_text css=&#8220;&#8220;]<\/p>\r\n<h3 style=\"text-align: center;\">Eigenschaften<\/h3>\r\n<p>[\/vc_column_text][\/vc_column][\/vc_row][vc_row full_width=&#8220;stretch_row_content&#8220; css_animation=&#8220;fadeIn&#8220;][vc_column width=&#8220;1\/2&#8243;][vc_gmaps link=&#8220;#E-8_JTNDaWZyYW1lJTIwc3JjJTNEJTIyaHR0cHMlM0ElMkYlMkZ3d3cuZ29vZ2xlLmNvbSUyRm1hcHMlMkZlbWJlZCUzRnBiJTNEJTIxMW0xNCUyMTFtOCUyMTFtMyUyMTFkMzY3MzgzLjU1ODM3ODY3MjUlMjEyZDEwLjQyODUyMSUyMTNkNDMuOTk2OTIxJTIxM20yJTIxMWkxMDI0JTIxMmk3NjglMjE0ZjEzLjElMjEzbTMlMjExbTIlMjExczB4MTJkNTc3NTJhNmNjMWRiZCUyNTNBMHg0OGY5NjAyMmRjODgwOWExJTIxMnNWaWElMjUyMGRlbCUyNTIwQm90dGFjY2lvJTI1MkMlMjUyMDYlMjUyQyUyNTIwNTUwMjAlMjUyMEZhYmJyaWNoZSUyNTIwZGklMjUyMFZlcmdlbW9saSUyNTIwTFUlMjUyQyUyNTIwSXRhbGlhJTIxNWUwJTIxM20yJTIxMXNpdCUyMTJzdXMlMjE0djE3Mzc2MjM1MjIxMjYlMjE1bTIlMjExc2l0JTIxMnN1cyUyMiUyMHdpZHRoJTNEJTIyMTAwJTI1JTIyJTIwaGVpZ2h0JTNEJTIyNDUwJTIyJTIwc3R5bGUlM0QlMjJib3JkZXIlM0EwJTNCJTIyJTIwYWxsb3dmdWxsc2NyZWVuJTNEJTIyJTIyJTIwbG9hZGluZyUzRCUyMmxhenklMjIlMjByZWZlcnJlcnBvbGljeSUzRCUyMm5vLXJlZmVycmVyLXdoZW4tZG93bmdyYWRlJTIyJTNFJTNDJTJGaWZyYW1lJTNF&#8220; css=&#8220;&#8220;][\/vc_column][vc_column width=&#8220;1\/2&#8243;][vc_row_inner][vc_column_inner width=&#8220;1\/2&#8243;][vc_column_text css=&#8220;&#8220;]<\/p>\r\n<ul>\r\n<li><strong><span style=\"color: #d1955e;\">Stufe:<\/span><\/strong> <br \/><strong>Entdeckung<\/strong><\/li>\r\n<li><strong><span style=\"color: #d1955e;\">Aktivit\u00e4tsdauer:<\/span><\/strong> <br \/><strong>2 Stunden<\/strong><\/li>\r\n<li><strong><span style=\"color: #d1955e;\">Gesamtdauer:<\/span><\/strong> <br \/><strong>3 Stunden<\/strong><\/li>\r\n<li><strong><span style=\"color: #d1955e;\">Zugriff:<\/span><\/strong> <br \/><strong>15 Minuten<\/strong><\/li>\r\n<li><strong><span style=\"color: #d1955e;\">R\u00fcckgabe:<\/span><\/strong> <br \/><strong>2 Minuten<\/strong><\/li>\r\n<\/ul>\r\n<p>[\/vc_column_text][\/vc_column_inner][vc_column_inner width=&#8220;1\/2&#8243;][vc_column_text css=&#8220;&#8220;]<\/p>\r\n<ul>\r\n<li><strong><span style=\"color: #d1955e;\">Zeitraum:<\/span><\/strong> <br \/><strong>von M\u00e4rz bis Oktober<\/strong><\/li>\r\n<li><strong><span style=\"color: #d1955e;\">Ab:<\/span><\/strong> <br \/><strong>8 Jahre<\/strong><\/li>\r\n<li><strong><span style=\"color: #d1955e;\">Pflichttauchgang: <br \/><\/span>niemand<\/strong><\/li>\r\n<li><strong><span style=\"color: #d1955e;\">Obligatorischer Abstieg:<\/span><\/strong> <br \/><strong>5 Meter<\/strong><\/li>\r\n<li><strong><span style=\"color: #d1955e;\">Preis:<\/span><\/strong> <br \/><strong>60 Euro \/ Person<\/strong><\/li>\r\n<\/ul>\r\n<p>[\/vc_column_text][\/vc_column_inner][\/vc_row_inner][\/vc_column][\/vc_row][vc_row full_width=&#8220;stretch_row_content&#8220; css_animation=&#8220;none&#8220; css=&#8220;.vc_custom_1738322546993{background-color: #E5E3DC !important;}&#8220;][vc_column][vc_column_text css=&#8220;.vc_custom_1737623483690{margin-right: 3% !important;margin-left: 3% !important;}&#8220;]<\/p>\r\n<h2 style=\"text-align: center;\">Turrite San Rocco<\/h2>\r\n<p>[\/vc_column_text][vc_column_text css=&#8220;&#8220;]<\/p>\r\n<p style=\"text-align: left;\"><\/p>\r\n<p>Der Turrite San Rocco ist die einfachste Route, die wir anbieten, und wirklich f\u00fcr jeden geeignet, selbst f\u00fcr die \u00c4ngstlichsten. Ideal f\u00fcr ein erstes Canyoning-Erlebnis mit der Familie und um schon den Kleinsten diese Aktivit\u00e4t n\u00e4herzubringen. Zwischen den Apuanischen Alpen und dem Apennin finden wir den mit T\u00fcrmen versehenen San Rocco, der in einer ruhigen und entspannenden Umgebung durch die dichten, gr\u00fcnen W\u00e4lder der Garfagnana flie\u00dft. Der Abstieg ist ab dem fr\u00fchen Fr\u00fchling befahrbar, dank der konstanten Wasserf\u00fchrung auch in den hei\u00dfesten Sommern jedoch bis in den sp\u00e4ten Herbst hinein. Turrite San Rocco, geeignet f\u00fcr alle Zubereitungsstufen Durch den leichten Schwierigkeitsgrad und die optionale Natur aller Hindernisse ist die Strecke auch f\u00fcr weniger sportliche Menschen machbar, sofern sie motiviert sind. Vom Treffpunkt aus fahren wir das Tal hinauf in Richtung Pescaglia. Nach weniger als 2 Kilometern parken wir einige Autos auf einer Lichtung entlang der Stra\u00dfe in der N\u00e4he der Bachausfahrt und lassen trockene Kleidung und Handt\u00fccher darin zur\u00fcck. Mit den anderen Autos fahren wir noch ein paar Kilometer bis zum kleinen Dorf Focchia, wo wir parken. Vom Parkplatz aus erreichen wir \u00fcber einen abw\u00e4rts f\u00fchrenden Weg in f\u00fcnfzehn Minuten den Turrite di San Rocco. Bevor Sie mit dem Abstieg vom Turrite San Rocco beginnen, erhalten Sie alle notwendigen Informationen zur Sicherheit und zum Fortkommen im Wildbach. Wenn wir dem Lauf des t\u00fcrmischen San Rocco-Baches folgen, finden wir eine Reihe kleiner Schluchten, die durch den Wasserlauf geformt wurden. Diese vertieften Bereiche sind mit offeneren Bereichen durchsetzt. Der Ablauf wechselt daher zwischen Gehstrecken und Tauchg\u00e4ngen, Rutschpartien und kurzen Schwimmabschnitten ab. Auch einige Seilabfahrten von einigen Metern sind m\u00f6glich, ideal f\u00fcr Anf\u00e4nger, um Vertrauen zu gewinnen und das Man\u00f6ver zu beherrschen. Die Tauchg\u00e4nge sind nie zu hoch und in jedem Fall immer optional. Der Abstieg vom mit T\u00fcrmen versehenen San Rocco erfolgt in einer wilden und abgeschiedenen, aber gleichzeitig angenehm entspannenden Umgebung. An manchen Stellen hat der Bach gro\u00dfe Becken mit klarem Wasser geschaffen, die im Gr\u00fcn des Waldes leuchten. Das Ende des Abstiegs kommt pl\u00f6tzlich: Der Bach \u00f6ffnet sich und vor uns erscheint die Stra\u00dfe mit den Autos, die wir auf dem Hinweg geparkt haben. Wenn Sie vom Erlebnis des Turrite San Rocco \u00fcberzeugt waren und es mit einem abenteuerlicheren Wildbach wiederholen m\u00f6chten, laden wir Sie zum Rio Selvano ein, dem sch\u00f6nsten und unterhaltsamsten Canyon der Toskana.<\/p>\r\n<p>[\/vc_column_text][vc_empty_space]<div class=\"cqcarousel-container \" data-slidestoshow=\"4\" data-thumbstoshow=\"7\" data-dots=\"\" data-arrows=\"yes\" data-isgallery=\"\" data-largeimagearrows=\"yes\" data-autoplay=\"\" data-autoplayspeed=\"4000\" data-containerwidth=\"\" data-containermaxwidth=\"1920px\" data-imgnum=\"2\" data-bottomversion=\"\" data-dotbottom=\"\" data-lightboxmode=\"boxer\"><div class=\"carousel-thumb \"><div title=\"\"><a href=\"https:\/\/italiancanyoning.it\/wp-content\/uploads\/2023\/09\/turrite-san-rocco.jpeg\" class=\"cqcarousel-item\" title=\"\"><img decoding=\"async\" src=\"https:\/\/italiancanyoning.it\/wp-content\/uploads\/2023\/09\/turrite-san-rocco-320x200.jpeg\" alt=\"\" title=\"turrite-san-rocco\" \/><\/a><\/div><div title=\"\"><a href=\"https:\/\/italiancanyoning.it\/wp-content\/uploads\/2024\/03\/Baby-Canyoning-Turrite-San-Rocco.jpeg\" class=\"cqcarousel-item\" title=\"\"><img decoding=\"async\" src=\"https:\/\/italiancanyoning.it\/wp-content\/uploads\/2024\/03\/Baby-Canyoning-Turrite-San-Rocco-320x200.jpeg\" alt=\"\" title=\"Baby-Canyoning-Turrite-San-Rocco\" \/><\/a><\/div><\/div><\/div>[vc_empty_space][\/vc_column][\/vc_row][vc_row full_width=&#8220;stretch_row_content&#8220; css_animation=&#8220;none&#8220;][vc_column width=&#8220;1\/2&#8243;][vc_custom_heading text=&#8220;Allgemeine Informationen&#8220; font_container=&#8220;tag:h3|font_size:40|text_align:left|color:%2326456A&#8220; use_theme_fonts=&#8220;yes&#8220; css=&#8220;.vc_custom_1739874755774{margin-right: 3% !important;margin-left: 3% !important;}&#8220;][\/vc_column][vc_column width=&#8220;1\/2&#8243;][vc_custom_heading text=&#8220;Der Turrite di San Rocco flie\u00dft durch die W\u00e4lder der Garfagnana zwischen den Apuanischen Alpen und dem toskanisch-emilianischen Apennin. Der Bach liegt ganz in der N\u00e4he des bekannten Barga und ist von Lucca und der Autobahn aus in weniger als einer Stunde zu erreichen. Perfekt f\u00fcr einen halbt\u00e4gigen Einstieg ins Canyoning mit der Familie, kombiniert mit einem Mittagessen in einem der vielen Restaurants der Umgebung.&#8220; font_container=&#8220;tag:p|font_size:23|text_align:left|color:%2326466A&#8220; use_theme_fonts=&#8220;yes&#8220; css=&#8220;.vc_custom_1739874787632{margin-right: 3% !important;margin-left: 3% !important;}&#8220;][\/vc_column][\/vc_row][vc_row full_width=&#8220;stretch_row_content&#8220; css_animation=&#8220;none&#8220; css=&#8220;.vc_custom_1738322566734{background-color: #A7BBBC !important;}&#8220;][vc_column width=&#8220;1\/2&#8243;][vc_custom_heading text=&#8220;Vertikale Merkmale&#8220; font_container=&#8220;tag:h3|font_size:40|text_align:left|color:%23FFFFFF&#8220; use_theme_fonts=&#8220;yes&#8220; css=&#8220;.vc_custom_1739874765295{margin-right: 3% !important;margin-left: 3% !important;}&#8220;][\/vc_column][vc_column width=&#8220;1\/2&#8243;][vc_custom_heading text=&#8220;Die ein Kilometer lange Strecke weist einen H\u00f6henunterschied von etwa 100 Metern auf, der sich in einer Reihe von kleinen Wasserf\u00e4llen manifestiert, die jedoch nie zu hoch sind, maximal 5 Meter. Seilabfahrten sind daher ideal f\u00fcr Anf\u00e4nger, nie kompliziert oder beeindruckend. Die Technik dieses Man\u00f6vers wird Ihnen schrittweise vorgef\u00fchrt und beigebracht, bis Sie in der Lage sind, es selbstst\u00e4ndig auszuf\u00fchren. Es gibt zahlreiche kleine Rodelbahnen, die f\u00fcr lustige Naturrutschen sorgen. Es sind auch mehrere Tauchg\u00e4nge m\u00f6glich, nie zu hoch.&#8220; font_container=&#8220;tag:p|font_size:23|text_align:left|color:%23FFFFFF&#8220; use_theme_fonts=&#8220;yes&#8220; css=&#8220;.vc_custom_1739874799546{margin-right: 3% !important;margin-left: 3% !important;}&#8220;][\/vc_column][\/vc_row][vc_row full_width=&#8220;stretch_row_content&#8220; css_animation=&#8220;none&#8220;][vc_column width=&#8220;1\/2&#8243;][vc_custom_heading text=&#8220;Wasserfunktionen&#8220; font_container=&#8220;tag:h3|font_size:40|text_align:left|color:%2326456A&#8220; use_theme_fonts=&#8220;yes&#8220; css=&#8220;.vc_custom_1739874775401{margin-right: 3% !important;margin-left: 3% !important;}&#8220;][\/vc_column][vc_column width=&#8220;1\/2&#8243;][vc_custom_heading text=&#8220;Befahrbar ab April, der Abstieg bleibt bis in den Herbst m\u00f6glich. Die Wasserstr\u00f6mung ist die ganze Saison \u00fcber konstant, selbst w\u00e4hrend der trockensten Sommer. Die Badebereiche sind kurz und beschr\u00e4nken sich auf den Ausgang der Becken. Die Wassertemperatur und der Sonnenschein machen den Abstieg stets angenehm. Durch die Transparenz des Wassers ist der Grund der Becken sichtbar, was das Eintauchen und Vorankommen im Bach erleichtert.&#8220; font_container=&#8220;tag:p|font_size:23|text_align:left|color:%2326456A&#8220; use_theme_fonts=&#8220;yes&#8220; css=&#8220;.vc_custom_1739874811570{margin-right: 3% !important;margin-left: 3% !important;}&#8220;][\/vc_column][\/vc_row][vc_row full_width=&#8220;stretch_row_content&#8220; css_animation=&#8220;none&#8220; css=&#8220;.vc_custom_1738322580911{background-color: #F3E8D7 !important;}&#8220;][vc_column width=&#8220;1\/2&#8243;][vc_custom_heading text=&#8220;Engagement&#8220; font_container=&#8220;tag:h3|font_size:40|text_align:left|color:%2326456A&#8220; use_theme_fonts=&#8220;yes&#8220; css=&#8220;.vc_custom_1738582346963{margin-right: 3% !important;margin-left: 3% !important;}&#8220;][\/vc_column][vc_column width=&#8220;1\/2&#8243;][vc_custom_heading text=&#8220;Der Weg zum Serra-Bach ist w\u00e4hrend des gesamten Abstiegs offen und sonnig. Es besteht jederzeit die M\u00f6glichkeit, das Flussbett schnell zu verlassen und auf den Weg zu gelangen, der am linken Ufer des Baches entlangf\u00fchrt. Daher eignet es sich auch hervorragend f\u00fcr Tage mit unbest\u00e4ndigem Wetter. Beachten Sie, dass alle Hindernisse leicht umgangen werden k\u00f6nnen, sodass die Abfahrt auch f\u00fcr die \u00c4ngstlichen oder f\u00fcr Gruppen mit unterschiedlichem Niveau und unterschiedlicher Motivation geeignet ist.&#8220; font_container=&#8220;tag:p|font_size:23|text_align:left|color:%2326466A&#8220; use_theme_fonts=&#8220;yes&#8220; css=&#8220;.vc_custom_1739874824187{margin-right: 3% !important;margin-left: 3% !important;}&#8220;][\/vc_column][\/vc_row][vc_row full_width=&#8220;stretch_row_content_no_spaces&#8220; css_animation=&#8220;none&#8220;][vc_column width=&#8220;1\/2&#8243; css=&#8220;.vc_custom_1737623806012{background-image: url(https:\/\/italiancanyoning.it\/wp-content\/uploads\/2024\/03\/Baby-Canyoning-Turrite-San-Rocco.jpeg?id=5879) !important;background-position: center !important;background-repeat: no-repeat !important;background-size: cover !important;}&#8220;][vc_empty_space height=&#8220;700px&#8220;][\/vc_column][vc_column width=&#8220;1\/2&#8243; css=&#8220;.vc_custom_1737541948439{margin-right: 5% !important;margin-left: 5% !important;}&#8220;][vc_column_text css=&#8220;.vc_custom_1739874837380{margin-right: 5% !important;}&#8220;]<\/p>\r\n<h2>Nehmen Sie Kontakt mit uns auf!<\/h2>\r\n<p>Z\u00d6GERN SIE NICHT, UNS BEI ZWEIFELN ODER F\u00dcR INFORMATIONEN ZU KONTAKTIEREN. WIR WERDEN SO SCHNELL WIE M\u00d6GLICH ANTWORTEN.<\/p>\r\n<h4>Tel: +39 328 4697777<\/h4>\r\n<h4>E-Mail: <a href=\"mailto:info@italiancanyoning.it\">info@italiancanyoning.it<\/a><\/h4>\r\n<p>[\/vc_column_text][dhvc_form id=&#8220;7124&#8243;][\/vc_column][\/vc_row]<\/p><\/div>","protected":false},"excerpt":{"rendered":"<p>[vc_row full_width=&#8220;stretch_row_content&#8220; css_animation=&#8220;fadeIn&#8220; css=&#8220;.vc_custom_1737623700687{background-image: url(https:\/\/italiancanyoning.it\/wp-content\/uploads\/2021\/02\/itaca-canyoning-in-toscana-31_websize-1.jpg?id=903) !important;background-position: center !important;background-repeat: no-repeat !important;background-size: [&hellip;]<\/p>\n","protected":false},"author":3,"featured_media":8110,"parent":0,"menu_order":0,"comment_status":"closed","ping_status":"closed","template":"template-fullwidth-no-heading.php","meta":{"footnotes":""},"class_list":["post-8091","page","type-page","status-publish","has-post-thumbnail","hentry"],"yoast_head":"<!-- This site is optimized with the Yoast SEO plugin v26.4 - https:\/\/yoast.com\/wordpress\/plugins\/seo\/ -->\n<title>Turrite di San Rocco - Itaca Canyoning<\/title>\n<meta name=\"description\" content=\"Ideal f\u00fcr ein erstes Canyoning-Erlebnis mit der Familie und um schon den Kleinsten diese Aktivit\u00e4t n\u00e4herzubringen.\" \/>\n<meta name=\"robots\" content=\"index, follow, max-snippet:-1, max-image-preview:large, max-video-preview:-1\" \/>\n<link rel=\"canonical\" href=\"https:\/\/italiancanyoning.it\/de\/turrite-di-san-rocco\/\" \/>\n<meta property=\"og:locale\" content=\"de_DE\" \/>\n<meta property=\"og:type\" content=\"article\" \/>\n<meta property=\"og:title\" content=\"Turrite di San Rocco - Itaca Canyoning\" \/>\n<meta property=\"og:description\" content=\"Ideal f\u00fcr ein erstes Canyoning-Erlebnis mit der Familie und um schon den Kleinsten diese Aktivit\u00e4t n\u00e4herzubringen.\" \/>\n<meta property=\"og:url\" content=\"https:\/\/italiancanyoning.it\/de\/turrite-di-san-rocco\/\" \/>\n<meta property=\"og:site_name\" content=\"Itaca Canyoning\" \/>\n<meta property=\"article:publisher\" content=\"https:\/\/www.facebook.com\/itacanyoning\" \/>\n<meta property=\"article:modified_time\" content=\"2025-02-18T11:22:02+00:00\" \/>\n<meta property=\"og:image\" content=\"https:\/\/italiancanyoning.it\/wp-content\/uploads\/2021\/02\/itaca-canyoning-in-toscana-31_websize-1.jpg\" \/>\n\t<meta property=\"og:image:width\" content=\"1600\" \/>\n\t<meta property=\"og:image:height\" content=\"1067\" \/>\n\t<meta property=\"og:image:type\" content=\"image\/jpeg\" \/>\n<meta name=\"twitter:card\" content=\"summary_large_image\" \/>\n<meta name=\"twitter:label1\" content=\"Gesch\u00e4tzte Lesezeit\" \/>\n\t<meta name=\"twitter:data1\" content=\"6\u00a0Minuten\" \/>\n<script type=\"application\/ld+json\" class=\"yoast-schema-graph\">{\"@context\":\"https:\/\/schema.org\",\"@graph\":[{\"@type\":\"WebPage\",\"@id\":\"https:\/\/italiancanyoning.it\/de\/turrite-di-san-rocco\/\",\"url\":\"https:\/\/italiancanyoning.it\/de\/turrite-di-san-rocco\/\",\"name\":\"Turrite di San Rocco - Itaca Canyoning\",\"isPartOf\":{\"@id\":\"https:\/\/italiancanyoning.it\/de\/#website\"},\"primaryImageOfPage\":{\"@id\":\"https:\/\/italiancanyoning.it\/de\/turrite-di-san-rocco\/#primaryimage\"},\"image\":{\"@id\":\"https:\/\/italiancanyoning.it\/de\/turrite-di-san-rocco\/#primaryimage\"},\"thumbnailUrl\":\"https:\/\/italiancanyoning.it\/wp-content\/uploads\/2021\/02\/itaca-canyoning-in-toscana-31_websize-1.jpg\",\"datePublished\":\"2023-03-15T13:53:18+00:00\",\"dateModified\":\"2025-02-18T11:22:02+00:00\",\"description\":\"Ideal f\u00fcr ein erstes Canyoning-Erlebnis mit der Familie und um schon den Kleinsten diese Aktivit\u00e4t n\u00e4herzubringen.\",\"breadcrumb\":{\"@id\":\"https:\/\/italiancanyoning.it\/de\/turrite-di-san-rocco\/#breadcrumb\"},\"inLanguage\":\"de\",\"potentialAction\":[{\"@type\":\"ReadAction\",\"target\":[\"https:\/\/italiancanyoning.it\/de\/turrite-di-san-rocco\/\"]}]},{\"@type\":\"ImageObject\",\"inLanguage\":\"de\",\"@id\":\"https:\/\/italiancanyoning.it\/de\/turrite-di-san-rocco\/#primaryimage\",\"url\":\"https:\/\/italiancanyoning.it\/wp-content\/uploads\/2021\/02\/itaca-canyoning-in-toscana-31_websize-1.jpg\",\"contentUrl\":\"https:\/\/italiancanyoning.it\/wp-content\/uploads\/2021\/02\/itaca-canyoning-in-toscana-31_websize-1.jpg\",\"width\":1600,\"height\":1067},{\"@type\":\"BreadcrumbList\",\"@id\":\"https:\/\/italiancanyoning.it\/de\/turrite-di-san-rocco\/#breadcrumb\",\"itemListElement\":[{\"@type\":\"ListItem\",\"position\":1,\"name\":\"Home\",\"item\":\"https:\/\/italiancanyoning.it\/de\/\"},{\"@type\":\"ListItem\",\"position\":2,\"name\":\"Turrite di San Rocco\"}]},{\"@type\":\"WebSite\",\"@id\":\"https:\/\/italiancanyoning.it\/de\/#website\",\"url\":\"https:\/\/italiancanyoning.it\/de\/\",\"name\":\"Itaca - Italian Canyoning\",\"description\":\"Scivola nell&#039;avventura, l&#039;esperienza del torrentismo ti aspetta!\",\"potentialAction\":[{\"@type\":\"SearchAction\",\"target\":{\"@type\":\"EntryPoint\",\"urlTemplate\":\"https:\/\/italiancanyoning.it\/de\/?s={search_term_string}\"},\"query-input\":{\"@type\":\"PropertyValueSpecification\",\"valueRequired\":true,\"valueName\":\"search_term_string\"}}],\"inLanguage\":\"de\"}]}<\/script>\n<!-- \/ Yoast SEO plugin. -->","yoast_head_json":{"title":"Turrite di San Rocco - Itaca Canyoning","description":"Ideal f\u00fcr ein erstes Canyoning-Erlebnis mit der Familie und um schon den Kleinsten diese Aktivit\u00e4t n\u00e4herzubringen.","robots":{"index":"index","follow":"follow","max-snippet":"max-snippet:-1","max-image-preview":"max-image-preview:large","max-video-preview":"max-video-preview:-1"},"canonical":"https:\/\/italiancanyoning.it\/de\/turrite-di-san-rocco\/","og_locale":"de_DE","og_type":"article","og_title":"Turrite di San Rocco - Itaca Canyoning","og_description":"Ideal f\u00fcr ein erstes Canyoning-Erlebnis mit der Familie und um schon den Kleinsten diese Aktivit\u00e4t n\u00e4herzubringen.","og_url":"https:\/\/italiancanyoning.it\/de\/turrite-di-san-rocco\/","og_site_name":"Itaca Canyoning","article_publisher":"https:\/\/www.facebook.com\/itacanyoning","article_modified_time":"2025-02-18T11:22:02+00:00","og_image":[{"width":1600,"height":1067,"url":"https:\/\/italiancanyoning.it\/wp-content\/uploads\/2021\/02\/itaca-canyoning-in-toscana-31_websize-1.jpg","type":"image\/jpeg"}],"twitter_card":"summary_large_image","twitter_misc":{"Gesch\u00e4tzte Lesezeit":"6\u00a0Minuten"},"schema":{"@context":"https:\/\/schema.org","@graph":[{"@type":"WebPage","@id":"https:\/\/italiancanyoning.it\/de\/turrite-di-san-rocco\/","url":"https:\/\/italiancanyoning.it\/de\/turrite-di-san-rocco\/","name":"Turrite di San Rocco - Itaca Canyoning","isPartOf":{"@id":"https:\/\/italiancanyoning.it\/de\/#website"},"primaryImageOfPage":{"@id":"https:\/\/italiancanyoning.it\/de\/turrite-di-san-rocco\/#primaryimage"},"image":{"@id":"https:\/\/italiancanyoning.it\/de\/turrite-di-san-rocco\/#primaryimage"},"thumbnailUrl":"https:\/\/italiancanyoning.it\/wp-content\/uploads\/2021\/02\/itaca-canyoning-in-toscana-31_websize-1.jpg","datePublished":"2023-03-15T13:53:18+00:00","dateModified":"2025-02-18T11:22:02+00:00","description":"Ideal f\u00fcr ein erstes Canyoning-Erlebnis mit der Familie und um schon den Kleinsten diese Aktivit\u00e4t n\u00e4herzubringen.","breadcrumb":{"@id":"https:\/\/italiancanyoning.it\/de\/turrite-di-san-rocco\/#breadcrumb"},"inLanguage":"de","potentialAction":[{"@type":"ReadAction","target":["https:\/\/italiancanyoning.it\/de\/turrite-di-san-rocco\/"]}]},{"@type":"ImageObject","inLanguage":"de","@id":"https:\/\/italiancanyoning.it\/de\/turrite-di-san-rocco\/#primaryimage","url":"https:\/\/italiancanyoning.it\/wp-content\/uploads\/2021\/02\/itaca-canyoning-in-toscana-31_websize-1.jpg","contentUrl":"https:\/\/italiancanyoning.it\/wp-content\/uploads\/2021\/02\/itaca-canyoning-in-toscana-31_websize-1.jpg","width":1600,"height":1067},{"@type":"BreadcrumbList","@id":"https:\/\/italiancanyoning.it\/de\/turrite-di-san-rocco\/#breadcrumb","itemListElement":[{"@type":"ListItem","position":1,"name":"Home","item":"https:\/\/italiancanyoning.it\/de\/"},{"@type":"ListItem","position":2,"name":"Turrite di San Rocco"}]},{"@type":"WebSite","@id":"https:\/\/italiancanyoning.it\/de\/#website","url":"https:\/\/italiancanyoning.it\/de\/","name":"Itaca - Italian Canyoning","description":"Scivola nell&#039;avventura, l&#039;esperienza del torrentismo ti aspetta!","potentialAction":[{"@type":"SearchAction","target":{"@type":"EntryPoint","urlTemplate":"https:\/\/italiancanyoning.it\/de\/?s={search_term_string}"},"query-input":{"@type":"PropertyValueSpecification","valueRequired":true,"valueName":"search_term_string"}}],"inLanguage":"de"}]}},"_links":{"self":[{"href":"https:\/\/italiancanyoning.it\/de\/wp-json\/wp\/v2\/pages\/8091","targetHints":{"allow":["GET"]}}],"collection":[{"href":"https:\/\/italiancanyoning.it\/de\/wp-json\/wp\/v2\/pages"}],"about":[{"href":"https:\/\/italiancanyoning.it\/de\/wp-json\/wp\/v2\/types\/page"}],"author":[{"embeddable":true,"href":"https:\/\/italiancanyoning.it\/de\/wp-json\/wp\/v2\/users\/3"}],"replies":[{"embeddable":true,"href":"https:\/\/italiancanyoning.it\/de\/wp-json\/wp\/v2\/comments?post=8091"}],"version-history":[{"count":2,"href":"https:\/\/italiancanyoning.it\/de\/wp-json\/wp\/v2\/pages\/8091\/revisions"}],"predecessor-version":[{"id":8212,"href":"https:\/\/italiancanyoning.it\/de\/wp-json\/wp\/v2\/pages\/8091\/revisions\/8212"}],"wp:featuredmedia":[{"embeddable":true,"href":"https:\/\/italiancanyoning.it\/de\/wp-json\/wp\/v2\/media\/8110"}],"wp:attachment":[{"href":"https:\/\/italiancanyoning.it\/de\/wp-json\/wp\/v2\/media?parent=8091"}],"curies":[{"name":"wp","href":"https:\/\/api.w.org\/{rel}","templated":true}]}}