{"id":8120,"date":"2024-11-20T15:57:37","date_gmt":"2024-11-20T15:57:37","guid":{"rendered":"https:\/\/italiancanyoning.it\/?page_id=8120"},"modified":"2025-02-18T13:42:17","modified_gmt":"2025-02-18T13:42:17","slug":"rio-prialunga","status":"publish","type":"page","link":"https:\/\/italiancanyoning.it\/de\/rio-prialunga\/","title":{"rendered":"Rio Prialunga"},"content":{"rendered":"<div class=\"wpb-content-wrapper\"><p>[vc_row full_width=&#8220;stretch_row_content&#8220; css_animation=&#8220;fadeIn&#8220; css=&#8220;.vc_custom_1737542514866{background-image: url(https:\/\/italiancanyoning.it\/wp-content\/uploads\/2022\/03\/canyoning-rio-selvano-garfagnana-lucca.jpg?id=1110) !important;background-position: center !important;background-repeat: no-repeat !important;background-size: cover !important;}&#8220;][vc_column][vc_custom_heading text=&#8220;Rio Prialunga&#8220; font_container=&#8220;tag:h1|font_size:110|text_align:left|color:%23FFFFFF&#8220; use_theme_fonts=&#8220;yes&#8220; css=&#8220;.vc_custom_1737623908959{margin-top: 50px !important;margin-right: 3% !important;margin-left: 3% !important;}&#8220;][vc_custom_heading text=&#8220;DER BEEINDRUCKENDSTE UND TECHNISCH ANSPRUCHSVOLLSTE CANYON&#8220; font_container=&#8220;tag:h2|font_size:36|text_align:left|color:%23FFFFFF&#8220; use_theme_fonts=&#8220;yes&#8220; css=&#8220;.vc_custom_1739875713694{margin-right: 3% !important;margin-bottom: 120px !important;margin-left: 3% !important;}&#8220;][\/vc_column][\/vc_row][vc_row full_width=&#8220;stretch_row_content&#8220; css_animation=&#8220;fadeIn&#8220;][vc_column][vc_column_text css=&#8220;&#8220;]<\/p>\n<h3 style=\"text-align: center;\">Eigenschaften<\/h3>\n<p>[\/vc_column_text][\/vc_column][\/vc_row][vc_row full_width=&#8220;stretch_row_content&#8220; css_animation=&#8220;fadeIn&#8220;][vc_column width=&#8220;1\/2&#8243;][vc_gmaps link=&#8220;#E-8_JTNDaWZyYW1lJTIwc3JjJTNEJTIyaHR0cHMlM0ElMkYlMkZ3d3cuZ29vZ2xlLmNvbSUyRm1hcHMlMkZlbWJlZCUzRnBiJTNEJTIxMW0xNCUyMTFtOCUyMTFtMyUyMTFkMzY0ODQ3LjYzODkxMzE2NTIlMjEyZDguNTc1NDg1JTIxM2Q0NC40MDUwMDglMjEzbTIlMjExaTEwMjQlMjEyaTc2OCUyMTRmMTMuMSUyMTNtMyUyMTFtMiUyMTFzMHgxMmQzMjNiNWI1ZmE2MTdmJTI1M0EweDlmMWU2YTc5NTBjZGE2MmQlMjEyc0Fncml0dXJpc21vJTI1MjBsYSUyNTIwRm9uZGElMjUyMGRpJTI1MjBGZWRlcmljaSUyNTIwTWFyY2VsbG8lMjE1ZTAlMjEzbTIlMjExc2l0JTIxMnN1cyUyMTR2MTczNzYyMzk1NDE0NiUyMTVtMiUyMTFzaXQlMjEyc3VzJTIyJTIwd2lkdGglM0QlMjIxMDAlMjUlMjIlMjBoZWlnaHQlM0QlMjI0NTAlMjIlMjBzdHlsZSUzRCUyMmJvcmRlciUzQTAlM0IlMjIlMjBhbGxvd2Z1bGxzY3JlZW4lM0QlMjIlMjIlMjBsb2FkaW5nJTNEJTIybGF6eSUyMiUyMHJlZmVycmVycG9saWN5JTNEJTIybm8tcmVmZXJyZXItd2hlbi1kb3duZ3JhZGUlMjIlM0UlM0MlMkZpZnJhbWUlM0U=&#8220; css=&#8220;&#8220;][\/vc_column][vc_column width=&#8220;1\/2&#8243;][vc_row_inner][vc_column_inner width=&#8220;1\/2&#8243;][vc_column_text css=&#8220;&#8220;]<\/p>\n<ul>\n<li><strong><span style=\"color: #d1955e;\">Stufe:<\/span><\/strong><br \/>\n<strong>Sportlich<\/strong><\/li>\n<li><strong><span style=\"color: #d1955e;\">Aktivit\u00e4tsdauer:<\/span><\/strong><br \/>\n<strong>4 Stunden<\/strong><\/li>\n<li><strong><span style=\"color: #d1955e;\">Gesamtdauer:<\/span><\/strong><br \/>\n<strong>6 Stunden<\/strong><\/li>\n<li><strong><span style=\"color: #d1955e;\">Zugriff:<\/span><\/strong><br \/>\n<strong>50 Minuten<\/strong><\/li>\n<li><strong><span style=\"color: #d1955e;\">R\u00fcckgabe:<\/span><\/strong><br \/>\n<strong>5 Minuten<\/strong><\/li>\n<\/ul>\n<p>[\/vc_column_text][\/vc_column_inner][vc_column_inner width=&#8220;1\/2&#8243;][vc_column_text css=&#8220;&#8220;]<\/p>\n<ul>\n<li><strong><span style=\"color: #d1955e;\">Zeitraum:<\/span><\/strong><br \/>\n<strong>Von April bis etwa Mitte Juni und von etwa Mitte September bis Oktober<\/strong><\/li>\n<li><strong><span style=\"color: #d1955e;\">Ab:<\/span><\/strong><br \/>\n<strong>16 Jahre alt<\/strong><\/li>\n<li><strong><span style=\"color: #d1955e;\">Pflichttauchgang:<br \/>\n<\/span>niemand<\/strong><\/li>\n<li><strong><span style=\"color: #d1955e;\">Obligatorischer Abstieg:<\/span><\/strong><br \/>\n<strong>35 Meter<\/strong><\/li>\n<li><strong><span style=\"color: #d1955e;\">Preis:<\/span><\/strong><br \/>\n<strong>100 Euro \/ Person<\/strong><\/li>\n<\/ul>\n<p>[\/vc_column_text][\/vc_column_inner][\/vc_row_inner][\/vc_column][\/vc_row][vc_row full_width=&#8220;stretch_row_content&#8220; css_animation=&#8220;none&#8220; css=&#8220;.vc_custom_1738322628890{background-color: #E5E3DC !important;}&#8220;][vc_column][vc_column_text css=&#8220;.vc_custom_1737623899805{margin-right: 3% !important;margin-left: 3% !important;}&#8220;]<\/p>\n<h2 style=\"text-align: center;\">Rio Prialunga<\/h2>\n<p>[\/vc_column_text][vc_column_text css=&#8220;&#8220;]Der Rio Prialunga ist zweifellos der beeindruckendste und technisch anspruchsvollste Canyon in Ligurien, sein Abstieg bietet Vertikalit\u00e4t, Adrenalin und Spa\u00df.<br \/>\nWenige Kilometer vom Meer entfernt finden wir inmitten der Beigua-Berge einen \u00fcberraschenden Weg, ein kleines St\u00fcck Schweiz, aber mit Meerblick. Der Canyon ist tats\u00e4chlich in die Serpentinen gehauen, die hier so glatt und kompakt sind, dass sie wie Granit wirken, und die wundersch\u00f6nen h\u00e4ngenden Becken, die wir auf halber Strecke finden, erinnern an die ber\u00fchmten Schweizer B\u00e4che.<br \/>\nDie geschnitzten W\u00e4nde und smaragdgr\u00fcnen Wannen schaffen eine einzigartige Atmosph\u00e4re.<br \/>\nDer Abstieg ist ab April befahrbar und eignet sich perfekt f\u00fcr die Fr\u00fchlings- und Herbstmonate. In den Sommermonaten sinkt der Wasserstand allerdings deutlich und das Flussbett liegt in verschiedenen Bereichen trocken. Der Rio Prialunga ist sowohl aus sportlicher als auch aus technischer Sicht eine anspruchsvolle Route. Der Zugangsweg erfordert eine gute k\u00f6rperliche Verfassung und aufgrund der zahlreichen Seilabfahrten und H\u00e4ngebecken ist die Aktivit\u00e4t nur Personen zu empfehlen, die \u00fcber mindestens Erfahrung mit Seilman\u00f6vern verf\u00fcgen. Eine Route, die den Sportlichsten und Wagemutigsten vorbehalten ist, die einen au\u00dfergew\u00f6hnlichen Tag inmitten der Natur verbringen m\u00f6chten.<br \/>\nDer Treffpunkt ist auf dem Parkplatz des Bauernhauses La Fonda, wo wir die Autos abstellen und das Material f\u00fcr die Aktivit\u00e4t verteilt wird. Von hier aus beginnen wir den Aufstieg, zuerst durch die bebauten Felder des Bauernhofs, dann folgen wir einem Saumpfad, der ein langes St\u00fcck durch den Kastanienwald ansteigt. Vom Saumpfad zweigt in \u00f6stlicher Richtung ein gut markierter Weg ab, der den Berg auf halber H\u00f6he \u00fcberquert und uns zum Bach f\u00fchrt. Bevor Sie mit der Flussabfahrt beginnen, erhalten Sie alle notwendigen Informationen zur Sicherheit und zum Fortkommen im Wildbach.<br \/>\nDer Abstieg beginnt ruhig mit etwas Abklettern zwischen gro\u00dfen Felsbrocken und einigen einfachen Seilabstiegen und einigen Tauchg\u00e4ngen. Dieser Teil ist sehr hell und der Horizont \u00f6ffnet sich zum Meer vor uns, wir befinden uns an einem weltraum\u00e4hnlichen Ort. Ziemlich schnell erreichen wir einen hohen Abstieg \u00fcber Felsstufen, der uns zum zentralen Teil des Rio Prialunga f\u00fchrt, dem sch\u00f6nsten und spektakul\u00e4rsten. Der Canyon schlie\u00dft sich um uns herum und vor uns erscheint eine Abfolge hoher Wasserf\u00e4lle und schwebender Becken mit Ausblicken von entwaffnender Sch\u00f6nheit. \u00dcber einen langen Handlauf gelangt man zum Anfang einer \u201esportlichen\u201c Rutsche, die Konzentration und schnelle Reflexe erfordert. Wir stehen nun an der Spitze zweier 30 Meter hoher Wasserf\u00e4lle, zwischen denen sich ein wundersch\u00f6nes H\u00e4ngebecken befindet. Dies ist die Schl\u00fcsselstelle des Abstiegs. Der folgende Teil besteht aus einigen beeindruckenden, aber einfacheren Abfahrten in einem wundersch\u00f6nen Korridor, der uns mit einem Sturzflug und einer geheimnisvollen Passage zum letzten Teil der Route f\u00fchrt. Die letzten beiden Abfahrten sind noch aufregend und wir erreichen eine ungesicherte Sprungschanze, wo wir am linken Ufer aussteigen. Wir gehen hinunter und durchqueren den Bach, indem wir einen Pfad am rechten Ufer nehmen, der zur\u00fcck zum Bauernhaus f\u00fchrt.<\/p>\n<p>Wenn Ihnen das Erlebnis gefallen hat und Sie bereit sind, noch einmal loszugehen, entdecken Sie mit uns die anderen ligurischen Fl\u00fcsse wie den Rio Lerca oder den Rio Barbaira.[\/vc_column_text][vc_empty_space]<div class=\"cqcarousel-container \" data-slidestoshow=\"4\" data-thumbstoshow=\"7\" data-dots=\"\" data-arrows=\"yes\" data-isgallery=\"\" data-largeimagearrows=\"yes\" data-autoplay=\"\" data-autoplayspeed=\"4000\" data-containerwidth=\"\" data-containermaxwidth=\"1920px\" data-imgnum=\"2\" data-bottomversion=\"\" data-dotbottom=\"\" data-lightboxmode=\"boxer\"><div class=\"carousel-thumb \"><div title=\"\"><a href=\"https:\/\/italiancanyoning.it\/wp-content\/uploads\/2023\/07\/canyoning-liguria-rio-bargonasco-12_websize.jpg\" class=\"cqcarousel-item\" title=\"\"><img decoding=\"async\" src=\"https:\/\/italiancanyoning.it\/wp-content\/uploads\/2023\/07\/canyoning-liguria-rio-bargonasco-12_websize-320x200.jpg\" alt=\"\" title=\"ITACA &#8211; Italian Canyoning\" \/><\/a><\/div><div title=\"\"><a href=\"https:\/\/italiancanyoning.it\/wp-content\/uploads\/2022\/03\/canyoning-rio-prialunga.jpg\" class=\"cqcarousel-item\" title=\"\"><img decoding=\"async\" src=\"https:\/\/italiancanyoning.it\/wp-content\/uploads\/2022\/03\/canyoning-rio-prialunga-320x200.jpg\" alt=\"\" title=\"canyoning-rio-prialunga\" \/><\/a><\/div><\/div><\/div>[vc_empty_space][\/vc_column][\/vc_row][vc_row full_width=&#8220;stretch_row_content&#8220; css_animation=&#8220;none&#8220;][vc_column width=&#8220;1\/2&#8243;][vc_custom_heading text=&#8220;Allgemeine Informationen&#8220; font_container=&#8220;tag:h3|font_size:40|text_align:left|color:%2326456A&#8220; use_theme_fonts=&#8220;yes&#8220; css=&#8220;.vc_custom_1739875794894{margin-right: 3% !important;margin-left: 3% !important;}&#8220;][\/vc_column][vc_column width=&#8220;1\/2&#8243;][vc_custom_heading text=&#8220;Der Rio Prialunga flie\u00dft durch die W\u00e4lder des Naturparks Monte Beigua, wenige Kilometer von der ligurischen Riviera und der f\u00fcr Surfen und Bouldern ber\u00fchmten Stadt Varazze entfernt. Dieser Fluss ist von Genua aus leicht erreichbar und erm\u00f6glicht uns, einen abenteuerlichen und adrenalingeladenen Tag zu erleben, der den Sportlichsten und Wagemutigsten vorbehalten ist. Canyoning mit Meerblick.&#8220; font_container=&#8220;tag:p|font_size:23|text_align:left|color:%2326466A&#8220; use_theme_fonts=&#8220;yes&#8220; css=&#8220;.vc_custom_1739875841279{margin-right: 3% !important;margin-left: 3% !important;}&#8220;][\/vc_column][\/vc_row][vc_row full_width=&#8220;stretch_row_content&#8220; css_animation=&#8220;none&#8220; css=&#8220;.vc_custom_1738322643756{background-color: #A7BBBC !important;}&#8220;][vc_column width=&#8220;1\/2&#8243;][vc_custom_heading text=&#8220;Vertikale Merkmale&#8220; font_container=&#8220;tag:h3|font_size:40|text_align:left|color:%23FFFFFF&#8220; use_theme_fonts=&#8220;yes&#8220; css=&#8220;.vc_custom_1739875804506{margin-right: 3% !important;margin-left: 3% !important;}&#8220;][\/vc_column][vc_column width=&#8220;1\/2&#8243;][vc_custom_heading text=&#8220;Die etwa einen Kilometer lange Strecke verf\u00fcgt \u00fcber 15 Seilabfahrten, von denen die h\u00f6chste 35 Meter misst. Der spektakul\u00e4rste und aufregendste Teil ist sicherlich der zentrale Teil, wo sich die schwebenden Becken und die h\u00f6chsten Wasserf\u00e4lle befinden. Daf\u00fcr sind die 330 H\u00f6henmeter gleichm\u00e4\u00dfig \u00fcber die Strecke verteilt und bis zum Schluss folgt ein Wasserfall dem anderen. Da es hohe und technische Abfahrten gibt, ist ein Minimum an Erfahrung erforderlich, um den Tag voll und ganz genie\u00dfen zu k\u00f6nnen.&#8220; font_container=&#8220;tag:p|font_size:23|text_align:left|color:%23FFFFFF&#8220; use_theme_fonts=&#8220;yes&#8220; css=&#8220;.vc_custom_1739875859602{margin-right: 3% !important;margin-left: 3% !important;}&#8220;][\/vc_column][\/vc_row][vc_row full_width=&#8220;stretch_row_content&#8220; css_animation=&#8220;none&#8220;][vc_column width=&#8220;1\/2&#8243;][vc_custom_heading text=&#8220;Wasserfunktionen&#8220; font_container=&#8220;tag:h3|font_size:40|text_align:left|color:%2326456A&#8220; use_theme_fonts=&#8220;yes&#8220; css=&#8220;.vc_custom_1739875820416{margin-right: 3% !important;margin-left: 3% !important;}&#8220;][\/vc_column][vc_column width=&#8220;1\/2&#8243;][vc_custom_heading text=&#8220;Die Abfahrt ist ab April befahrbar und bietet zu Saisonbeginn die besten Bedingungen. Tats\u00e4chlich ist die Wasserstr\u00f6mung im Sommer deutlich geringer und der Abstieg weniger interessant. Die starken Herbstregenf\u00e4lle, die Ligurien regelm\u00e4\u00dfig heimsuchen, machen den Abstieg nach dem Sommer wieder m\u00f6glich. Bitte beachten Sie, dass bei hohen Flie\u00dfgeschwindigkeiten die Passagen der H\u00e4ngetanks sehr schwierig sein k\u00f6nnen, der Abstieg sollte daher nur bei optimalen Bedingungen unternommen werden.&#8220; font_container=&#8220;tag:p|font_size:23|text_align:left|color:%2326456A&#8220; use_theme_fonts=&#8220;yes&#8220; css=&#8220;.vc_custom_1739875871894{margin-right: 3% !important;margin-left: 3% !important;}&#8220;][\/vc_column][\/vc_row][vc_row full_width=&#8220;stretch_row_content&#8220; css_animation=&#8220;none&#8220; css=&#8220;.vc_custom_1738322659016{background-color: #F3E8D7 !important;}&#8220;][vc_column width=&#8220;1\/2&#8243;][vc_custom_heading text=&#8220;Engagement&#8220; font_container=&#8220;tag:h3|font_size:40|text_align:left|color:%2326456A&#8220; use_theme_fonts=&#8220;yes&#8220; css=&#8220;.vc_custom_1738582481405{margin-right: 3% !important;margin-left: 3% !important;}&#8220;][\/vc_column][vc_column width=&#8220;1\/2&#8243;][vc_custom_heading text=&#8220;Im Lauf des Rio Prialunga wechseln sich offenere und sonnigere Bereiche mit anderen, zur\u00fcckgezogeneren und geschlossenen Bereichen ab, wie beispielsweise im zentralen Teil des Wildbachs, wo sich die wundersch\u00f6nen h\u00e4ngenden Becken und die h\u00f6chsten Wasserf\u00e4lle befinden. Dieser Bereich bietet keine Fluchtwege oder Sicherheitszonen und sollte nur betreten werden, wenn dies sicher ist. Der Anfangs- und der Schlussteil sind nicht zu steil und der Ausstieg ist durch den Wald m\u00f6glich, im ersten Teil am linken Ufer, im Schlussteil am rechten Ufer.&#8220; font_container=&#8220;tag:p|font_size:23|text_align:left|color:%2326466A&#8220; use_theme_fonts=&#8220;yes&#8220; css=&#8220;.vc_custom_1739875890704{margin-right: 3% !important;margin-left: 3% !important;}&#8220;][\/vc_column][\/vc_row][vc_row full_width=&#8220;stretch_row_content_no_spaces&#8220; css_animation=&#8220;none&#8220;][vc_column width=&#8220;1\/2&#8243; css=&#8220;.vc_custom_1737624274454{background-image: url(https:\/\/italiancanyoning.it\/wp-content\/uploads\/2022\/03\/canyoning-rio-prialunga.jpg?id=1095) !important;background-position: center !important;background-repeat: no-repeat !important;background-size: cover !important;}&#8220;][vc_empty_space height=&#8220;700px&#8220;][\/vc_column][vc_column width=&#8220;1\/2&#8243; css=&#8220;.vc_custom_1737541948439{margin-right: 5% !important;margin-left: 5% !important;}&#8220;][vc_column_text css=&#8220;.vc_custom_1739875905090{margin-right: 5% !important;}&#8220;]<\/p>\n<h2>Nehmen Sie Kontakt mit uns auf!<\/h2>\n<p>Z\u00d6GERN SIE NICHT, UNS BEI ZWEIFELN ODER F\u00dcR INFORMATIONEN ZU KONTAKTIEREN. WIR WERDEN SO SCHNELL WIE M\u00d6GLICH ANTWORTEN.<\/p>\n<h4>Tel: +39 328 4697777<\/h4>\n<h4>E-Mail: <a href=\"mailto:info@italiancanyoning.it\">info@italiancanyoning.it<\/a><\/h4>\n<p>[\/vc_column_text][dhvc_form id=&#8220;7124&#8243;][\/vc_column][\/vc_row]<\/p>\n<\/div>","protected":false},"excerpt":{"rendered":"<p>[vc_row full_width=&#8220;stretch_row_content&#8220; css_animation=&#8220;fadeIn&#8220; css=&#8220;.vc_custom_1737542514866{background-image: url(https:\/\/italiancanyoning.it\/wp-content\/uploads\/2022\/03\/canyoning-rio-selvano-garfagnana-lucca.jpg?id=1110) !important;background-position: center !important;background-repeat: no-repeat !important;background-size: [&hellip;]<\/p>\n","protected":false},"author":3,"featured_media":7783,"parent":0,"menu_order":0,"comment_status":"closed","ping_status":"closed","template":"template-fullwidth-no-heading.php","meta":{"footnotes":""},"class_list":["post-8120","page","type-page","status-publish","has-post-thumbnail","hentry"],"yoast_head":"<!-- This site is optimized with the Yoast SEO plugin v26.4 - https:\/\/yoast.com\/wordpress\/plugins\/seo\/ -->\n<title>Rio Prialunga - Itaca Canyoning<\/title>\n<meta name=\"description\" content=\"Der Canyon ist in Serpentinen gegraben, die so glatt und kompakt sind, dass sie wie Granit aussehen. Auf halber Strecke erinnern die wundersch\u00f6nen H\u00e4ngebecken an Schweizer B\u00e4che.\" \/>\n<meta name=\"robots\" content=\"index, follow, max-snippet:-1, max-image-preview:large, max-video-preview:-1\" \/>\n<link rel=\"canonical\" href=\"https:\/\/italiancanyoning.it\/de\/rio-prialunga\/\" \/>\n<meta property=\"og:locale\" content=\"de_DE\" \/>\n<meta property=\"og:type\" content=\"article\" \/>\n<meta property=\"og:title\" content=\"Rio Prialunga - Itaca Canyoning\" \/>\n<meta property=\"og:description\" content=\"Der Canyon ist in Serpentinen gegraben, die so glatt und kompakt sind, dass sie wie Granit aussehen. Auf halber Strecke erinnern die wundersch\u00f6nen H\u00e4ngebecken an Schweizer B\u00e4che.\" \/>\n<meta property=\"og:url\" content=\"https:\/\/italiancanyoning.it\/de\/rio-prialunga\/\" \/>\n<meta property=\"og:site_name\" content=\"Itaca Canyoning\" \/>\n<meta property=\"article:publisher\" content=\"https:\/\/www.facebook.com\/itacanyoning\" \/>\n<meta property=\"article:modified_time\" content=\"2025-02-18T13:42:17+00:00\" \/>\n<meta property=\"og:image\" content=\"https:\/\/italiancanyoning.it\/wp-content\/uploads\/2024\/11\/itaca-canyoning-liguria-rio-bargonasco-13_websize-1-1024x683-1.jpg\" \/>\n\t<meta property=\"og:image:width\" content=\"1024\" \/>\n\t<meta property=\"og:image:height\" content=\"683\" \/>\n\t<meta property=\"og:image:type\" content=\"image\/jpeg\" \/>\n<meta name=\"twitter:card\" content=\"summary_large_image\" \/>\n<meta name=\"twitter:label1\" content=\"Gesch\u00e4tzte Lesezeit\" \/>\n\t<meta name=\"twitter:data1\" content=\"6\u00a0Minuten\" \/>\n<script type=\"application\/ld+json\" class=\"yoast-schema-graph\">{\"@context\":\"https:\/\/schema.org\",\"@graph\":[{\"@type\":\"WebPage\",\"@id\":\"https:\/\/italiancanyoning.it\/de\/rio-prialunga\/\",\"url\":\"https:\/\/italiancanyoning.it\/de\/rio-prialunga\/\",\"name\":\"Rio Prialunga - Itaca Canyoning\",\"isPartOf\":{\"@id\":\"https:\/\/italiancanyoning.it\/de\/#website\"},\"primaryImageOfPage\":{\"@id\":\"https:\/\/italiancanyoning.it\/de\/rio-prialunga\/#primaryimage\"},\"image\":{\"@id\":\"https:\/\/italiancanyoning.it\/de\/rio-prialunga\/#primaryimage\"},\"thumbnailUrl\":\"https:\/\/italiancanyoning.it\/wp-content\/uploads\/2024\/11\/itaca-canyoning-liguria-rio-bargonasco-13_websize-1-1024x683-1.jpg\",\"datePublished\":\"2024-11-20T15:57:37+00:00\",\"dateModified\":\"2025-02-18T13:42:17+00:00\",\"description\":\"Der Canyon ist in Serpentinen gegraben, die so glatt und kompakt sind, dass sie wie Granit aussehen. Auf halber Strecke erinnern die wundersch\u00f6nen H\u00e4ngebecken an Schweizer B\u00e4che.\",\"breadcrumb\":{\"@id\":\"https:\/\/italiancanyoning.it\/de\/rio-prialunga\/#breadcrumb\"},\"inLanguage\":\"de\",\"potentialAction\":[{\"@type\":\"ReadAction\",\"target\":[\"https:\/\/italiancanyoning.it\/de\/rio-prialunga\/\"]}]},{\"@type\":\"ImageObject\",\"inLanguage\":\"de\",\"@id\":\"https:\/\/italiancanyoning.it\/de\/rio-prialunga\/#primaryimage\",\"url\":\"https:\/\/italiancanyoning.it\/wp-content\/uploads\/2024\/11\/itaca-canyoning-liguria-rio-bargonasco-13_websize-1-1024x683-1.jpg\",\"contentUrl\":\"https:\/\/italiancanyoning.it\/wp-content\/uploads\/2024\/11\/itaca-canyoning-liguria-rio-bargonasco-13_websize-1-1024x683-1.jpg\",\"width\":1024,\"height\":683},{\"@type\":\"BreadcrumbList\",\"@id\":\"https:\/\/italiancanyoning.it\/de\/rio-prialunga\/#breadcrumb\",\"itemListElement\":[{\"@type\":\"ListItem\",\"position\":1,\"name\":\"Home\",\"item\":\"https:\/\/italiancanyoning.it\/de\/\"},{\"@type\":\"ListItem\",\"position\":2,\"name\":\"Rio Prialunga\"}]},{\"@type\":\"WebSite\",\"@id\":\"https:\/\/italiancanyoning.it\/de\/#website\",\"url\":\"https:\/\/italiancanyoning.it\/de\/\",\"name\":\"Itaca - Italian Canyoning\",\"description\":\"Scivola nell&#039;avventura, l&#039;esperienza del torrentismo ti aspetta!\",\"potentialAction\":[{\"@type\":\"SearchAction\",\"target\":{\"@type\":\"EntryPoint\",\"urlTemplate\":\"https:\/\/italiancanyoning.it\/de\/?s={search_term_string}\"},\"query-input\":{\"@type\":\"PropertyValueSpecification\",\"valueRequired\":true,\"valueName\":\"search_term_string\"}}],\"inLanguage\":\"de\"}]}<\/script>\n<!-- \/ Yoast SEO plugin. -->","yoast_head_json":{"title":"Rio Prialunga - Itaca Canyoning","description":"Der Canyon ist in Serpentinen gegraben, die so glatt und kompakt sind, dass sie wie Granit aussehen. Auf halber Strecke erinnern die wundersch\u00f6nen H\u00e4ngebecken an Schweizer B\u00e4che.","robots":{"index":"index","follow":"follow","max-snippet":"max-snippet:-1","max-image-preview":"max-image-preview:large","max-video-preview":"max-video-preview:-1"},"canonical":"https:\/\/italiancanyoning.it\/de\/rio-prialunga\/","og_locale":"de_DE","og_type":"article","og_title":"Rio Prialunga - Itaca Canyoning","og_description":"Der Canyon ist in Serpentinen gegraben, die so glatt und kompakt sind, dass sie wie Granit aussehen. Auf halber Strecke erinnern die wundersch\u00f6nen H\u00e4ngebecken an Schweizer B\u00e4che.","og_url":"https:\/\/italiancanyoning.it\/de\/rio-prialunga\/","og_site_name":"Itaca Canyoning","article_publisher":"https:\/\/www.facebook.com\/itacanyoning","article_modified_time":"2025-02-18T13:42:17+00:00","og_image":[{"width":1024,"height":683,"url":"https:\/\/italiancanyoning.it\/wp-content\/uploads\/2024\/11\/itaca-canyoning-liguria-rio-bargonasco-13_websize-1-1024x683-1.jpg","type":"image\/jpeg"}],"twitter_card":"summary_large_image","twitter_misc":{"Gesch\u00e4tzte Lesezeit":"6\u00a0Minuten"},"schema":{"@context":"https:\/\/schema.org","@graph":[{"@type":"WebPage","@id":"https:\/\/italiancanyoning.it\/de\/rio-prialunga\/","url":"https:\/\/italiancanyoning.it\/de\/rio-prialunga\/","name":"Rio Prialunga - Itaca Canyoning","isPartOf":{"@id":"https:\/\/italiancanyoning.it\/de\/#website"},"primaryImageOfPage":{"@id":"https:\/\/italiancanyoning.it\/de\/rio-prialunga\/#primaryimage"},"image":{"@id":"https:\/\/italiancanyoning.it\/de\/rio-prialunga\/#primaryimage"},"thumbnailUrl":"https:\/\/italiancanyoning.it\/wp-content\/uploads\/2024\/11\/itaca-canyoning-liguria-rio-bargonasco-13_websize-1-1024x683-1.jpg","datePublished":"2024-11-20T15:57:37+00:00","dateModified":"2025-02-18T13:42:17+00:00","description":"Der Canyon ist in Serpentinen gegraben, die so glatt und kompakt sind, dass sie wie Granit aussehen. Auf halber Strecke erinnern die wundersch\u00f6nen H\u00e4ngebecken an Schweizer B\u00e4che.","breadcrumb":{"@id":"https:\/\/italiancanyoning.it\/de\/rio-prialunga\/#breadcrumb"},"inLanguage":"de","potentialAction":[{"@type":"ReadAction","target":["https:\/\/italiancanyoning.it\/de\/rio-prialunga\/"]}]},{"@type":"ImageObject","inLanguage":"de","@id":"https:\/\/italiancanyoning.it\/de\/rio-prialunga\/#primaryimage","url":"https:\/\/italiancanyoning.it\/wp-content\/uploads\/2024\/11\/itaca-canyoning-liguria-rio-bargonasco-13_websize-1-1024x683-1.jpg","contentUrl":"https:\/\/italiancanyoning.it\/wp-content\/uploads\/2024\/11\/itaca-canyoning-liguria-rio-bargonasco-13_websize-1-1024x683-1.jpg","width":1024,"height":683},{"@type":"BreadcrumbList","@id":"https:\/\/italiancanyoning.it\/de\/rio-prialunga\/#breadcrumb","itemListElement":[{"@type":"ListItem","position":1,"name":"Home","item":"https:\/\/italiancanyoning.it\/de\/"},{"@type":"ListItem","position":2,"name":"Rio Prialunga"}]},{"@type":"WebSite","@id":"https:\/\/italiancanyoning.it\/de\/#website","url":"https:\/\/italiancanyoning.it\/de\/","name":"Itaca - Italian Canyoning","description":"Scivola nell&#039;avventura, l&#039;esperienza del torrentismo ti aspetta!","potentialAction":[{"@type":"SearchAction","target":{"@type":"EntryPoint","urlTemplate":"https:\/\/italiancanyoning.it\/de\/?s={search_term_string}"},"query-input":{"@type":"PropertyValueSpecification","valueRequired":true,"valueName":"search_term_string"}}],"inLanguage":"de"}]}},"_links":{"self":[{"href":"https:\/\/italiancanyoning.it\/de\/wp-json\/wp\/v2\/pages\/8120","targetHints":{"allow":["GET"]}}],"collection":[{"href":"https:\/\/italiancanyoning.it\/de\/wp-json\/wp\/v2\/pages"}],"about":[{"href":"https:\/\/italiancanyoning.it\/de\/wp-json\/wp\/v2\/types\/page"}],"author":[{"embeddable":true,"href":"https:\/\/italiancanyoning.it\/de\/wp-json\/wp\/v2\/users\/3"}],"replies":[{"embeddable":true,"href":"https:\/\/italiancanyoning.it\/de\/wp-json\/wp\/v2\/comments?post=8120"}],"version-history":[{"count":2,"href":"https:\/\/italiancanyoning.it\/de\/wp-json\/wp\/v2\/pages\/8120\/revisions"}],"predecessor-version":[{"id":8214,"href":"https:\/\/italiancanyoning.it\/de\/wp-json\/wp\/v2\/pages\/8120\/revisions\/8214"}],"wp:featuredmedia":[{"embeddable":true,"href":"https:\/\/italiancanyoning.it\/de\/wp-json\/wp\/v2\/media\/7783"}],"wp:attachment":[{"href":"https:\/\/italiancanyoning.it\/de\/wp-json\/wp\/v2\/media?parent=8120"}],"curies":[{"name":"wp","href":"https:\/\/api.w.org\/{rel}","templated":true}]}}