{"id":1607,"date":"2021-05-03T15:49:06","date_gmt":"2021-05-03T15:49:06","guid":{"rendered":"https:\/\/italiancanyoning.it\/canyoning-in-toscana\/"},"modified":"2025-02-18T10:45:33","modified_gmt":"2025-02-18T10:45:33","slug":"canyoning-in-toscane","status":"publish","type":"page","link":"https:\/\/italiancanyoning.it\/fr\/canyoning-in-toscane\/","title":{"rendered":"Canyoning en Toscane"},"content":{"rendered":"<div class=\"wpb-content-wrapper\"><p>[vc_row full_width=\u00a0\u00bbstretch_row_content\u00a0\u00bb css_animation=\u00a0\u00bbfadeIn\u00a0\u00bb css=\u00a0\u00bb.vc_custom_1737479474428{background-image: url(https:\/\/italiancanyoning.it\/wp-content\/uploads\/2022\/03\/canyoning-in-toscana-firenze.jpg?id=1099) !important;background-position: center !important;background-repeat: no-repeat !important;background-size: cover !important;}\u00a0\u00bb][vc_column][vc_custom_heading text=\u00a0\u00bbCanyoning en Toscane\u00a0\u00bb font_container=\u00a0\u00bbtag:h1|font_size:45|text_align:center|color:%23FFFFFF\u00a0\u00bb use_theme_fonts=\u00a0\u00bbyes\u00a0\u00bb css=\u00a0\u00bb.vc_custom_1737478871110{margin-top: 50px !important;margin-bottom: 50px !important;}\u00a0\u00bb][\/vc_column][\/vc_row][vc_row css_animation=\u00a0\u00bbfadeIn\u00a0\u00bb][vc_column][vc_column_text css=\u00a0\u00bb\u00a0\u00bb]Le <strong>canyoning en Toscane<\/strong> est une fa\u00e7on diff\u00e9rente de d\u00e9couvrir l&rsquo;une des r\u00e9gions les plus connues d&rsquo;Italie.<\/p>\n<p>Les villes d&rsquo;art, les paysages, la gastronomie attirent de nombreux touristes.<\/p>\n<p>La nature contribue \u00e9galement \u00e0 la beaut\u00e9 de la Toscane. Pour les pratiquants du canyoning, beaucoup moins connus sont <strong>ses canyons<\/strong>, qui restent cach\u00e9s dans des vall\u00e9es encore <strong>peu connues et fr\u00e9quent\u00e9es.<\/strong><\/p>\n<p>De la <strong>Garfagnana<\/strong>, ombrag\u00e9e et myst\u00e9rieuse, aux <strong>Alpes Apuanes<\/strong>, abruptes et sauvages, en passant par les c\u00e9l\u00e8bres <strong>collines florentines<\/strong>, nous vous proposons toutes sortes de descentes dans les torrents les plus beaux et les plus agr\u00e9ables.[\/vc_column_text][\/vc_column][\/vc_row][vc_row full_width=\u00a0\u00bbstretch_row_content\u00a0\u00bb parallax=\u00a0\u00bbcontent-moving\u00a0\u00bb parallax_image=\u00a0\u00bb6438&Prime; parallax_speed_bg=\u00a0\u00bb3.5&Prime; css_animation=\u00a0\u00bbnone\u00a0\u00bb css=\u00a0\u00bb.vc_custom_1738320302418{margin-right: 5% !important;margin-left: 5% !important;background-color: #CFB8B800 !important;}\u00a0\u00bb][vc_column][vc_column_text css=\u00a0\u00bb.vc_custom_1737479463264{margin-top: 30px !important;margin-right: 5% !important;margin-bottom: 60px !important;margin-left: 5% !important;padding-top: 10px !important;padding-right: 20px !important;padding-bottom: 10px !important;padding-left: 20px !important;background-color: #E5E3DC !important;}\u00a0\u00bb]<\/p>\n<h2><strong>CanyoningToscana<\/strong> : une <strong>fa\u00e7on aventureuse<\/strong> de d\u00e9couvrir la nature de la r\u00e9gion<\/h2>\n<p>\u00c0 proximit\u00e9 de villes c\u00e9l\u00e8bres telles que Florence, Pise et Lucques, le canyoning en Toscane offre des itin\u00e9raires amusants et fascinants. Ces <strong>itin\u00e9raires de canyoning en Toscane<\/strong> offrent la possibilit\u00e9 de d\u00e9couvrir notre r\u00e9gion d&rsquo;une mani\u00e8re nouvelle et amusante.[\/vc_column_text][\/vc_column][\/vc_row][vc_row css_animation=\u00a0\u00bbnone\u00a0\u00bb css=\u00a0\u00bb.vc_custom_1738320310536{margin-right: 3% !important;margin-left: 3% !important;}\u00a0\u00bb][vc_column width=\u00a0\u00bb1\/4&Prime;][vc_single_image image=\u00a0\u00bb931&Prime; img_size=\u00a0\u00bb600X600&Prime; alignment=\u00a0\u00bbcenter\u00a0\u00bb style=\u00a0\u00bbvc_box_shadow_border\u00a0\u00bb css=\u00a0\u00bb\u00a0\u00bb][\/vc_column][vc_column width=\u00a0\u00bb3\/4&Prime;][vc_column_text css=\u00a0\u00bb\u00a0\u00bb]<\/p>\n<h3><a href=\"\/fr\/canyoning-rio-buti\/\"><strong><span style=\"color: #d1955e;\">Canyoning Toscane \u2013 Rio Buti : Un tr\u00e9sor cach\u00e9<\/span><\/strong><\/a><\/h3>\n<p>C&rsquo;est une surprise de trouver \u00e0 seulement quelques kilom\u00e8tres de Florence, cach\u00e9 dans une zone montagneuse isol\u00e9e et peu habit\u00e9e appel\u00e9e Calvana, le <a href=\"\/fr\/canyoning-rio-buti\/\" rel=\"noopener\">Rio Buti<\/a>. Ce petit et magnifique ruisseau offre une exp\u00e9rience diff\u00e9rente du Canyoning en Toscane qui ajoutera quelque chose d&rsquo;inhabituel \u00e0 votre s\u00e9jour \u00e0 Florence. Ce canyon est id\u00e9al pour une d\u00e9couverte de l&rsquo;activit\u00e9 en famille.[\/vc_column_text][\/vc_column][\/vc_row][vc_row css_animation=\u00a0\u00bbnone\u00a0\u00bb css=\u00a0\u00bb.vc_custom_1738320310536{margin-right: 3% !important;margin-left: 3% !important;}\u00a0\u00bb][vc_column width=\u00a0\u00bb1\/4&Prime;][vc_single_image image=\u00a0\u00bb1110&Prime; img_size=\u00a0\u00bb600X600&Prime; alignment=\u00a0\u00bbcenter\u00a0\u00bb style=\u00a0\u00bbvc_box_shadow_border\u00a0\u00bb css=\u00a0\u00bb\u00a0\u00bb][\/vc_column][vc_column width=\u00a0\u00bb3\/4&Prime;][vc_column_text css=\u00a0\u00bb\u00a0\u00bb]<\/p>\n<h3><a href=\"\/fr\/canyoning-rio-selvano\/\"><strong><span style=\"color: #d1955e;\">Canyoning Toscane \u2013 Rio Selvano : du plaisir en Garfagnana<\/span><\/strong><\/a><\/h3>\n<p>En se d\u00e9pla\u00e7ant vers la province de Lucques et en remontant la Garfagnana le long de la vall\u00e9e du Serchio, on trouve le <a href=\"\/fr\/canyoning-rio-selvano\/\" rel=\"noopener\">Rio Selvano<\/a>, le canyoning le plus beau et le plus ludique de Toscane. Un parcours vari\u00e9 alternant sauts, toboggans et descentes sur corde dans un cadre naturel magnifique.[\/vc_column_text][\/vc_column][\/vc_row][vc_row css_animation=\u00a0\u00bbnone\u00a0\u00bb css=\u00a0\u00bb.vc_custom_1738320310536{margin-right: 3% !important;margin-left: 3% !important;}\u00a0\u00bb][vc_column width=\u00a0\u00bb1\/4&Prime;][vc_single_image image=\u00a0\u00bb3381&Prime; img_size=\u00a0\u00bb600X600&Prime; alignment=\u00a0\u00bbcenter\u00a0\u00bb style=\u00a0\u00bbvc_box_shadow_border\u00a0\u00bb css=\u00a0\u00bb\u00a0\u00bb][\/vc_column][vc_column width=\u00a0\u00bb3\/4&Prime;][vc_column_text css=\u00a0\u00bb\u00a0\u00bb]<\/p>\n<h3><a href=\"\/fr\/turrite-san-rocco\/\"><strong><span style=\"color: #d1955e;\">Canyoning Toscane \u2013 Turrite di San Rocco : une aventure pour tous<\/span><\/strong><\/a><\/h3>\n<p>Les for\u00eats luxuriantes de cette vall\u00e9e cachent une autre descente int\u00e9ressante, celle du <a href=\"\/fr\/turrite-san-rocco\/\" rel=\"noopener\">Turrite di San Rocco<\/a>. Une petite merveille naturelle qui convient \u00e0 tout le monde, et surtout aux plus petits. Parcours de deux heures permettant de d\u00e9couvrir le canyoning dans un cadre paisible et relaxant.[\/vc_column_text][\/vc_column][\/vc_row][vc_row css_animation=\u00a0\u00bbnone\u00a0\u00bb css=\u00a0\u00bb.vc_custom_1738320310536{margin-right: 3% !important;margin-left: 3% !important;}\u00a0\u00bb][vc_column width=\u00a0\u00bb1\/4&Prime;][vc_single_image image=\u00a0\u00bb6490&Prime; img_size=\u00a0\u00bb600X600&Prime; alignment=\u00a0\u00bbcenter\u00a0\u00bb style=\u00a0\u00bbvc_box_shadow_border\u00a0\u00bb css=\u00a0\u00bb\u00a0\u00bb][\/vc_column][vc_column width=\u00a0\u00bb3\/4&Prime;][vc_column_text css=\u00a0\u00bb\u00a0\u00bb]<\/p>\n<h3><a href=\"\/fr\/torrente-serra\/\"><strong><span style=\"color: #d1955e;\">Canyoning Toscane \u2013 Torrente Serra : une exp\u00e9rience unique<\/span><\/strong><\/a><\/h3>\n<p>Au nord de Pise, \u00e0 quelques kilom\u00e8tres des plages de la Versilia, le <a href=\"\/fr\/torrente-serra\/\" rel=\"noopener\">Torrente Serra<\/a> se jette dans les vall\u00e9es du Monte Altissimo. Par les belles journ\u00e9es de printemps, ce torrent permet une descente facile et ludique qui se pr\u00eate bien \u00e0 une sortie entre amis ou \u00e0 un enterrement de vie de jeune fille\/gar\u00e7on insolite avec le passage du fameux toboggan de 12 m\u00e8tres.[\/vc_column_text][\/vc_column][\/vc_row][vc_row][vc_column][vc_cta h2=\u00a0\u00bbChoisissez votre torrent et r\u00e9servez d\u00e8s maintenant !\u00a0\u00bb h2_font_container=\u00a0\u00bbtag:h4|font_size:40|text_align:left|color:%23105D8C\u00a0\u00bb h2_google_fonts=\u00a0\u00bbfont_family:IM%20Fell%20DW%20Pica%3Aregular%2Citalic|font_style:400%20regular%3A400%3Anormal\u00a0\u00bb add_button=\u00a0\u00bbright\u00a0\u00bb btn_title=\u00a0\u00bbCONTACTEZ-NOUS MAINTENANT\u00a0\u00bb btn_style=\u00a0\u00bbcustom\u00a0\u00bb btn_custom_background=\u00a0\u00bb#D1955E\u00a0\u00bb btn_custom_text=\u00a0\u00bb#FFFFFF\u00a0\u00bb btn_size=\u00a0\u00bblg\u00a0\u00bb css=\u00a0\u00bb\u00a0\u00bb use_custom_fonts_h2=\u00a0\u00bbtrue\u00a0\u00bb btn_link=\u00a0\u00bburl:%2Ffr%2Freservation%2F|title:Contacts\u00a0\u00bb]\u00c9crivez-nous en indiquant le cours d&rsquo;eau qui vous int\u00e9resse ou pour obtenir plus d&rsquo;informations en g\u00e9n\u00e9ral.[\/vc_cta][\/vc_column][\/vc_row][vc_row css_animation=\u00a0\u00bbnone\u00a0\u00bb css=\u00a0\u00bb.vc_custom_1738320310536{margin-right: 3% !important;margin-left: 3% !important;}\u00a0\u00bb][vc_column][vc_column_text css=\u00a0\u00bb\u00a0\u00bb]<\/p>\n<h3><strong>Autres canyons \u00e0 explorer<\/strong><\/h3>\n<p>En outre, la Toscane compte de nombreux autres torrents et ruisseaux qui offrent des exp\u00e9riences uniques en mati\u00e8re de canyoning. Il s&rsquo;agit notamment du Rio Maggiore \u00e0 Fabbriche di Vallico, du magnifique Torrente Ania pr\u00e8s de Barga et du Rio Prunaccio au c\u0153ur des Alpes Apuanes dans la r\u00e9gion de Careggine. Ces cours d&rsquo;eau sont l&rsquo;occasion de faire un voyage \u00e9tonnant \u00e0 travers les \u00e9l\u00e9ments de la nature et de d\u00e9couvrir la Toscane d&rsquo;une mani\u00e8re authentique et inhabituelle.[\/vc_column_text][\/vc_column][\/vc_row]<\/p>\n<\/div>","protected":false},"excerpt":{"rendered":"<p>[vc_row full_width=\u00a0\u00bbstretch_row_content\u00a0\u00bb css_animation=\u00a0\u00bbfadeIn\u00a0\u00bb css=\u00a0\u00bb.vc_custom_1737479474428{background-image: url(https:\/\/italiancanyoning.it\/wp-content\/uploads\/2022\/03\/canyoning-in-toscana-firenze.jpg?id=1099) !important;background-position: center !important;background-repeat: no-repeat !important;background-size: [&hellip;]<\/p>\n","protected":false},"author":3,"featured_media":0,"parent":0,"menu_order":0,"comment_status":"closed","ping_status":"closed","template":"template-fullwidth-no-heading.php","meta":{"footnotes":""},"class_list":["post-1607","page","type-page","status-publish","hentry"],"yoast_head":"<!-- This site is optimized with the Yoast SEO plugin v26.4 - https:\/\/yoast.com\/wordpress\/plugins\/seo\/ -->\n<title>Canyoning en Toscane - Itaca Canyoning<\/title>\n<meta name=\"description\" content=\"De la myst\u00e9rieuse Garfagnana aux sauvages Alpes Apuanes, jusqu&#039;aux collines florentines, nous vous proposons des descentes dans les ruisseaux les plus beaux et les plus amusants.\" \/>\n<meta name=\"robots\" content=\"index, follow, max-snippet:-1, max-image-preview:large, max-video-preview:-1\" \/>\n<link rel=\"canonical\" href=\"https:\/\/italiancanyoning.it\/fr\/canyoning-in-toscane\/\" \/>\n<meta property=\"og:locale\" content=\"fr_FR\" \/>\n<meta property=\"og:type\" content=\"article\" \/>\n<meta property=\"og:title\" content=\"Canyoning en Toscane - Itaca Canyoning\" \/>\n<meta property=\"og:description\" content=\"De la myst\u00e9rieuse Garfagnana aux sauvages Alpes Apuanes, jusqu&#039;aux collines florentines, nous vous proposons des descentes dans les ruisseaux les plus beaux et les plus amusants.\" \/>\n<meta property=\"og:url\" content=\"https:\/\/italiancanyoning.it\/fr\/canyoning-in-toscane\/\" \/>\n<meta property=\"og:site_name\" content=\"Itaca Canyoning\" \/>\n<meta property=\"article:publisher\" content=\"https:\/\/www.facebook.com\/itacanyoning\" \/>\n<meta property=\"article:modified_time\" content=\"2025-02-18T10:45:33+00:00\" \/>\n<meta name=\"twitter:card\" content=\"summary_large_image\" \/>\n<meta name=\"twitter:label1\" content=\"Dur\u00e9e de lecture estim\u00e9e\" \/>\n\t<meta name=\"twitter:data1\" content=\"5 minutes\" \/>\n<script type=\"application\/ld+json\" class=\"yoast-schema-graph\">{\"@context\":\"https:\/\/schema.org\",\"@graph\":[{\"@type\":\"WebPage\",\"@id\":\"https:\/\/italiancanyoning.it\/fr\/canyoning-in-toscane\/\",\"url\":\"https:\/\/italiancanyoning.it\/fr\/canyoning-in-toscane\/\",\"name\":\"Canyoning en Toscane - Itaca Canyoning\",\"isPartOf\":{\"@id\":\"https:\/\/italiancanyoning.it\/fr\/#website\"},\"datePublished\":\"2021-05-03T15:49:06+00:00\",\"dateModified\":\"2025-02-18T10:45:33+00:00\",\"description\":\"De la myst\u00e9rieuse Garfagnana aux sauvages Alpes Apuanes, jusqu'aux collines florentines, nous vous proposons des descentes dans les ruisseaux les plus beaux et les plus amusants.\",\"breadcrumb\":{\"@id\":\"https:\/\/italiancanyoning.it\/fr\/canyoning-in-toscane\/#breadcrumb\"},\"inLanguage\":\"fr-FR\",\"potentialAction\":[{\"@type\":\"ReadAction\",\"target\":[\"https:\/\/italiancanyoning.it\/fr\/canyoning-in-toscane\/\"]}]},{\"@type\":\"BreadcrumbList\",\"@id\":\"https:\/\/italiancanyoning.it\/fr\/canyoning-in-toscane\/#breadcrumb\",\"itemListElement\":[{\"@type\":\"ListItem\",\"position\":1,\"name\":\"Home\",\"item\":\"https:\/\/italiancanyoning.it\/fr\/\"},{\"@type\":\"ListItem\",\"position\":2,\"name\":\"Canyoning en Toscane\"}]},{\"@type\":\"WebSite\",\"@id\":\"https:\/\/italiancanyoning.it\/fr\/#website\",\"url\":\"https:\/\/italiancanyoning.it\/fr\/\",\"name\":\"Itaca - Italian Canyoning\",\"description\":\"Scivola nell&#039;avventura, l&#039;esperienza del torrentismo ti aspetta!\",\"publisher\":{\"@id\":\"https:\/\/italiancanyoning.it\/fr\/#organization\"},\"potentialAction\":[{\"@type\":\"SearchAction\",\"target\":{\"@type\":\"EntryPoint\",\"urlTemplate\":\"https:\/\/italiancanyoning.it\/fr\/?s={search_term_string}\"},\"query-input\":{\"@type\":\"PropertyValueSpecification\",\"valueRequired\":true,\"valueName\":\"search_term_string\"}}],\"inLanguage\":\"fr-FR\"},{\"@type\":\"Organization\",\"@id\":\"https:\/\/italiancanyoning.it\/fr\/#organization\",\"name\":\"Itaca Canyoning\",\"url\":\"https:\/\/italiancanyoning.it\/fr\/\",\"logo\":{\"@type\":\"ImageObject\",\"inLanguage\":\"fr-FR\",\"@id\":\"https:\/\/italiancanyoning.it\/fr\/#\/schema\/logo\/image\/\",\"url\":\"https:\/\/italiancanyoning.it\/wp-content\/uploads\/2024\/12\/itaca-canyoning-logo60.png\",\"contentUrl\":\"https:\/\/italiancanyoning.it\/wp-content\/uploads\/2024\/12\/itaca-canyoning-logo60.png\",\"width\":215,\"height\":60,\"caption\":\"Itaca Canyoning\"},\"image\":{\"@id\":\"https:\/\/italiancanyoning.it\/fr\/#\/schema\/logo\/image\/\"},\"sameAs\":[\"https:\/\/www.facebook.com\/itacanyoning\",\"https:\/\/www.instagram.com\/itaca_canyoning\/\"]}]}<\/script>\n<!-- \/ Yoast SEO plugin. -->","yoast_head_json":{"title":"Canyoning en Toscane - Itaca Canyoning","description":"De la myst\u00e9rieuse Garfagnana aux sauvages Alpes Apuanes, jusqu'aux collines florentines, nous vous proposons des descentes dans les ruisseaux les plus beaux et les plus amusants.","robots":{"index":"index","follow":"follow","max-snippet":"max-snippet:-1","max-image-preview":"max-image-preview:large","max-video-preview":"max-video-preview:-1"},"canonical":"https:\/\/italiancanyoning.it\/fr\/canyoning-in-toscane\/","og_locale":"fr_FR","og_type":"article","og_title":"Canyoning en Toscane - Itaca Canyoning","og_description":"De la myst\u00e9rieuse Garfagnana aux sauvages Alpes Apuanes, jusqu'aux collines florentines, nous vous proposons des descentes dans les ruisseaux les plus beaux et les plus amusants.","og_url":"https:\/\/italiancanyoning.it\/fr\/canyoning-in-toscane\/","og_site_name":"Itaca Canyoning","article_publisher":"https:\/\/www.facebook.com\/itacanyoning","article_modified_time":"2025-02-18T10:45:33+00:00","twitter_card":"summary_large_image","twitter_misc":{"Dur\u00e9e de lecture estim\u00e9e":"5 minutes"},"schema":{"@context":"https:\/\/schema.org","@graph":[{"@type":"WebPage","@id":"https:\/\/italiancanyoning.it\/fr\/canyoning-in-toscane\/","url":"https:\/\/italiancanyoning.it\/fr\/canyoning-in-toscane\/","name":"Canyoning en Toscane - Itaca Canyoning","isPartOf":{"@id":"https:\/\/italiancanyoning.it\/fr\/#website"},"datePublished":"2021-05-03T15:49:06+00:00","dateModified":"2025-02-18T10:45:33+00:00","description":"De la myst\u00e9rieuse Garfagnana aux sauvages Alpes Apuanes, jusqu'aux collines florentines, nous vous proposons des descentes dans les ruisseaux les plus beaux et les plus amusants.","breadcrumb":{"@id":"https:\/\/italiancanyoning.it\/fr\/canyoning-in-toscane\/#breadcrumb"},"inLanguage":"fr-FR","potentialAction":[{"@type":"ReadAction","target":["https:\/\/italiancanyoning.it\/fr\/canyoning-in-toscane\/"]}]},{"@type":"BreadcrumbList","@id":"https:\/\/italiancanyoning.it\/fr\/canyoning-in-toscane\/#breadcrumb","itemListElement":[{"@type":"ListItem","position":1,"name":"Home","item":"https:\/\/italiancanyoning.it\/fr\/"},{"@type":"ListItem","position":2,"name":"Canyoning en Toscane"}]},{"@type":"WebSite","@id":"https:\/\/italiancanyoning.it\/fr\/#website","url":"https:\/\/italiancanyoning.it\/fr\/","name":"Itaca - Italian Canyoning","description":"Scivola nell&#039;avventura, l&#039;esperienza del torrentismo ti aspetta!","publisher":{"@id":"https:\/\/italiancanyoning.it\/fr\/#organization"},"potentialAction":[{"@type":"SearchAction","target":{"@type":"EntryPoint","urlTemplate":"https:\/\/italiancanyoning.it\/fr\/?s={search_term_string}"},"query-input":{"@type":"PropertyValueSpecification","valueRequired":true,"valueName":"search_term_string"}}],"inLanguage":"fr-FR"},{"@type":"Organization","@id":"https:\/\/italiancanyoning.it\/fr\/#organization","name":"Itaca Canyoning","url":"https:\/\/italiancanyoning.it\/fr\/","logo":{"@type":"ImageObject","inLanguage":"fr-FR","@id":"https:\/\/italiancanyoning.it\/fr\/#\/schema\/logo\/image\/","url":"https:\/\/italiancanyoning.it\/wp-content\/uploads\/2024\/12\/itaca-canyoning-logo60.png","contentUrl":"https:\/\/italiancanyoning.it\/wp-content\/uploads\/2024\/12\/itaca-canyoning-logo60.png","width":215,"height":60,"caption":"Itaca Canyoning"},"image":{"@id":"https:\/\/italiancanyoning.it\/fr\/#\/schema\/logo\/image\/"},"sameAs":["https:\/\/www.facebook.com\/itacanyoning","https:\/\/www.instagram.com\/itaca_canyoning\/"]}]}},"_links":{"self":[{"href":"https:\/\/italiancanyoning.it\/fr\/wp-json\/wp\/v2\/pages\/1607","targetHints":{"allow":["GET"]}}],"collection":[{"href":"https:\/\/italiancanyoning.it\/fr\/wp-json\/wp\/v2\/pages"}],"about":[{"href":"https:\/\/italiancanyoning.it\/fr\/wp-json\/wp\/v2\/types\/page"}],"author":[{"embeddable":true,"href":"https:\/\/italiancanyoning.it\/fr\/wp-json\/wp\/v2\/users\/3"}],"replies":[{"embeddable":true,"href":"https:\/\/italiancanyoning.it\/fr\/wp-json\/wp\/v2\/comments?post=1607"}],"version-history":[{"count":11,"href":"https:\/\/italiancanyoning.it\/fr\/wp-json\/wp\/v2\/pages\/1607\/revisions"}],"predecessor-version":[{"id":8117,"href":"https:\/\/italiancanyoning.it\/fr\/wp-json\/wp\/v2\/pages\/1607\/revisions\/8117"}],"wp:attachment":[{"href":"https:\/\/italiancanyoning.it\/fr\/wp-json\/wp\/v2\/media?parent=1607"}],"curies":[{"name":"wp","href":"https:\/\/api.w.org\/{rel}","templated":true}]}}