{"id":1612,"date":"2022-01-08T23:45:12","date_gmt":"2022-01-08T23:45:12","guid":{"rendered":"https:\/\/italiancanyoning.it\/canyoning-in-liguria\/"},"modified":"2025-02-18T10:44:37","modified_gmt":"2025-02-18T10:44:37","slug":"canyoning-liguria","status":"publish","type":"page","link":"https:\/\/italiancanyoning.it\/fr\/canyoning-liguria\/","title":{"rendered":"Canyoning Ligurie"},"content":{"rendered":"<div class=\"wpb-content-wrapper\"><p>[vc_row full_width=\u00a0\u00bbstretch_row_content\u00a0\u00bb css_animation=\u00a0\u00bbfadeIn\u00a0\u00bb css=\u00a0\u00bb.vc_custom_1737479474428{background-image: url(https:\/\/italiancanyoning.it\/wp-content\/uploads\/2022\/03\/canyoning-in-toscana-firenze.jpg?id=1099) !important;background-position: center !important;background-repeat: no-repeat !important;background-size: cover !important;}\u00a0\u00bb][vc_column][vc_custom_heading text=\u00a0\u00bbCanyoning Ligurie\u00a0\u00bb font_container=\u00a0\u00bbtag:h1|font_size:45|text_align:center|color:%23FFFFFF\u00a0\u00bb use_theme_fonts=\u00a0\u00bbyes\u00a0\u00bb css=\u00a0\u00bb.vc_custom_1737479868166{margin-top: 50px !important;margin-bottom: 50px !important;}\u00a0\u00bb][\/vc_column][\/vc_row][vc_row css_animation=\u00a0\u00bbfadeIn\u00a0\u00bb][vc_column][vc_column_text css=\u00a0\u00bb\u00a0\u00bb]<\/p>\n<p class=\"has-text-align-center\" style=\"text-align: left;\">Pratiquer le canyoning en <a href=\"https:\/\/it.wikipedia.org\/wiki\/Liguria\" target=\"_blank\" rel=\"noopener\">Ligurie<\/a> o\u00f9 l&rsquo;on trouve des <strong>canyons extraordinaires<\/strong> d&rsquo;une beaut\u00e9 surprenante et aux caract\u00e9ristiques les plus diverses..<\/p>\n<p class=\"has-text-align-center\" style=\"text-align: left;\">L&rsquo;arri\u00e8re-pays ligure se caract\u00e9rise par un paysage vari\u00e9 et mouvement\u00e9. <strong>\u00c0 quelques kilom\u00e8tres de la c\u00f4te<\/strong>, on trouve des collines, des montagnes et des vall\u00e9es accident\u00e9es qui offrent un <strong>terrain de jeu id\u00e9al<\/strong> pour le canyoning.<\/p>\n<p class=\"has-text-align-center\" style=\"text-align: left;\">De Levante \u00e0 Ponente, un grand nombre de descentes sont possibles.<\/p>\n<p class=\"has-text-align-center\" style=\"text-align: left;\">Ces itin\u00e9raires offrent une mani\u00e8re <strong>alternative<\/strong> et <strong>ludique<\/strong> de d\u00e9couvrir des vall\u00e9es et des environnements m\u00e9connus, d&rsquo;ajouter de <strong>nouvelles \u00e9motions<\/strong> \u00e0 des <strong>vacances<\/strong> ou \u00e0 un week-end au bord de la mer.<\/p>\n<p class=\"has-text-align-center\" style=\"text-align: left;\">Leur emplacement est \u00ab\u00a0strat\u00e9gique\u00a0\u00bb \u00e0 plusieurs \u00e9gards. En fait, ils conviennent parfaitement comme \u00e9tape interm\u00e9diaire dans un voyage plus long pour ceux qui pr\u00e9voient de traverser la Ligurie, ou comme week-end alternatif et sportif pour ceux qui viennent des r\u00e9gions voisines telles que la Lombardie, le Pi\u00e9mont ou la Toscane.<\/p>\n<p style=\"text-align: left;\">De la <strong>Garfagnana<\/strong>, ombrag\u00e9e et myst\u00e9rieuse, aux <strong>Alpes Apuanes<\/strong>, abruptes et sauvages, en passant par les c\u00e9l\u00e8bres <strong>collines florentines<\/strong>, nous vous proposons toutes sortes de descentes dans les torrents les plus beaux et les plus agr\u00e9ables.<\/p>\n<p>[\/vc_column_text][\/vc_column][\/vc_row][vc_row full_width=\u00a0\u00bbstretch_row_content\u00a0\u00bb parallax=\u00a0\u00bbcontent-moving\u00a0\u00bb parallax_image=\u00a0\u00bb6438&Prime; parallax_speed_bg=\u00a0\u00bb3.5&Prime; css_animation=\u00a0\u00bbnone\u00a0\u00bb css=\u00a0\u00bb.vc_custom_1738319990215{margin-right: 5% !important;margin-left: 5% !important;background-color: #CFB8B800 !important;}\u00a0\u00bb][vc_column][vc_column_text css=\u00a0\u00bb.vc_custom_1737480047483{margin-top: 30px !important;margin-right: 5% !important;margin-bottom: 60px !important;margin-left: 5% !important;padding-top: 10px !important;padding-right: 20px !important;padding-bottom: 10px !important;padding-left: 20px !important;background-color: #E5E3DC !important;}\u00a0\u00bb]<\/p>\n<h2><strong>Canyoning Ligurie : Une aventure parmi les torrents<\/strong><\/h2>\n<p>Le canyoning en Ligurie, avec sa nature sauvage et ses paysages \u00e0 couper le souffle, offre une vari\u00e9t\u00e9 d&rsquo;itin\u00e9raires pour tous les niveaux.<br \/>\nDeux des itin\u00e9raires que nous proposons, le Rio Prialunga et le Rio Lerca, sont situ\u00e9s pr\u00e8s de G\u00eanes, dans deux vall\u00e9es parall\u00e8les sur les pentes du Monte Beigua. Ces lieux offrent un environnement sauvage et isol\u00e9, tout en \u00e9tant proches de la ville et facilement accessibles depuis l&rsquo;autoroute.[\/vc_column_text][\/vc_column][\/vc_row][vc_row css_animation=\u00a0\u00bbnone\u00a0\u00bb css=\u00a0\u00bb.vc_custom_1738319996160{margin-right: 3% !important;margin-left: 3% !important;}\u00a0\u00bb][vc_column width=\u00a0\u00bb1\/4&Prime;][vc_single_image image=\u00a0\u00bb6466&Prime; img_size=\u00a0\u00bb600X600&Prime; style=\u00a0\u00bbvc_box_shadow_border\u00a0\u00bb css=\u00a0\u00bb\u00a0\u00bb][\/vc_column][vc_column width=\u00a0\u00bb3\/4&Prime;][vc_column_text css=\u00a0\u00bb\u00a0\u00bb]<\/p>\n<h3><span style=\"color: #d1955e;\"><strong><a style=\"color: #d1955e;\" href=\"\/fr\/rio-prialunga\/\">Rio Prialunga<\/a> et <a style=\"color: #d1955e;\" href=\"\/fr\/canyoning-rio-lerca\/\">Rio Lerca<\/a>: deux exp\u00e9riences uniques<\/strong><\/span><\/h3>\n<p>Les deux canyons, le Rio Prialunga et le Rio Lerca, ont des caract\u00e9ristiques tr\u00e8s diff\u00e9rentes. Le Rio Prialunga est plus technique et plus difficile, tandis que le <a href=\"\/fr\/canyoning-rio-lerca\/\" rel=\"noopener\">Rio Lerca<\/a> offre une exp\u00e9rience essentiellement r\u00e9cr\u00e9ative. Les deux itin\u00e9raires se caract\u00e9risent par une ambiance lumineuse et ensoleill\u00e9e, o\u00f9 les bassins d&rsquo;eau cristalline scintillent comme des \u00e9meraudes. Ces torrents sont en mesure de satisfaire toutes les exigences de ceux qui recherchent les sensations du <strong>canyoning en Ligurie.<\/strong>[\/vc_column_text][\/vc_column][\/vc_row][vc_row css_animation=\u00a0\u00bbnone\u00a0\u00bb css=\u00a0\u00bb.vc_custom_1738320001911{margin-right: 3% !important;margin-left: 3% !important;}\u00a0\u00bb][vc_column width=\u00a0\u00bb1\/4&Prime;][vc_single_image image=\u00a0\u00bb6550&Prime; img_size=\u00a0\u00bb600X600&Prime; style=\u00a0\u00bbvc_box_shadow_border\u00a0\u00bb css=\u00a0\u00bb\u00a0\u00bb][\/vc_column][vc_column width=\u00a0\u00bb3\/4&Prime;][vc_column_text css=\u00a0\u00bb\u00a0\u00bb]<\/p>\n<h3><a href=\"\/fr\/rio-bargonasco\/\"><strong><span style=\"color: #ff9900;\"><span style=\"color: #d1955e;\">Rio Bargonasco : un tr\u00e9sor cach\u00e9<\/span><\/span><\/strong><\/a><\/h3>\n<p>Pr\u00e8s de Sestri Levante se trouve le peu connu <a href=\"\/fr\/rio-bargonasco\/\" rel=\"noopener\">Rio Bargonasco<\/a>. Ce parcours n&rsquo;est pas trop long et facilement accessible, mais extr\u00eamement ludique gr\u00e2ce \u00e0 la pr\u00e9sence constante de l&rsquo;eau et de quelques toboggans naturels. C&rsquo;est une option parfaite pour ceux qui veulent une activit\u00e9 de deux heures qui peut animer et varier leur week-end.[\/vc_column_text][\/vc_column][\/vc_row][vc_row css_animation=\u00a0\u00bbnone\u00a0\u00bb css=\u00a0\u00bb.vc_custom_1738320007940{margin-right: 3% !important;margin-left: 3% !important;}\u00a0\u00bb][vc_column width=\u00a0\u00bb1\/4&Prime;][vc_single_image image=\u00a0\u00bb2110&Prime; img_size=\u00a0\u00bb600X600&Prime; style=\u00a0\u00bbvc_box_shadow_border\u00a0\u00bb css=\u00a0\u00bb\u00a0\u00bb][\/vc_column][vc_column width=\u00a0\u00bb3\/4&Prime;][vc_column_text css=\u00a0\u00bb\u00a0\u00bb]<\/p>\n<h3><a href=\"\/fr\/rio-barbaira\/\"><strong><span style=\"color: #ff9900;\"><span style=\"color: #d1955e;\">Rio Barbaira : un plongeon dans la nature<\/span><\/span><\/strong><\/a><\/h3>\n<p>\u00c0 la fronti\u00e8re avec la France, au-dessus du village caract\u00e9ristique de Rocchetta Nervina, coule le <a href=\"\/fr\/rio-barbaira\/\" target=\"_blank\" rel=\"noopener\">Rio Barbaira<\/a>. Ce torrent est une v\u00e9ritable merveille naturelle, une descente vari\u00e9e o\u00f9 plaisir et beaut\u00e9 naturelle se conjuguent parfaitement. C&rsquo;est une exp\u00e9rience de canyoning en Ligurie que vous n&rsquo;oublierez pas de sit\u00f4t.[\/vc_column_text][\/vc_column][\/vc_row][vc_row][vc_column][vc_cta h2=\u00a0\u00bbChoisissez votre torrent et r\u00e9servez d\u00e8s maintenant !\u00a0\u00bb h2_font_container=\u00a0\u00bbtag:h4|font_size:40|text_align:left|color:%23105D8C\u00a0\u00bb h2_google_fonts=\u00a0\u00bbfont_family:IM%20Fell%20DW%20Pica%3Aregular%2Citalic|font_style:400%20regular%3A400%3Anormal\u00a0\u00bb add_button=\u00a0\u00bbright\u00a0\u00bb btn_title=\u00a0\u00bbCONTACTEZ-NOUS MAINTENANT\u00a0\u00bb btn_style=\u00a0\u00bbcustom\u00a0\u00bb btn_custom_background=\u00a0\u00bb#D1955E\u00a0\u00bb btn_custom_text=\u00a0\u00bb#FFFFFF\u00a0\u00bb btn_size=\u00a0\u00bblg\u00a0\u00bb css=\u00a0\u00bb\u00a0\u00bb use_custom_fonts_h2=\u00a0\u00bbtrue\u00a0\u00bb btn_link=\u00a0\u00bburl:%2Ffr%2Freservation%2F|title:Contacts\u00a0\u00bb]\u00c9crivez-nous en indiquant le cours d&rsquo;eau qui vous int\u00e9resse ou pour obtenir plus d&rsquo;informations en g\u00e9n\u00e9ral.[\/vc_cta][\/vc_column][\/vc_row][vc_row css_animation=\u00a0\u00bbnone\u00a0\u00bb css=\u00a0\u00bb.vc_custom_1738320014079{margin-right: 3% !important;margin-left: 3% !important;}\u00a0\u00bb][vc_column][vc_column_text css=\u00a0\u00bb\u00a0\u00bb]<\/p>\n<h3><strong>Autres canyons en Ligurie<\/strong><\/h3>\n<p>De nombreuses autres descentes de tous niveaux et de toutes dur\u00e9es vous attendent en Ligurie pour un moment de sport et de d\u00e9couverte. Parmi les torrents que vous pouvez explorer, citons le Grognardo et la jonction de canyoning Argentina \u00e0 Molini di Triora, le Rio Prialunga, technique et vertical, pr\u00e8s de G\u00eanes, et le Rio Santa Lucia, amusant, pr\u00e8s d&rsquo;Imperia. Chaque torrent offre une exp\u00e9rience unique, faisant du canyoning en Ligurie une aventure \u00e0 ne pas manquer.[\/vc_column_text][\/vc_column][\/vc_row]<\/p>\n<\/div>","protected":false},"excerpt":{"rendered":"<p>[vc_row full_width=\u00a0\u00bbstretch_row_content\u00a0\u00bb css_animation=\u00a0\u00bbfadeIn\u00a0\u00bb css=\u00a0\u00bb.vc_custom_1737479474428{background-image: url(https:\/\/italiancanyoning.it\/wp-content\/uploads\/2022\/03\/canyoning-in-toscana-firenze.jpg?id=1099) !important;background-position: center !important;background-repeat: no-repeat !important;background-size: [&hellip;]<\/p>\n","protected":false},"author":3,"featured_media":0,"parent":0,"menu_order":0,"comment_status":"closed","ping_status":"closed","template":"template-fullwidth-no-heading.php","meta":{"footnotes":""},"class_list":["post-1612","page","type-page","status-publish","hentry"],"yoast_head":"<!-- This site is optimized with the Yoast SEO plugin v26.4 - https:\/\/yoast.com\/wordpress\/plugins\/seo\/ -->\n<title>Canyoning Ligurie - Itaca Canyoning<\/title>\n<meta name=\"description\" content=\"Pratiquez le Canyoning en Ligurie avec nous et vous trouverez des canyons extraordinaires aux caract\u00e9ristiques les plus diverses.\" \/>\n<meta name=\"robots\" content=\"index, follow, max-snippet:-1, max-image-preview:large, max-video-preview:-1\" \/>\n<link rel=\"canonical\" href=\"https:\/\/italiancanyoning.it\/fr\/canyoning-liguria\/\" \/>\n<meta property=\"og:locale\" content=\"fr_FR\" \/>\n<meta property=\"og:type\" content=\"article\" \/>\n<meta property=\"og:title\" content=\"Canyoning Ligurie - Itaca Canyoning\" \/>\n<meta property=\"og:description\" content=\"Pratiquez le Canyoning en Ligurie avec nous et vous trouverez des canyons extraordinaires aux caract\u00e9ristiques les plus diverses.\" \/>\n<meta property=\"og:url\" content=\"https:\/\/italiancanyoning.it\/fr\/canyoning-liguria\/\" \/>\n<meta property=\"og:site_name\" content=\"Itaca Canyoning\" \/>\n<meta property=\"article:publisher\" content=\"https:\/\/www.facebook.com\/itacanyoning\" \/>\n<meta property=\"article:modified_time\" content=\"2025-02-18T10:44:37+00:00\" \/>\n<meta name=\"twitter:card\" content=\"summary_large_image\" \/>\n<meta name=\"twitter:label1\" content=\"Dur\u00e9e de lecture estim\u00e9e\" \/>\n\t<meta name=\"twitter:data1\" content=\"5 minutes\" \/>\n<script type=\"application\/ld+json\" class=\"yoast-schema-graph\">{\"@context\":\"https:\/\/schema.org\",\"@graph\":[{\"@type\":\"WebPage\",\"@id\":\"https:\/\/italiancanyoning.it\/fr\/canyoning-liguria\/\",\"url\":\"https:\/\/italiancanyoning.it\/fr\/canyoning-liguria\/\",\"name\":\"Canyoning Ligurie - Itaca Canyoning\",\"isPartOf\":{\"@id\":\"https:\/\/italiancanyoning.it\/fr\/#website\"},\"datePublished\":\"2022-01-08T23:45:12+00:00\",\"dateModified\":\"2025-02-18T10:44:37+00:00\",\"description\":\"Pratiquez le Canyoning en Ligurie avec nous et vous trouverez des canyons extraordinaires aux caract\u00e9ristiques les plus diverses.\",\"breadcrumb\":{\"@id\":\"https:\/\/italiancanyoning.it\/fr\/canyoning-liguria\/#breadcrumb\"},\"inLanguage\":\"fr-FR\",\"potentialAction\":[{\"@type\":\"ReadAction\",\"target\":[\"https:\/\/italiancanyoning.it\/fr\/canyoning-liguria\/\"]}]},{\"@type\":\"BreadcrumbList\",\"@id\":\"https:\/\/italiancanyoning.it\/fr\/canyoning-liguria\/#breadcrumb\",\"itemListElement\":[{\"@type\":\"ListItem\",\"position\":1,\"name\":\"Home\",\"item\":\"https:\/\/italiancanyoning.it\/fr\/\"},{\"@type\":\"ListItem\",\"position\":2,\"name\":\"Canyoning Ligurie\"}]},{\"@type\":\"WebSite\",\"@id\":\"https:\/\/italiancanyoning.it\/fr\/#website\",\"url\":\"https:\/\/italiancanyoning.it\/fr\/\",\"name\":\"Itaca - Italian Canyoning\",\"description\":\"Scivola nell&#039;avventura, l&#039;esperienza del torrentismo ti aspetta!\",\"publisher\":{\"@id\":\"https:\/\/italiancanyoning.it\/fr\/#organization\"},\"potentialAction\":[{\"@type\":\"SearchAction\",\"target\":{\"@type\":\"EntryPoint\",\"urlTemplate\":\"https:\/\/italiancanyoning.it\/fr\/?s={search_term_string}\"},\"query-input\":{\"@type\":\"PropertyValueSpecification\",\"valueRequired\":true,\"valueName\":\"search_term_string\"}}],\"inLanguage\":\"fr-FR\"},{\"@type\":\"Organization\",\"@id\":\"https:\/\/italiancanyoning.it\/fr\/#organization\",\"name\":\"Itaca Canyoning\",\"url\":\"https:\/\/italiancanyoning.it\/fr\/\",\"logo\":{\"@type\":\"ImageObject\",\"inLanguage\":\"fr-FR\",\"@id\":\"https:\/\/italiancanyoning.it\/fr\/#\/schema\/logo\/image\/\",\"url\":\"https:\/\/italiancanyoning.it\/wp-content\/uploads\/2024\/12\/itaca-canyoning-logo60.png\",\"contentUrl\":\"https:\/\/italiancanyoning.it\/wp-content\/uploads\/2024\/12\/itaca-canyoning-logo60.png\",\"width\":215,\"height\":60,\"caption\":\"Itaca Canyoning\"},\"image\":{\"@id\":\"https:\/\/italiancanyoning.it\/fr\/#\/schema\/logo\/image\/\"},\"sameAs\":[\"https:\/\/www.facebook.com\/itacanyoning\",\"https:\/\/www.instagram.com\/itaca_canyoning\/\"]}]}<\/script>\n<!-- \/ Yoast SEO plugin. -->","yoast_head_json":{"title":"Canyoning Ligurie - Itaca Canyoning","description":"Pratiquez le Canyoning en Ligurie avec nous et vous trouverez des canyons extraordinaires aux caract\u00e9ristiques les plus diverses.","robots":{"index":"index","follow":"follow","max-snippet":"max-snippet:-1","max-image-preview":"max-image-preview:large","max-video-preview":"max-video-preview:-1"},"canonical":"https:\/\/italiancanyoning.it\/fr\/canyoning-liguria\/","og_locale":"fr_FR","og_type":"article","og_title":"Canyoning Ligurie - Itaca Canyoning","og_description":"Pratiquez le Canyoning en Ligurie avec nous et vous trouverez des canyons extraordinaires aux caract\u00e9ristiques les plus diverses.","og_url":"https:\/\/italiancanyoning.it\/fr\/canyoning-liguria\/","og_site_name":"Itaca Canyoning","article_publisher":"https:\/\/www.facebook.com\/itacanyoning","article_modified_time":"2025-02-18T10:44:37+00:00","twitter_card":"summary_large_image","twitter_misc":{"Dur\u00e9e de lecture estim\u00e9e":"5 minutes"},"schema":{"@context":"https:\/\/schema.org","@graph":[{"@type":"WebPage","@id":"https:\/\/italiancanyoning.it\/fr\/canyoning-liguria\/","url":"https:\/\/italiancanyoning.it\/fr\/canyoning-liguria\/","name":"Canyoning Ligurie - Itaca Canyoning","isPartOf":{"@id":"https:\/\/italiancanyoning.it\/fr\/#website"},"datePublished":"2022-01-08T23:45:12+00:00","dateModified":"2025-02-18T10:44:37+00:00","description":"Pratiquez le Canyoning en Ligurie avec nous et vous trouverez des canyons extraordinaires aux caract\u00e9ristiques les plus diverses.","breadcrumb":{"@id":"https:\/\/italiancanyoning.it\/fr\/canyoning-liguria\/#breadcrumb"},"inLanguage":"fr-FR","potentialAction":[{"@type":"ReadAction","target":["https:\/\/italiancanyoning.it\/fr\/canyoning-liguria\/"]}]},{"@type":"BreadcrumbList","@id":"https:\/\/italiancanyoning.it\/fr\/canyoning-liguria\/#breadcrumb","itemListElement":[{"@type":"ListItem","position":1,"name":"Home","item":"https:\/\/italiancanyoning.it\/fr\/"},{"@type":"ListItem","position":2,"name":"Canyoning Ligurie"}]},{"@type":"WebSite","@id":"https:\/\/italiancanyoning.it\/fr\/#website","url":"https:\/\/italiancanyoning.it\/fr\/","name":"Itaca - Italian Canyoning","description":"Scivola nell&#039;avventura, l&#039;esperienza del torrentismo ti aspetta!","publisher":{"@id":"https:\/\/italiancanyoning.it\/fr\/#organization"},"potentialAction":[{"@type":"SearchAction","target":{"@type":"EntryPoint","urlTemplate":"https:\/\/italiancanyoning.it\/fr\/?s={search_term_string}"},"query-input":{"@type":"PropertyValueSpecification","valueRequired":true,"valueName":"search_term_string"}}],"inLanguage":"fr-FR"},{"@type":"Organization","@id":"https:\/\/italiancanyoning.it\/fr\/#organization","name":"Itaca Canyoning","url":"https:\/\/italiancanyoning.it\/fr\/","logo":{"@type":"ImageObject","inLanguage":"fr-FR","@id":"https:\/\/italiancanyoning.it\/fr\/#\/schema\/logo\/image\/","url":"https:\/\/italiancanyoning.it\/wp-content\/uploads\/2024\/12\/itaca-canyoning-logo60.png","contentUrl":"https:\/\/italiancanyoning.it\/wp-content\/uploads\/2024\/12\/itaca-canyoning-logo60.png","width":215,"height":60,"caption":"Itaca Canyoning"},"image":{"@id":"https:\/\/italiancanyoning.it\/fr\/#\/schema\/logo\/image\/"},"sameAs":["https:\/\/www.facebook.com\/itacanyoning","https:\/\/www.instagram.com\/itaca_canyoning\/"]}]}},"_links":{"self":[{"href":"https:\/\/italiancanyoning.it\/fr\/wp-json\/wp\/v2\/pages\/1612","targetHints":{"allow":["GET"]}}],"collection":[{"href":"https:\/\/italiancanyoning.it\/fr\/wp-json\/wp\/v2\/pages"}],"about":[{"href":"https:\/\/italiancanyoning.it\/fr\/wp-json\/wp\/v2\/types\/page"}],"author":[{"embeddable":true,"href":"https:\/\/italiancanyoning.it\/fr\/wp-json\/wp\/v2\/users\/3"}],"replies":[{"embeddable":true,"href":"https:\/\/italiancanyoning.it\/fr\/wp-json\/wp\/v2\/comments?post=1612"}],"version-history":[{"count":8,"href":"https:\/\/italiancanyoning.it\/fr\/wp-json\/wp\/v2\/pages\/1612\/revisions"}],"predecessor-version":[{"id":8116,"href":"https:\/\/italiancanyoning.it\/fr\/wp-json\/wp\/v2\/pages\/1612\/revisions\/8116"}],"wp:attachment":[{"href":"https:\/\/italiancanyoning.it\/fr\/wp-json\/wp\/v2\/media?parent=1612"}],"curies":[{"name":"wp","href":"https:\/\/api.w.org\/{rel}","templated":true}]}}