{"id":1615,"date":"2021-03-20T18:49:53","date_gmt":"2021-03-20T18:49:53","guid":{"rendered":"https:\/\/italiancanyoning.it\/chi-siamo-guida-canyoning-toscana\/"},"modified":"2025-02-18T09:33:47","modified_gmt":"2025-02-18T09:33:47","slug":"a-propos-canyoning-toscane","status":"publish","type":"page","link":"https:\/\/italiancanyoning.it\/fr\/a-propos-canyoning-toscane\/","title":{"rendered":"\u00c0 propos de nous"},"content":{"rendered":"<div class=\"wpb-content-wrapper\"><p>[vc_row full_width=\u00a0\u00bbstretch_row_content\u00a0\u00bb css_animation=\u00a0\u00bbfadeIn\u00a0\u00bb css=\u00a0\u00bb.vc_custom_1737632569486{background-color: #A7BBBC !important;}\u00a0\u00bb][vc_column width=\u00a0\u00bb1\/2&Prime;][vc_single_image image=\u00a0\u00bb1101&Prime; img_size=\u00a0\u00bbfull\u00a0\u00bb alignment=\u00a0\u00bbcenter\u00a0\u00bb style=\u00a0\u00bbvc_box_shadow_border\u00a0\u00bb css=\u00a0\u00bb\u00a0\u00bb][\/vc_column][vc_column width=\u00a0\u00bb1\/2&Prime;][vc_custom_heading text=\u00a0\u00bbQUI VOUS GUIDE\u00a0\u00bb font_container=\u00a0\u00bbtag:h4|font_size:24|text_align:left|color:%23D1955E\u00a0\u00bb use_theme_fonts=\u00a0\u00bbyes\u00a0\u00bb css=\u00a0\u00bb\u00a0\u00bb][vc_custom_heading text=\u00a0\u00bbMARCO PELI\u00a0\u00bb font_container=\u00a0\u00bbtag:h2|font_size:60|text_align:left|color:%2326456A\u00a0\u00bb use_theme_fonts=\u00a0\u00bbyes\u00a0\u00bb css=\u00a0\u00bb\u00a0\u00bb][vc_column_text css=\u00a0\u00bb\u00a0\u00bb]Je vis entre ma Toscane et la France, au rythme des saisons.<\/p>\n<p>En 2011, j&rsquo;ai suivi la formation fran\u00e7aise, la plus compl\u00e8te d&rsquo;Europe pour l&rsquo;escalade et le canyoning.<\/p>\n<p>Profond\u00e9ment amoureux de l&rsquo;escalade, ma vie tourne autour de cette discipline que je pratique \u00e0 100%.<\/p>\n<p>Avoir des torrents d&rsquo;eau claire et des vues magnifiques comme bureau<\/p>\n<p>est un r\u00eave devenu r\u00e9alit\u00e9.<\/p>\n<p>C&rsquo;est avec plaisir que je vous guiderai et vous accompagnerai dans mes endroits pr\u00e9f\u00e9r\u00e9s.[\/vc_column_text][\/vc_column][\/vc_row][vc_row full_width=\u00a0\u00bbstretch_row_content\u00a0\u00bb css_animation=\u00a0\u00bbfadeIn\u00a0\u00bb css=\u00a0\u00bb.vc_custom_1738329786692{background-color: #FFFFFF !important;}\u00a0\u00bb][vc_column width=\u00a0\u00bb1\/2&Prime;][vc_custom_heading text=\u00a0\u00bbQUI VOUS ACCUEILLE\u00a0\u00bb font_container=\u00a0\u00bbtag:h4|font_size:24|text_align:left|color:%23D1955E\u00a0\u00bb use_theme_fonts=\u00a0\u00bbyes\u00a0\u00bb css=\u00a0\u00bb\u00a0\u00bb][vc_custom_heading text=\u00a0\u00bbFLAVIA LANFREDINI\u00a0\u00bb font_container=\u00a0\u00bbtag:h2|font_size:60|text_align:left|color:%2326456A\u00a0\u00bb use_theme_fonts=\u00a0\u00bbyes\u00a0\u00bb css=\u00a0\u00bb\u00a0\u00bb][vc_column_text css=\u00a0\u00bb\u00a0\u00bb]Ayant grandi entre la mer et les montagnes de la Versilia, j&rsquo;ai toujours \u00e9t\u00e9 passionn\u00e9e par la nature, l&rsquo;art et les sports de plein air.<\/p>\n<p>Avec Marco, j&rsquo;ai partag\u00e9 l&rsquo;aventure fran\u00e7aise, la passion des activit\u00e9s adr\u00e9naline et la d\u00e9couverte permanente de lieux fabuleux.<\/p>\n<p>Les exp\u00e9riences que j&rsquo;ai v\u00e9cues et que je vis dans ces environnements spectaculaires me permettent de vous accueillir de la meilleure fa\u00e7on possible et de vous aider, par mes conseils, \u00e0 choisir l&rsquo;itin\u00e9raire id\u00e9al.[\/vc_column_text][\/vc_column][vc_column width=\u00a0\u00bb1\/2&Prime;][vc_single_image image=\u00a0\u00bb2091&Prime; img_size=\u00a0\u00bbfull\u00a0\u00bb alignment=\u00a0\u00bbcenter\u00a0\u00bb style=\u00a0\u00bbvc_box_shadow_border\u00a0\u00bb css=\u00a0\u00bb\u00a0\u00bb][\/vc_column][\/vc_row]<\/p>\n<\/div>","protected":false},"excerpt":{"rendered":"<p>[vc_row full_width=\u00a0\u00bbstretch_row_content\u00a0\u00bb css_animation=\u00a0\u00bbfadeIn\u00a0\u00bb css=\u00a0\u00bb.vc_custom_1737632569486{background-color: #A7BBBC !important;}\u00a0\u00bb][vc_column width=\u00a0\u00bb1\/2&Prime;][vc_single_image image=\u00a0\u00bb1101&Prime; img_size=\u00a0\u00bbfull\u00a0\u00bb alignment=\u00a0\u00bbcenter\u00a0\u00bb [&hellip;]<\/p>\n","protected":false},"author":3,"featured_media":2072,"parent":0,"menu_order":0,"comment_status":"closed","ping_status":"closed","template":"template-fullwidth-no-heading.php","meta":{"footnotes":""},"class_list":["post-1615","page","type-page","status-publish","has-post-thumbnail","hentry"],"yoast_head":"<!-- This site is optimized with the Yoast SEO plugin v26.4 - https:\/\/yoast.com\/wordpress\/plugins\/seo\/ -->\n<title>\u00c0 propos de nous - Itaca Canyoning<\/title>\n<meta name=\"description\" content=\"Profond\u00e9ment amoureux de l&#039;escalade et du canyoning, notre vie tourne autour de ces disciplines que nous pratiquons \u00e0 100%\" \/>\n<meta name=\"robots\" content=\"index, follow, max-snippet:-1, max-image-preview:large, max-video-preview:-1\" \/>\n<link rel=\"canonical\" href=\"https:\/\/italiancanyoning.it\/fr\/a-propos-canyoning-toscane\/\" \/>\n<meta property=\"og:locale\" content=\"fr_FR\" \/>\n<meta property=\"og:type\" content=\"article\" \/>\n<meta property=\"og:title\" content=\"\u00c0 propos de nous - Itaca Canyoning\" \/>\n<meta property=\"og:description\" content=\"Profond\u00e9ment amoureux de l&#039;escalade et du canyoning, notre vie tourne autour de ces disciplines que nous pratiquons \u00e0 100%\" \/>\n<meta property=\"og:url\" content=\"https:\/\/italiancanyoning.it\/fr\/a-propos-canyoning-toscane\/\" \/>\n<meta property=\"og:site_name\" content=\"Itaca Canyoning\" \/>\n<meta property=\"article:publisher\" content=\"https:\/\/www.facebook.com\/itacanyoning\" \/>\n<meta property=\"article:modified_time\" content=\"2025-02-18T09:33:47+00:00\" \/>\n<meta property=\"og:image\" content=\"https:\/\/italiancanyoning.it\/wp-content\/uploads\/2023\/03\/itaca-canyoning-in-toscana-rio-lerca-114_websize-1-scaled.jpg\" \/>\n\t<meta property=\"og:image:width\" content=\"1200\" \/>\n\t<meta property=\"og:image:height\" content=\"800\" \/>\n\t<meta property=\"og:image:type\" content=\"image\/jpeg\" \/>\n<meta name=\"twitter:card\" content=\"summary_large_image\" \/>\n<meta name=\"twitter:label1\" content=\"Dur\u00e9e de lecture estim\u00e9e\" \/>\n\t<meta name=\"twitter:data1\" content=\"2 minutes\" \/>\n<script type=\"application\/ld+json\" class=\"yoast-schema-graph\">{\"@context\":\"https:\/\/schema.org\",\"@graph\":[{\"@type\":\"WebPage\",\"@id\":\"https:\/\/italiancanyoning.it\/fr\/a-propos-canyoning-toscane\/\",\"url\":\"https:\/\/italiancanyoning.it\/fr\/a-propos-canyoning-toscane\/\",\"name\":\"\u00c0 propos de nous - Itaca Canyoning\",\"isPartOf\":{\"@id\":\"https:\/\/italiancanyoning.it\/fr\/#website\"},\"primaryImageOfPage\":{\"@id\":\"https:\/\/italiancanyoning.it\/fr\/a-propos-canyoning-toscane\/#primaryimage\"},\"image\":{\"@id\":\"https:\/\/italiancanyoning.it\/fr\/a-propos-canyoning-toscane\/#primaryimage\"},\"thumbnailUrl\":\"https:\/\/italiancanyoning.it\/wp-content\/uploads\/2023\/03\/itaca-canyoning-in-toscana-rio-lerca-114_websize-1-scaled.jpg\",\"datePublished\":\"2021-03-20T18:49:53+00:00\",\"dateModified\":\"2025-02-18T09:33:47+00:00\",\"description\":\"Profond\u00e9ment amoureux de l'escalade et du canyoning, notre vie tourne autour de ces disciplines que nous pratiquons \u00e0 100%\",\"breadcrumb\":{\"@id\":\"https:\/\/italiancanyoning.it\/fr\/a-propos-canyoning-toscane\/#breadcrumb\"},\"inLanguage\":\"fr-FR\",\"potentialAction\":[{\"@type\":\"ReadAction\",\"target\":[\"https:\/\/italiancanyoning.it\/fr\/a-propos-canyoning-toscane\/\"]}]},{\"@type\":\"ImageObject\",\"inLanguage\":\"fr-FR\",\"@id\":\"https:\/\/italiancanyoning.it\/fr\/a-propos-canyoning-toscane\/#primaryimage\",\"url\":\"https:\/\/italiancanyoning.it\/wp-content\/uploads\/2023\/03\/itaca-canyoning-in-toscana-rio-lerca-114_websize-1-scaled.jpg\",\"contentUrl\":\"https:\/\/italiancanyoning.it\/wp-content\/uploads\/2023\/03\/itaca-canyoning-in-toscana-rio-lerca-114_websize-1-scaled.jpg\",\"width\":1200,\"height\":800,\"caption\":\"Chi siamo itaca Canyoning\"},{\"@type\":\"BreadcrumbList\",\"@id\":\"https:\/\/italiancanyoning.it\/fr\/a-propos-canyoning-toscane\/#breadcrumb\",\"itemListElement\":[{\"@type\":\"ListItem\",\"position\":1,\"name\":\"Home\",\"item\":\"https:\/\/italiancanyoning.it\/fr\/\"},{\"@type\":\"ListItem\",\"position\":2,\"name\":\"\u00c0 propos de nous\"}]},{\"@type\":\"WebSite\",\"@id\":\"https:\/\/italiancanyoning.it\/fr\/#website\",\"url\":\"https:\/\/italiancanyoning.it\/fr\/\",\"name\":\"Itaca - Italian Canyoning\",\"description\":\"Scivola nell&#039;avventura, l&#039;esperienza del torrentismo ti aspetta!\",\"publisher\":{\"@id\":\"https:\/\/italiancanyoning.it\/fr\/#organization\"},\"potentialAction\":[{\"@type\":\"SearchAction\",\"target\":{\"@type\":\"EntryPoint\",\"urlTemplate\":\"https:\/\/italiancanyoning.it\/fr\/?s={search_term_string}\"},\"query-input\":{\"@type\":\"PropertyValueSpecification\",\"valueRequired\":true,\"valueName\":\"search_term_string\"}}],\"inLanguage\":\"fr-FR\"},{\"@type\":\"Organization\",\"@id\":\"https:\/\/italiancanyoning.it\/fr\/#organization\",\"name\":\"Itaca Canyoning\",\"url\":\"https:\/\/italiancanyoning.it\/fr\/\",\"logo\":{\"@type\":\"ImageObject\",\"inLanguage\":\"fr-FR\",\"@id\":\"https:\/\/italiancanyoning.it\/fr\/#\/schema\/logo\/image\/\",\"url\":\"https:\/\/italiancanyoning.it\/wp-content\/uploads\/2024\/12\/itaca-canyoning-logo60.png\",\"contentUrl\":\"https:\/\/italiancanyoning.it\/wp-content\/uploads\/2024\/12\/itaca-canyoning-logo60.png\",\"width\":215,\"height\":60,\"caption\":\"Itaca Canyoning\"},\"image\":{\"@id\":\"https:\/\/italiancanyoning.it\/fr\/#\/schema\/logo\/image\/\"},\"sameAs\":[\"https:\/\/www.facebook.com\/itacanyoning\",\"https:\/\/www.instagram.com\/itaca_canyoning\/\"]}]}<\/script>\n<!-- \/ Yoast SEO plugin. -->","yoast_head_json":{"title":"\u00c0 propos de nous - Itaca Canyoning","description":"Profond\u00e9ment amoureux de l'escalade et du canyoning, notre vie tourne autour de ces disciplines que nous pratiquons \u00e0 100%","robots":{"index":"index","follow":"follow","max-snippet":"max-snippet:-1","max-image-preview":"max-image-preview:large","max-video-preview":"max-video-preview:-1"},"canonical":"https:\/\/italiancanyoning.it\/fr\/a-propos-canyoning-toscane\/","og_locale":"fr_FR","og_type":"article","og_title":"\u00c0 propos de nous - Itaca Canyoning","og_description":"Profond\u00e9ment amoureux de l'escalade et du canyoning, notre vie tourne autour de ces disciplines que nous pratiquons \u00e0 100%","og_url":"https:\/\/italiancanyoning.it\/fr\/a-propos-canyoning-toscane\/","og_site_name":"Itaca Canyoning","article_publisher":"https:\/\/www.facebook.com\/itacanyoning","article_modified_time":"2025-02-18T09:33:47+00:00","og_image":[{"width":1200,"height":800,"url":"https:\/\/italiancanyoning.it\/wp-content\/uploads\/2023\/03\/itaca-canyoning-in-toscana-rio-lerca-114_websize-1-scaled.jpg","type":"image\/jpeg"}],"twitter_card":"summary_large_image","twitter_misc":{"Dur\u00e9e de lecture estim\u00e9e":"2 minutes"},"schema":{"@context":"https:\/\/schema.org","@graph":[{"@type":"WebPage","@id":"https:\/\/italiancanyoning.it\/fr\/a-propos-canyoning-toscane\/","url":"https:\/\/italiancanyoning.it\/fr\/a-propos-canyoning-toscane\/","name":"\u00c0 propos de nous - Itaca Canyoning","isPartOf":{"@id":"https:\/\/italiancanyoning.it\/fr\/#website"},"primaryImageOfPage":{"@id":"https:\/\/italiancanyoning.it\/fr\/a-propos-canyoning-toscane\/#primaryimage"},"image":{"@id":"https:\/\/italiancanyoning.it\/fr\/a-propos-canyoning-toscane\/#primaryimage"},"thumbnailUrl":"https:\/\/italiancanyoning.it\/wp-content\/uploads\/2023\/03\/itaca-canyoning-in-toscana-rio-lerca-114_websize-1-scaled.jpg","datePublished":"2021-03-20T18:49:53+00:00","dateModified":"2025-02-18T09:33:47+00:00","description":"Profond\u00e9ment amoureux de l'escalade et du canyoning, notre vie tourne autour de ces disciplines que nous pratiquons \u00e0 100%","breadcrumb":{"@id":"https:\/\/italiancanyoning.it\/fr\/a-propos-canyoning-toscane\/#breadcrumb"},"inLanguage":"fr-FR","potentialAction":[{"@type":"ReadAction","target":["https:\/\/italiancanyoning.it\/fr\/a-propos-canyoning-toscane\/"]}]},{"@type":"ImageObject","inLanguage":"fr-FR","@id":"https:\/\/italiancanyoning.it\/fr\/a-propos-canyoning-toscane\/#primaryimage","url":"https:\/\/italiancanyoning.it\/wp-content\/uploads\/2023\/03\/itaca-canyoning-in-toscana-rio-lerca-114_websize-1-scaled.jpg","contentUrl":"https:\/\/italiancanyoning.it\/wp-content\/uploads\/2023\/03\/itaca-canyoning-in-toscana-rio-lerca-114_websize-1-scaled.jpg","width":1200,"height":800,"caption":"Chi siamo itaca Canyoning"},{"@type":"BreadcrumbList","@id":"https:\/\/italiancanyoning.it\/fr\/a-propos-canyoning-toscane\/#breadcrumb","itemListElement":[{"@type":"ListItem","position":1,"name":"Home","item":"https:\/\/italiancanyoning.it\/fr\/"},{"@type":"ListItem","position":2,"name":"\u00c0 propos de nous"}]},{"@type":"WebSite","@id":"https:\/\/italiancanyoning.it\/fr\/#website","url":"https:\/\/italiancanyoning.it\/fr\/","name":"Itaca - Italian Canyoning","description":"Scivola nell&#039;avventura, l&#039;esperienza del torrentismo ti aspetta!","publisher":{"@id":"https:\/\/italiancanyoning.it\/fr\/#organization"},"potentialAction":[{"@type":"SearchAction","target":{"@type":"EntryPoint","urlTemplate":"https:\/\/italiancanyoning.it\/fr\/?s={search_term_string}"},"query-input":{"@type":"PropertyValueSpecification","valueRequired":true,"valueName":"search_term_string"}}],"inLanguage":"fr-FR"},{"@type":"Organization","@id":"https:\/\/italiancanyoning.it\/fr\/#organization","name":"Itaca Canyoning","url":"https:\/\/italiancanyoning.it\/fr\/","logo":{"@type":"ImageObject","inLanguage":"fr-FR","@id":"https:\/\/italiancanyoning.it\/fr\/#\/schema\/logo\/image\/","url":"https:\/\/italiancanyoning.it\/wp-content\/uploads\/2024\/12\/itaca-canyoning-logo60.png","contentUrl":"https:\/\/italiancanyoning.it\/wp-content\/uploads\/2024\/12\/itaca-canyoning-logo60.png","width":215,"height":60,"caption":"Itaca Canyoning"},"image":{"@id":"https:\/\/italiancanyoning.it\/fr\/#\/schema\/logo\/image\/"},"sameAs":["https:\/\/www.facebook.com\/itacanyoning","https:\/\/www.instagram.com\/itaca_canyoning\/"]}]}},"_links":{"self":[{"href":"https:\/\/italiancanyoning.it\/fr\/wp-json\/wp\/v2\/pages\/1615","targetHints":{"allow":["GET"]}}],"collection":[{"href":"https:\/\/italiancanyoning.it\/fr\/wp-json\/wp\/v2\/pages"}],"about":[{"href":"https:\/\/italiancanyoning.it\/fr\/wp-json\/wp\/v2\/types\/page"}],"author":[{"embeddable":true,"href":"https:\/\/italiancanyoning.it\/fr\/wp-json\/wp\/v2\/users\/3"}],"replies":[{"embeddable":true,"href":"https:\/\/italiancanyoning.it\/fr\/wp-json\/wp\/v2\/comments?post=1615"}],"version-history":[{"count":5,"href":"https:\/\/italiancanyoning.it\/fr\/wp-json\/wp\/v2\/pages\/1615\/revisions"}],"predecessor-version":[{"id":7603,"href":"https:\/\/italiancanyoning.it\/fr\/wp-json\/wp\/v2\/pages\/1615\/revisions\/7603"}],"wp:featuredmedia":[{"embeddable":true,"href":"https:\/\/italiancanyoning.it\/fr\/wp-json\/wp\/v2\/media\/2072"}],"wp:attachment":[{"href":"https:\/\/italiancanyoning.it\/fr\/wp-json\/wp\/v2\/media?parent=1615"}],"curies":[{"name":"wp","href":"https:\/\/api.w.org\/{rel}","templated":true}]}}