{"id":1623,"date":"2022-03-03T08:38:09","date_gmt":"2022-03-03T08:38:09","guid":{"rendered":"https:\/\/italiancanyoning.it\/foto-torrentismo-toscana-liguria\/"},"modified":"2025-02-05T14:25:08","modified_gmt":"2025-02-05T14:25:08","slug":"photo-canyoning-toscane-liguria","status":"publish","type":"page","link":"https:\/\/italiancanyoning.it\/fr\/photo-canyoning-toscane-liguria\/","title":{"rendered":"Photos"},"content":{"rendered":"<div class=\"wpb-content-wrapper\"><p>[vc_row full_width=\u00a0\u00bbstretch_row_content\u00a0\u00bb css_animation=\u00a0\u00bbfadeIn\u00a0\u00bb css=\u00a0\u00bb.vc_custom_1737634162855{padding-top: 30px !important;background: #F3E8D7 url(https:\/\/italiancanyoning.it\/wp-content\/uploads\/2023\/10\/Texture-1-1bianca.svg?id=3605) !important;background-position: center !important;background-repeat: no-repeat !important;background-size: cover !important;}\u00a0\u00bb][vc_column width=\u00a0\u00bb1\/4&Prime;][vc_single_image image=\u00a0\u00bb1111&Prime; img_size=\u00a0\u00bb600&#215;300&Prime; alignment=\u00a0\u00bbcenter\u00a0\u00bb style=\u00a0\u00bbvc_box_shadow_border\u00a0\u00bb css=\u00a0\u00bb\u00a0\u00bb][vc_column_text css=\u00a0\u00bb\u00a0\u00bb]<\/p>\n<div class=\"elementor-element elementor-element-93cf92e e-flex e-con-boxed e-con e-child\" data-id=\"93cf92e\" data-element_type=\"container\" data-settings=\"{&quot;content_width&quot;:&quot;boxed&quot;}\">\n<div class=\"e-con-inner\">\n<h3><span style=\"color: #26456a;\">01<\/span><\/h3>\n<h3>galerie en ligne<\/h3>\n<p>Cliquez sur la photo de votre excursion<\/p>\n<\/div>\n<\/div>\n<p>[\/vc_column_text][\/vc_column][vc_column width=\u00a0\u00bb1\/4&Prime;][vc_single_image image=\u00a0\u00bb1109&Prime; img_size=\u00a0\u00bb600&#215;300&Prime; alignment=\u00a0\u00bbcenter\u00a0\u00bb style=\u00a0\u00bbvc_box_shadow_border\u00a0\u00bb css=\u00a0\u00bb\u00a0\u00bb][vc_column_text css=\u00a0\u00bb\u00a0\u00bb]<\/p>\n<div class=\"elementor-element elementor-element-93cf92e e-flex e-con-boxed e-con e-child\" data-id=\"93cf92e\" data-element_type=\"container\" data-settings=\"{&quot;content_width&quot;:&quot;boxed&quot;}\">\n<div class=\"e-con-inner\">\n<h3><span style=\"color: #26456a;\">02<\/span><\/h3>\n<h3>se connecter<\/h3>\n<p>Entrez votre mot de passe et acc\u00e9dez \u00e0 la Galerie<\/p>\n<\/div>\n<\/div>\n<p>[\/vc_column_text][\/vc_column][vc_column width=\u00a0\u00bb1\/4&Prime;][vc_single_image image=\u00a0\u00bb1091&Prime; img_size=\u00a0\u00bb600&#215;300&Prime; alignment=\u00a0\u00bbcenter\u00a0\u00bb style=\u00a0\u00bbvc_box_shadow_border\u00a0\u00bb css=\u00a0\u00bb\u00a0\u00bb][vc_column_text css=\u00a0\u00bb\u00a0\u00bb]<\/p>\n<div class=\"elementor-element elementor-element-93cf92e e-flex e-con-boxed e-con e-child\" data-id=\"93cf92e\" data-element_type=\"container\" data-settings=\"{&quot;content_width&quot;:&quot;boxed&quot;}\">\n<div class=\"e-con-inner\">\n<h3><span style=\"color: #26456a;\">03<\/span><\/h3>\n<h3>t\u00e9l\u00e9charger<\/h3>\n<p>Vous pouvez t\u00e9l\u00e9charger la galerie enti\u00e8re ou simplement les photos qui vous int\u00e9ressent.<\/p>\n<\/div>\n<\/div>\n<p>[\/vc_column_text][\/vc_column][vc_column width=\u00a0\u00bb1\/4&Prime;][vc_single_image image=\u00a0\u00bb3325&Prime; img_size=\u00a0\u00bb600&#215;300&Prime; alignment=\u00a0\u00bbcenter\u00a0\u00bb style=\u00a0\u00bbvc_box_shadow_border\u00a0\u00bb css=\u00a0\u00bb\u00a0\u00bb][vc_column_text css=\u00a0\u00bb\u00a0\u00bb]<\/p>\n<div class=\"elementor-element elementor-element-93cf92e e-flex e-con-boxed e-con e-child\" data-id=\"93cf92e\" data-element_type=\"container\" data-settings=\"{&quot;content_width&quot;:&quot;boxed&quot;}\">\n<div class=\"e-con-inner\">\n<h3><span style=\"color: #26456a;\">04<\/span><\/h3>\n<h3>partager<\/h3>\n<p>Partagez les photos que vous aimez sur vos r\u00e9seaux sociaux pr\u00e9f\u00e9r\u00e9s !<\/p>\n<\/div>\n<\/div>\n<p>[\/vc_column_text][\/vc_column][\/vc_row][vc_row css_animation=\u00a0\u00bbnone\u00a0\u00bb][vc_column width=\u00a0\u00bb1\/2&Prime; css=\u00a0\u00bb.vc_custom_1737647942743{margin-bottom: 65px !important;}\u00a0\u00bb]<div class=\"cq-imageoverlay\" data-overlaycolor=\"#A7BBBCDE\" data-overlaysize=\"300\" data-titlesize=\"\" data-contentsize=\"\" data-overlayshape=\"circle\" data-overlaymargin=\"\" data-contentcolor=\"\" data-elementmargin=\"\"><div class=\"cq-imageoverlay-overlay cq-circle\"><div class=\"cq-imageoverlay-paragraph\"><a href=\"https:\/\/duesudue.pic-time.com\/-itacariobuti\/gallery\" title=\"\" target=\"_blank\" class=\"cq-imageoverlay-link\"><h4 class=\"cq-imageoverlay-title\"><i class=\"cq-imageoverlay-icon fas fa-water\"><\/i> Rio Selvano 18 juin 2022<\/h4><span class=\"cq-imageoverlay-content\">Cliquez pour le voir<\/span><\/a><\/div><\/div><img decoding=\"async\" src=\"https:\/\/italiancanyoning.it\/wp-content\/uploads\/2024\/06\/come-funziona-il-canyoning-5-700x467.jpg\" class=\"cq-imageoverlay-img\" alt=\"\" \/><\/div>[\/vc_column][vc_column width=\u00a0\u00bb1\/2&Prime; css=\u00a0\u00bb.vc_custom_1737647798723{margin-bottom: 100px !important;}\u00a0\u00bb]<div class=\"cq-imageoverlay\" data-overlaycolor=\"#A7BBBCDE\" data-overlaysize=\"300\" data-titlesize=\"\" data-contentsize=\"\" data-overlayshape=\"circle\" data-overlaymargin=\"\" data-contentcolor=\"\" data-elementmargin=\"\"><div class=\"cq-imageoverlay-overlay cq-circle\"><div class=\"cq-imageoverlay-paragraph\"><a href=\"https:\/\/duesudue.pic-time.com\/-itacariobuti\/gallery\" title=\"\" target=\"_blank\" class=\"cq-imageoverlay-link\"><h4 class=\"cq-imageoverlay-title\"><i class=\"cq-imageoverlay-icon fas fa-wind\"><\/i> Rio Lerca 3 f\u00e9vrier 2023<\/h4><span class=\"cq-imageoverlay-content\">Cliquez pour le voir<\/span><\/a><\/div><\/div><img decoding=\"async\" src=\"https:\/\/italiancanyoning.it\/wp-content\/uploads\/2023\/07\/canyoning-toscana-torrente-serra-77_websize-700x467.jpg\" class=\"cq-imageoverlay-img\" alt=\"\" \/><\/div>[\/vc_column][\/vc_row][vc_row css_animation=\u00a0\u00bbnone\u00a0\u00bb][vc_column width=\u00a0\u00bb1\/2&Prime; css=\u00a0\u00bb.vc_custom_1737647803134{margin-bottom: 100px !important;}\u00a0\u00bb]<div class=\"cq-imageoverlay\" data-overlaycolor=\"#A7BBBCDE\" data-overlaysize=\"300\" data-titlesize=\"\" data-contentsize=\"\" data-overlayshape=\"circle\" data-overlaymargin=\"\" data-contentcolor=\"\" data-elementmargin=\"\"><div class=\"cq-imageoverlay-overlay cq-circle\"><div class=\"cq-imageoverlay-paragraph\"><a href=\"https:\/\/duesudue.pic-time.com\/-itacariobuti\/gallery\" title=\"\" target=\"_blank\" class=\"cq-imageoverlay-link\"><h4 class=\"cq-imageoverlay-title\"><i class=\"cq-imageoverlay-icon fas fa-water\"><\/i> Rio Selvano 9 septembre 2022<\/h4><span class=\"cq-imageoverlay-content\">Cliquez pour le voir<\/span><\/a><\/div><\/div><img decoding=\"async\" src=\"https:\/\/italiancanyoning.it\/wp-content\/uploads\/2023\/07\/canyoning-toscana-torrente-serra-7_websize-700x467.jpg\" class=\"cq-imageoverlay-img\" alt=\"\" \/><\/div>[\/vc_column][vc_column width=\u00a0\u00bb1\/2&Prime; css=\u00a0\u00bb.vc_custom_1737647807332{margin-bottom: 100px !important;}\u00a0\u00bb]<div class=\"cq-imageoverlay\" data-overlaycolor=\"#A7BBBCDE\" data-overlaysize=\"300\" data-titlesize=\"\" data-contentsize=\"\" data-overlayshape=\"circle\" data-overlaymargin=\"\" data-contentcolor=\"\" data-elementmargin=\"\"><div class=\"cq-imageoverlay-overlay cq-circle\"><div class=\"cq-imageoverlay-paragraph\"><a href=\"https:\/\/duesudue.pic-time.com\/-itacariobuti\/gallery\" title=\"\" target=\"_blank\" class=\"cq-imageoverlay-link\"><h4 class=\"cq-imageoverlay-title\"><i class=\"cq-imageoverlay-icon fas fa-wind\"><\/i> Rio Barbaira 28 ao\u00fbt 2022<\/h4><span class=\"cq-imageoverlay-content\">Cliquez pour le voir<\/span><\/a><\/div><\/div><img decoding=\"async\" src=\"https:\/\/italiancanyoning.it\/wp-content\/uploads\/2024\/02\/itaca-canyoning-toscana-torrente-serra-41_websize-700x467.jpg\" class=\"cq-imageoverlay-img\" alt=\"\" \/><\/div>[\/vc_column][\/vc_row][vc_row css_animation=\u00a0\u00bbnone\u00a0\u00bb][vc_column width=\u00a0\u00bb1\/2&Prime; css=\u00a0\u00bb.vc_custom_1737647813970{margin-bottom: 100px !important;}\u00a0\u00bb]<div class=\"cq-imageoverlay\" data-overlaycolor=\"#A7BBBCDE\" data-overlaysize=\"300\" data-titlesize=\"\" data-contentsize=\"\" data-overlayshape=\"circle\" data-overlaymargin=\"\" data-contentcolor=\"\" data-elementmargin=\"\"><div class=\"cq-imageoverlay-overlay cq-circle\"><div class=\"cq-imageoverlay-paragraph\"><a href=\"https:\/\/duesudue.pic-time.com\/-itacariobuti\/gallery\" title=\"\" target=\"_blank\" class=\"cq-imageoverlay-link\"><h4 class=\"cq-imageoverlay-title\"><i class=\"cq-imageoverlay-icon fas fa-wind\"><\/i> Rio Barbaira 23 ao\u00fbt 2022<\/h4><span class=\"cq-imageoverlay-content\">Cliquez pour le voir<\/span><\/a><\/div><\/div><img decoding=\"async\" src=\"https:\/\/italiancanyoning.it\/wp-content\/uploads\/2023\/03\/itaca-canyoning-in-toscana-rio-lerca-85_websize-1-scaled-700x467.jpg\" class=\"cq-imageoverlay-img\" alt=\"rio lerca Canyoning\" \/><\/div>[\/vc_column][vc_column width=\u00a0\u00bb1\/2&Prime; css=\u00a0\u00bb.vc_custom_1737647818477{margin-bottom: 100px !important;}\u00a0\u00bb]<div class=\"cq-imageoverlay\" data-overlaycolor=\"#A7BBBCDE\" data-overlaysize=\"300\" data-titlesize=\"\" data-contentsize=\"\" data-overlayshape=\"circle\" data-overlaymargin=\"\" data-contentcolor=\"\" data-elementmargin=\"\"><div class=\"cq-imageoverlay-overlay cq-circle\"><div class=\"cq-imageoverlay-paragraph\"><a href=\"https:\/\/duesudue.pic-time.com\/-itacariobuti\/gallery\" title=\"\" target=\"_blank\" class=\"cq-imageoverlay-link\"><h4 class=\"cq-imageoverlay-title\"><i class=\"cq-imageoverlay-icon fas fa-water\"><\/i> Rio Selvano 4 juin 2022<\/h4><span class=\"cq-imageoverlay-content\">Cliquez pour le voir<\/span><\/a><\/div><\/div><img decoding=\"async\" src=\"https:\/\/italiancanyoning.it\/wp-content\/uploads\/2022\/01\/canyoning-rio-selvano-12_websize-700x467.jpg\" class=\"cq-imageoverlay-img\" alt=\"\" \/><\/div>[\/vc_column][\/vc_row][vc_row css_animation=\u00a0\u00bbnone\u00a0\u00bb][vc_column width=\u00a0\u00bb1\/2&Prime; css=\u00a0\u00bb.vc_custom_1737647822781{margin-bottom: 100px !important;}\u00a0\u00bb]<div class=\"cq-imageoverlay\" data-overlaycolor=\"#A7BBBCDE\" data-overlaysize=\"300\" data-titlesize=\"\" data-contentsize=\"\" data-overlayshape=\"circle\" data-overlaymargin=\"\" data-contentcolor=\"\" data-elementmargin=\"\"><div class=\"cq-imageoverlay-overlay cq-circle\"><div class=\"cq-imageoverlay-paragraph\"><a href=\"https:\/\/duesudue.pic-time.com\/-itacariobuti\/gallery\" title=\"\" target=\"_blank\" class=\"cq-imageoverlay-link\"><h4 class=\"cq-imageoverlay-title\"><i class=\"cq-imageoverlay-icon fas fa-water\"><\/i> Rio Selvano 15 mai 2022<\/h4><span class=\"cq-imageoverlay-content\">Cliquez pour le voir<\/span><\/a><\/div><\/div><img decoding=\"async\" src=\"https:\/\/italiancanyoning.it\/wp-content\/uploads\/2021\/02\/itaca-canyoning-in-toscana-70_websize-1-700x467.jpg\" class=\"cq-imageoverlay-img\" alt=\"Canyoning toscana - rio buti\" \/><\/div>[\/vc_column][vc_column width=\u00a0\u00bb1\/2&Prime; css=\u00a0\u00bb.vc_custom_1737647827276{margin-bottom: 100px !important;}\u00a0\u00bb]<div class=\"cq-imageoverlay\" data-overlaycolor=\"#A7BBBCDE\" data-overlaysize=\"300\" data-titlesize=\"\" data-contentsize=\"\" data-overlayshape=\"circle\" data-overlaymargin=\"\" data-contentcolor=\"\" data-elementmargin=\"\"><div class=\"cq-imageoverlay-overlay cq-circle\"><div class=\"cq-imageoverlay-paragraph\"><a href=\"https:\/\/duesudue.pic-time.com\/-itacariobuti\/gallery\" title=\"\" target=\"_blank\" class=\"cq-imageoverlay-link\"><h4 class=\"cq-imageoverlay-title\"><i class=\"cq-imageoverlay-icon fas fa-water\"><\/i> Rio Selvano 16 mai 2022<\/h4><span class=\"cq-imageoverlay-content\">Cliquez pour le voir<\/span><\/a><\/div><\/div><img decoding=\"async\" src=\"https:\/\/italiancanyoning.it\/wp-content\/uploads\/2023\/07\/Attrezzatura-canyoning-700x466.png\" class=\"cq-imageoverlay-img\" alt=\"Attrezzatura canyoning\" \/><\/div>[\/vc_column][\/vc_row]<\/p>\n<\/div>","protected":false},"excerpt":{"rendered":"<p>[vc_row full_width=\u00a0\u00bbstretch_row_content\u00a0\u00bb css_animation=\u00a0\u00bbfadeIn\u00a0\u00bb css=\u00a0\u00bb.vc_custom_1737634162855{padding-top: 30px !important;background: #F3E8D7 url(https:\/\/italiancanyoning.it\/wp-content\/uploads\/2023\/10\/Texture-1-1bianca.svg?id=3605) !important;background-position: center [&hellip;]<\/p>\n","protected":false},"author":3,"featured_media":3659,"parent":0,"menu_order":0,"comment_status":"closed","ping_status":"closed","template":"template-fullwidth-no-heading.php","meta":{"footnotes":""},"class_list":["post-1623","page","type-page","status-publish","has-post-thumbnail","hentry"],"yoast_head":"<!-- This site is optimized with the Yoast SEO plugin v26.4 - https:\/\/yoast.com\/wordpress\/plugins\/seo\/ -->\n<title>Photos - Itaca Canyoning<\/title>\n<meta name=\"robots\" content=\"index, follow, max-snippet:-1, max-image-preview:large, max-video-preview:-1\" \/>\n<link rel=\"canonical\" href=\"https:\/\/italiancanyoning.it\/fr\/photo-canyoning-toscane-liguria\/\" \/>\n<meta property=\"og:locale\" content=\"fr_FR\" \/>\n<meta property=\"og:type\" content=\"article\" \/>\n<meta property=\"og:title\" content=\"Photos - Itaca Canyoning\" \/>\n<meta property=\"og:description\" content=\"[vc_row full_width=\u00a0\u00bbstretch_row_content\u00a0\u00bb css_animation=\u00a0\u00bbfadeIn\u00a0\u00bb css=\u00a0\u00bb.vc_custom_1737634162855{padding-top: 30px !important;background: #F3E8D7 url(https:\/\/italiancanyoning.it\/wp-content\/uploads\/2023\/10\/Texture-1-1bianca.svg?id=3605) !important;background-position: center [&hellip;]\" \/>\n<meta property=\"og:url\" content=\"https:\/\/italiancanyoning.it\/fr\/photo-canyoning-toscane-liguria\/\" \/>\n<meta property=\"og:site_name\" content=\"Itaca Canyoning\" \/>\n<meta property=\"article:publisher\" content=\"https:\/\/www.facebook.com\/itacanyoning\" \/>\n<meta property=\"article:modified_time\" content=\"2025-02-05T14:25:08+00:00\" \/>\n<meta property=\"og:image\" content=\"https:\/\/italiancanyoning.it\/wp-content\/uploads\/2023\/10\/20220909_111110_websize.jpg\" \/>\n\t<meta property=\"og:image:width\" content=\"1600\" \/>\n\t<meta property=\"og:image:height\" content=\"1600\" \/>\n\t<meta property=\"og:image:type\" content=\"image\/jpeg\" \/>\n<meta name=\"twitter:card\" content=\"summary_large_image\" \/>\n<meta name=\"twitter:label1\" content=\"Dur\u00e9e de lecture estim\u00e9e\" \/>\n\t<meta name=\"twitter:data1\" content=\"3 minutes\" \/>\n<script type=\"application\/ld+json\" class=\"yoast-schema-graph\">{\"@context\":\"https:\/\/schema.org\",\"@graph\":[{\"@type\":\"WebPage\",\"@id\":\"https:\/\/italiancanyoning.it\/fr\/photo-canyoning-toscane-liguria\/\",\"url\":\"https:\/\/italiancanyoning.it\/fr\/photo-canyoning-toscane-liguria\/\",\"name\":\"Photos - Itaca Canyoning\",\"isPartOf\":{\"@id\":\"https:\/\/italiancanyoning.it\/fr\/#website\"},\"primaryImageOfPage\":{\"@id\":\"https:\/\/italiancanyoning.it\/fr\/photo-canyoning-toscane-liguria\/#primaryimage\"},\"image\":{\"@id\":\"https:\/\/italiancanyoning.it\/fr\/photo-canyoning-toscane-liguria\/#primaryimage\"},\"thumbnailUrl\":\"https:\/\/italiancanyoning.it\/wp-content\/uploads\/2023\/10\/20220909_111110_websize.jpg\",\"datePublished\":\"2022-03-03T08:38:09+00:00\",\"dateModified\":\"2025-02-05T14:25:08+00:00\",\"breadcrumb\":{\"@id\":\"https:\/\/italiancanyoning.it\/fr\/photo-canyoning-toscane-liguria\/#breadcrumb\"},\"inLanguage\":\"fr-FR\",\"potentialAction\":[{\"@type\":\"ReadAction\",\"target\":[\"https:\/\/italiancanyoning.it\/fr\/photo-canyoning-toscane-liguria\/\"]}]},{\"@type\":\"ImageObject\",\"inLanguage\":\"fr-FR\",\"@id\":\"https:\/\/italiancanyoning.it\/fr\/photo-canyoning-toscane-liguria\/#primaryimage\",\"url\":\"https:\/\/italiancanyoning.it\/wp-content\/uploads\/2023\/10\/20220909_111110_websize.jpg\",\"contentUrl\":\"https:\/\/italiancanyoning.it\/wp-content\/uploads\/2023\/10\/20220909_111110_websize.jpg\",\"width\":1600,\"height\":1600,\"caption\":\"Foto Canyoning\"},{\"@type\":\"BreadcrumbList\",\"@id\":\"https:\/\/italiancanyoning.it\/fr\/photo-canyoning-toscane-liguria\/#breadcrumb\",\"itemListElement\":[{\"@type\":\"ListItem\",\"position\":1,\"name\":\"Home\",\"item\":\"https:\/\/italiancanyoning.it\/fr\/\"},{\"@type\":\"ListItem\",\"position\":2,\"name\":\"Photos\"}]},{\"@type\":\"WebSite\",\"@id\":\"https:\/\/italiancanyoning.it\/fr\/#website\",\"url\":\"https:\/\/italiancanyoning.it\/fr\/\",\"name\":\"Itaca - Italian Canyoning\",\"description\":\"Scivola nell&#039;avventura, l&#039;esperienza del torrentismo ti aspetta!\",\"publisher\":{\"@id\":\"https:\/\/italiancanyoning.it\/fr\/#organization\"},\"potentialAction\":[{\"@type\":\"SearchAction\",\"target\":{\"@type\":\"EntryPoint\",\"urlTemplate\":\"https:\/\/italiancanyoning.it\/fr\/?s={search_term_string}\"},\"query-input\":{\"@type\":\"PropertyValueSpecification\",\"valueRequired\":true,\"valueName\":\"search_term_string\"}}],\"inLanguage\":\"fr-FR\"},{\"@type\":\"Organization\",\"@id\":\"https:\/\/italiancanyoning.it\/fr\/#organization\",\"name\":\"Itaca Canyoning\",\"url\":\"https:\/\/italiancanyoning.it\/fr\/\",\"logo\":{\"@type\":\"ImageObject\",\"inLanguage\":\"fr-FR\",\"@id\":\"https:\/\/italiancanyoning.it\/fr\/#\/schema\/logo\/image\/\",\"url\":\"https:\/\/italiancanyoning.it\/wp-content\/uploads\/2024\/12\/itaca-canyoning-logo60.png\",\"contentUrl\":\"https:\/\/italiancanyoning.it\/wp-content\/uploads\/2024\/12\/itaca-canyoning-logo60.png\",\"width\":215,\"height\":60,\"caption\":\"Itaca Canyoning\"},\"image\":{\"@id\":\"https:\/\/italiancanyoning.it\/fr\/#\/schema\/logo\/image\/\"},\"sameAs\":[\"https:\/\/www.facebook.com\/itacanyoning\",\"https:\/\/www.instagram.com\/itaca_canyoning\/\"]}]}<\/script>\n<!-- \/ Yoast SEO plugin. -->","yoast_head_json":{"title":"Photos - Itaca Canyoning","robots":{"index":"index","follow":"follow","max-snippet":"max-snippet:-1","max-image-preview":"max-image-preview:large","max-video-preview":"max-video-preview:-1"},"canonical":"https:\/\/italiancanyoning.it\/fr\/photo-canyoning-toscane-liguria\/","og_locale":"fr_FR","og_type":"article","og_title":"Photos - Itaca Canyoning","og_description":"[vc_row full_width=\u00a0\u00bbstretch_row_content\u00a0\u00bb css_animation=\u00a0\u00bbfadeIn\u00a0\u00bb css=\u00a0\u00bb.vc_custom_1737634162855{padding-top: 30px !important;background: #F3E8D7 url(https:\/\/italiancanyoning.it\/wp-content\/uploads\/2023\/10\/Texture-1-1bianca.svg?id=3605) !important;background-position: center [&hellip;]","og_url":"https:\/\/italiancanyoning.it\/fr\/photo-canyoning-toscane-liguria\/","og_site_name":"Itaca Canyoning","article_publisher":"https:\/\/www.facebook.com\/itacanyoning","article_modified_time":"2025-02-05T14:25:08+00:00","og_image":[{"width":1600,"height":1600,"url":"https:\/\/italiancanyoning.it\/wp-content\/uploads\/2023\/10\/20220909_111110_websize.jpg","type":"image\/jpeg"}],"twitter_card":"summary_large_image","twitter_misc":{"Dur\u00e9e de lecture estim\u00e9e":"3 minutes"},"schema":{"@context":"https:\/\/schema.org","@graph":[{"@type":"WebPage","@id":"https:\/\/italiancanyoning.it\/fr\/photo-canyoning-toscane-liguria\/","url":"https:\/\/italiancanyoning.it\/fr\/photo-canyoning-toscane-liguria\/","name":"Photos - Itaca Canyoning","isPartOf":{"@id":"https:\/\/italiancanyoning.it\/fr\/#website"},"primaryImageOfPage":{"@id":"https:\/\/italiancanyoning.it\/fr\/photo-canyoning-toscane-liguria\/#primaryimage"},"image":{"@id":"https:\/\/italiancanyoning.it\/fr\/photo-canyoning-toscane-liguria\/#primaryimage"},"thumbnailUrl":"https:\/\/italiancanyoning.it\/wp-content\/uploads\/2023\/10\/20220909_111110_websize.jpg","datePublished":"2022-03-03T08:38:09+00:00","dateModified":"2025-02-05T14:25:08+00:00","breadcrumb":{"@id":"https:\/\/italiancanyoning.it\/fr\/photo-canyoning-toscane-liguria\/#breadcrumb"},"inLanguage":"fr-FR","potentialAction":[{"@type":"ReadAction","target":["https:\/\/italiancanyoning.it\/fr\/photo-canyoning-toscane-liguria\/"]}]},{"@type":"ImageObject","inLanguage":"fr-FR","@id":"https:\/\/italiancanyoning.it\/fr\/photo-canyoning-toscane-liguria\/#primaryimage","url":"https:\/\/italiancanyoning.it\/wp-content\/uploads\/2023\/10\/20220909_111110_websize.jpg","contentUrl":"https:\/\/italiancanyoning.it\/wp-content\/uploads\/2023\/10\/20220909_111110_websize.jpg","width":1600,"height":1600,"caption":"Foto Canyoning"},{"@type":"BreadcrumbList","@id":"https:\/\/italiancanyoning.it\/fr\/photo-canyoning-toscane-liguria\/#breadcrumb","itemListElement":[{"@type":"ListItem","position":1,"name":"Home","item":"https:\/\/italiancanyoning.it\/fr\/"},{"@type":"ListItem","position":2,"name":"Photos"}]},{"@type":"WebSite","@id":"https:\/\/italiancanyoning.it\/fr\/#website","url":"https:\/\/italiancanyoning.it\/fr\/","name":"Itaca - Italian Canyoning","description":"Scivola nell&#039;avventura, l&#039;esperienza del torrentismo ti aspetta!","publisher":{"@id":"https:\/\/italiancanyoning.it\/fr\/#organization"},"potentialAction":[{"@type":"SearchAction","target":{"@type":"EntryPoint","urlTemplate":"https:\/\/italiancanyoning.it\/fr\/?s={search_term_string}"},"query-input":{"@type":"PropertyValueSpecification","valueRequired":true,"valueName":"search_term_string"}}],"inLanguage":"fr-FR"},{"@type":"Organization","@id":"https:\/\/italiancanyoning.it\/fr\/#organization","name":"Itaca Canyoning","url":"https:\/\/italiancanyoning.it\/fr\/","logo":{"@type":"ImageObject","inLanguage":"fr-FR","@id":"https:\/\/italiancanyoning.it\/fr\/#\/schema\/logo\/image\/","url":"https:\/\/italiancanyoning.it\/wp-content\/uploads\/2024\/12\/itaca-canyoning-logo60.png","contentUrl":"https:\/\/italiancanyoning.it\/wp-content\/uploads\/2024\/12\/itaca-canyoning-logo60.png","width":215,"height":60,"caption":"Itaca Canyoning"},"image":{"@id":"https:\/\/italiancanyoning.it\/fr\/#\/schema\/logo\/image\/"},"sameAs":["https:\/\/www.facebook.com\/itacanyoning","https:\/\/www.instagram.com\/itaca_canyoning\/"]}]}},"_links":{"self":[{"href":"https:\/\/italiancanyoning.it\/fr\/wp-json\/wp\/v2\/pages\/1623","targetHints":{"allow":["GET"]}}],"collection":[{"href":"https:\/\/italiancanyoning.it\/fr\/wp-json\/wp\/v2\/pages"}],"about":[{"href":"https:\/\/italiancanyoning.it\/fr\/wp-json\/wp\/v2\/types\/page"}],"author":[{"embeddable":true,"href":"https:\/\/italiancanyoning.it\/fr\/wp-json\/wp\/v2\/users\/3"}],"replies":[{"embeddable":true,"href":"https:\/\/italiancanyoning.it\/fr\/wp-json\/wp\/v2\/comments?post=1623"}],"version-history":[{"count":23,"href":"https:\/\/italiancanyoning.it\/fr\/wp-json\/wp\/v2\/pages\/1623\/revisions"}],"predecessor-version":[{"id":7608,"href":"https:\/\/italiancanyoning.it\/fr\/wp-json\/wp\/v2\/pages\/1623\/revisions\/7608"}],"wp:featuredmedia":[{"embeddable":true,"href":"https:\/\/italiancanyoning.it\/fr\/wp-json\/wp\/v2\/media\/3659"}],"wp:attachment":[{"href":"https:\/\/italiancanyoning.it\/fr\/wp-json\/wp\/v2\/media?parent=1623"}],"curies":[{"name":"wp","href":"https:\/\/api.w.org\/{rel}","templated":true}]}}