{"id":4731,"date":"2023-07-11T15:41:01","date_gmt":"2023-07-11T15:41:01","guid":{"rendered":"https:\/\/italiancanyoning.it\/blog\/"},"modified":"2025-02-18T09:28:24","modified_gmt":"2025-02-18T09:28:24","slug":"blog","status":"publish","type":"page","link":"https:\/\/italiancanyoning.it\/fr\/blog\/","title":{"rendered":"Blog"},"content":{"rendered":"<div class=\"wpb-content-wrapper\"><p>[vc_row css=\u00a0\u00bb.vc_custom_1737626464220{margin-top: 30px !important;}\u00a0\u00bb][vc_column][vc_custom_heading text=\u00a0\u00bbNEWS\u00a0\u00bb font_container=\u00a0\u00bbtag:h2|font_size:50|text_align:left|color:%23105D8C\u00a0\u00bb use_theme_fonts=\u00a0\u00bbyes\u00a0\u00bb css=\u00a0\u00bb\u00a0\u00bb][vc_column_text css=\u00a0\u00bb\u00a0\u00bb]<\/p>\n<h3>D\u00e9couvrez les derni\u00e8res nouvelles du monde du canyoning<\/h3>\n<p><strong>Itaca Canyoning<\/strong> propose une exp\u00e9rience compl\u00e8te et approfondie du monde fascinant du canyoning en Italie. Le canyoning est une activit\u00e9 d&rsquo;aventure et un sport extr\u00eame qui permet aux amateurs de s&rsquo;immerger dans la nature d&rsquo;une mani\u00e8re unique et passionnante. Au travers de nos r\u00e9cits, vous pourrez d\u00e9couvrir les meilleures destinations pour le canyoning dans des r\u00e9gions telles que la Toscane, l&rsquo;Ombrie et les Marches, mais aussi dans toute l&rsquo;Italie et o\u00f9 faire du canyoning en France. Des informations et des faits d\u00e9taill\u00e9s sur l&rsquo;\u00e9quipement n\u00e9cessaire, des conseils pour une pratique s\u00fbre et des t\u00e9moignages de ceux qui ont v\u00e9cu cette exp\u00e9rience inoubliable. Si vous \u00eates un amateur d&rsquo;adr\u00e9naline et que vous souhaitez vous rapprocher du canyoning ou en savoir plus, demandez-nous comment, o\u00f9 et quand. Plongez dans le monde du canyoning et laissez-vous guider par la passion et l&rsquo;exp\u00e9rience d&rsquo;Ithaca Canyoning.[\/vc_column_text][\/vc_column][\/vc_row][vc_row][vc_column][vc_basic_grid post_type=\u00a0\u00bbpost\u00a0\u00bb max_items=\u00a0\u00bb-1&Prime; show_filter=\u00a0\u00bbyes\u00a0\u00bb element_width=\u00a0\u00bb3&Prime; css=\u00a0\u00bb\u00a0\u00bb grid_id=\u00a0\u00bbvc_gid:1738763988459-64da29c6-ceb4-2&Prime; filter_source=\u00a0\u00bbcategory\u00a0\u00bb][\/vc_column][\/vc_row]<\/p>\n<\/div>","protected":false},"excerpt":{"rendered":"<p>[vc_row css=\u00a0\u00bb.vc_custom_1737626464220{margin-top: 30px !important;}\u00a0\u00bb][vc_column][vc_custom_heading text=\u00a0\u00bbNEWS\u00a0\u00bb font_container=\u00a0\u00bbtag:h2|font_size:50|text_align:left|color:%23105D8C\u00a0\u00bb use_theme_fonts=\u00a0\u00bbyes\u00a0\u00bb css=\u00a0\u00bb\u00a0\u00bb][vc_column_text css=\u00a0\u00bb\u00a0\u00bb] D\u00e9couvrez [&hellip;]<\/p>\n","protected":false},"author":3,"featured_media":2361,"parent":0,"menu_order":0,"comment_status":"closed","ping_status":"closed","template":"template-fullwidth-no-heading.php","meta":{"footnotes":""},"class_list":["post-4731","page","type-page","status-publish","has-post-thumbnail","hentry"],"yoast_head":"<!-- This site is optimized with the Yoast SEO plugin v26.4 - https:\/\/yoast.com\/wordpress\/plugins\/seo\/ -->\n<title>Blog - Itaca Canyoning<\/title>\n<meta name=\"description\" content=\"Le canyoning ou torrentisme est l&#039;une des principales activit\u00e9s d&#039;aventure et sports extr\u00eames qui vous permet de vous immerger dans la nature d&#039;une mani\u00e8re unique et stimulante.\" \/>\n<meta name=\"robots\" content=\"index, follow, max-snippet:-1, max-image-preview:large, max-video-preview:-1\" \/>\n<link rel=\"canonical\" href=\"https:\/\/italiancanyoning.it\/fr\/blog\/\" \/>\n<meta property=\"og:locale\" content=\"fr_FR\" \/>\n<meta property=\"og:type\" content=\"article\" \/>\n<meta property=\"og:title\" content=\"Blog - Itaca Canyoning\" \/>\n<meta property=\"og:description\" content=\"Le canyoning ou torrentisme est l&#039;une des principales activit\u00e9s d&#039;aventure et sports extr\u00eames qui vous permet de vous immerger dans la nature d&#039;une mani\u00e8re unique et stimulante.\" \/>\n<meta property=\"og:url\" content=\"https:\/\/italiancanyoning.it\/fr\/blog\/\" \/>\n<meta property=\"og:site_name\" content=\"Itaca Canyoning\" \/>\n<meta property=\"article:publisher\" content=\"https:\/\/www.facebook.com\/itacanyoning\" \/>\n<meta property=\"article:modified_time\" content=\"2025-02-18T09:28:24+00:00\" \/>\n<meta property=\"og:image\" content=\"https:\/\/italiancanyoning.it\/wp-content\/uploads\/2023\/04\/canyoning-liguria-1024x683.webp\" \/>\n\t<meta property=\"og:image:width\" content=\"1024\" \/>\n\t<meta property=\"og:image:height\" content=\"683\" \/>\n\t<meta property=\"og:image:type\" content=\"image\/webp\" \/>\n<meta name=\"twitter:card\" content=\"summary_large_image\" \/>\n<meta name=\"twitter:label1\" content=\"Dur\u00e9e de lecture estim\u00e9e\" \/>\n\t<meta name=\"twitter:data1\" content=\"2 minutes\" \/>\n<script type=\"application\/ld+json\" class=\"yoast-schema-graph\">{\"@context\":\"https:\/\/schema.org\",\"@graph\":[{\"@type\":\"WebPage\",\"@id\":\"https:\/\/italiancanyoning.it\/fr\/blog\/\",\"url\":\"https:\/\/italiancanyoning.it\/fr\/blog\/\",\"name\":\"Blog - Itaca Canyoning\",\"isPartOf\":{\"@id\":\"https:\/\/italiancanyoning.it\/fr\/#website\"},\"primaryImageOfPage\":{\"@id\":\"https:\/\/italiancanyoning.it\/fr\/blog\/#primaryimage\"},\"image\":{\"@id\":\"https:\/\/italiancanyoning.it\/fr\/blog\/#primaryimage\"},\"thumbnailUrl\":\"https:\/\/italiancanyoning.it\/wp-content\/uploads\/2023\/04\/canyoning-liguria.webp\",\"datePublished\":\"2023-07-11T15:41:01+00:00\",\"dateModified\":\"2025-02-18T09:28:24+00:00\",\"description\":\"Le canyoning ou torrentisme est l'une des principales activit\u00e9s d'aventure et sports extr\u00eames qui vous permet de vous immerger dans la nature d'une mani\u00e8re unique et stimulante.\",\"breadcrumb\":{\"@id\":\"https:\/\/italiancanyoning.it\/fr\/blog\/#breadcrumb\"},\"inLanguage\":\"fr-FR\",\"potentialAction\":[{\"@type\":\"ReadAction\",\"target\":[\"https:\/\/italiancanyoning.it\/fr\/blog\/\"]}]},{\"@type\":\"ImageObject\",\"inLanguage\":\"fr-FR\",\"@id\":\"https:\/\/italiancanyoning.it\/fr\/blog\/#primaryimage\",\"url\":\"https:\/\/italiancanyoning.it\/wp-content\/uploads\/2023\/04\/canyoning-liguria.webp\",\"contentUrl\":\"https:\/\/italiancanyoning.it\/wp-content\/uploads\/2023\/04\/canyoning-liguria.webp\",\"width\":2500,\"height\":1667},{\"@type\":\"BreadcrumbList\",\"@id\":\"https:\/\/italiancanyoning.it\/fr\/blog\/#breadcrumb\",\"itemListElement\":[{\"@type\":\"ListItem\",\"position\":1,\"name\":\"Home\",\"item\":\"https:\/\/italiancanyoning.it\/fr\/\"},{\"@type\":\"ListItem\",\"position\":2,\"name\":\"Blog\"}]},{\"@type\":\"WebSite\",\"@id\":\"https:\/\/italiancanyoning.it\/fr\/#website\",\"url\":\"https:\/\/italiancanyoning.it\/fr\/\",\"name\":\"Itaca - Italian Canyoning\",\"description\":\"Scivola nell&#039;avventura, l&#039;esperienza del torrentismo ti aspetta!\",\"publisher\":{\"@id\":\"https:\/\/italiancanyoning.it\/fr\/#organization\"},\"potentialAction\":[{\"@type\":\"SearchAction\",\"target\":{\"@type\":\"EntryPoint\",\"urlTemplate\":\"https:\/\/italiancanyoning.it\/fr\/?s={search_term_string}\"},\"query-input\":{\"@type\":\"PropertyValueSpecification\",\"valueRequired\":true,\"valueName\":\"search_term_string\"}}],\"inLanguage\":\"fr-FR\"},{\"@type\":\"Organization\",\"@id\":\"https:\/\/italiancanyoning.it\/fr\/#organization\",\"name\":\"Itaca Canyoning\",\"url\":\"https:\/\/italiancanyoning.it\/fr\/\",\"logo\":{\"@type\":\"ImageObject\",\"inLanguage\":\"fr-FR\",\"@id\":\"https:\/\/italiancanyoning.it\/fr\/#\/schema\/logo\/image\/\",\"url\":\"https:\/\/italiancanyoning.it\/wp-content\/uploads\/2024\/12\/itaca-canyoning-logo60.png\",\"contentUrl\":\"https:\/\/italiancanyoning.it\/wp-content\/uploads\/2024\/12\/itaca-canyoning-logo60.png\",\"width\":215,\"height\":60,\"caption\":\"Itaca Canyoning\"},\"image\":{\"@id\":\"https:\/\/italiancanyoning.it\/fr\/#\/schema\/logo\/image\/\"},\"sameAs\":[\"https:\/\/www.facebook.com\/itacanyoning\",\"https:\/\/www.instagram.com\/itaca_canyoning\/\"]}]}<\/script>\n<!-- \/ Yoast SEO plugin. -->","yoast_head_json":{"title":"Blog - Itaca Canyoning","description":"Le canyoning ou torrentisme est l'une des principales activit\u00e9s d'aventure et sports extr\u00eames qui vous permet de vous immerger dans la nature d'une mani\u00e8re unique et stimulante.","robots":{"index":"index","follow":"follow","max-snippet":"max-snippet:-1","max-image-preview":"max-image-preview:large","max-video-preview":"max-video-preview:-1"},"canonical":"https:\/\/italiancanyoning.it\/fr\/blog\/","og_locale":"fr_FR","og_type":"article","og_title":"Blog - Itaca Canyoning","og_description":"Le canyoning ou torrentisme est l'une des principales activit\u00e9s d'aventure et sports extr\u00eames qui vous permet de vous immerger dans la nature d'une mani\u00e8re unique et stimulante.","og_url":"https:\/\/italiancanyoning.it\/fr\/blog\/","og_site_name":"Itaca Canyoning","article_publisher":"https:\/\/www.facebook.com\/itacanyoning","article_modified_time":"2025-02-18T09:28:24+00:00","og_image":[{"width":1024,"height":683,"url":"https:\/\/italiancanyoning.it\/wp-content\/uploads\/2023\/04\/canyoning-liguria-1024x683.webp","type":"image\/webp"}],"twitter_card":"summary_large_image","twitter_misc":{"Dur\u00e9e de lecture estim\u00e9e":"2 minutes"},"schema":{"@context":"https:\/\/schema.org","@graph":[{"@type":"WebPage","@id":"https:\/\/italiancanyoning.it\/fr\/blog\/","url":"https:\/\/italiancanyoning.it\/fr\/blog\/","name":"Blog - Itaca Canyoning","isPartOf":{"@id":"https:\/\/italiancanyoning.it\/fr\/#website"},"primaryImageOfPage":{"@id":"https:\/\/italiancanyoning.it\/fr\/blog\/#primaryimage"},"image":{"@id":"https:\/\/italiancanyoning.it\/fr\/blog\/#primaryimage"},"thumbnailUrl":"https:\/\/italiancanyoning.it\/wp-content\/uploads\/2023\/04\/canyoning-liguria.webp","datePublished":"2023-07-11T15:41:01+00:00","dateModified":"2025-02-18T09:28:24+00:00","description":"Le canyoning ou torrentisme est l'une des principales activit\u00e9s d'aventure et sports extr\u00eames qui vous permet de vous immerger dans la nature d'une mani\u00e8re unique et stimulante.","breadcrumb":{"@id":"https:\/\/italiancanyoning.it\/fr\/blog\/#breadcrumb"},"inLanguage":"fr-FR","potentialAction":[{"@type":"ReadAction","target":["https:\/\/italiancanyoning.it\/fr\/blog\/"]}]},{"@type":"ImageObject","inLanguage":"fr-FR","@id":"https:\/\/italiancanyoning.it\/fr\/blog\/#primaryimage","url":"https:\/\/italiancanyoning.it\/wp-content\/uploads\/2023\/04\/canyoning-liguria.webp","contentUrl":"https:\/\/italiancanyoning.it\/wp-content\/uploads\/2023\/04\/canyoning-liguria.webp","width":2500,"height":1667},{"@type":"BreadcrumbList","@id":"https:\/\/italiancanyoning.it\/fr\/blog\/#breadcrumb","itemListElement":[{"@type":"ListItem","position":1,"name":"Home","item":"https:\/\/italiancanyoning.it\/fr\/"},{"@type":"ListItem","position":2,"name":"Blog"}]},{"@type":"WebSite","@id":"https:\/\/italiancanyoning.it\/fr\/#website","url":"https:\/\/italiancanyoning.it\/fr\/","name":"Itaca - Italian Canyoning","description":"Scivola nell&#039;avventura, l&#039;esperienza del torrentismo ti aspetta!","publisher":{"@id":"https:\/\/italiancanyoning.it\/fr\/#organization"},"potentialAction":[{"@type":"SearchAction","target":{"@type":"EntryPoint","urlTemplate":"https:\/\/italiancanyoning.it\/fr\/?s={search_term_string}"},"query-input":{"@type":"PropertyValueSpecification","valueRequired":true,"valueName":"search_term_string"}}],"inLanguage":"fr-FR"},{"@type":"Organization","@id":"https:\/\/italiancanyoning.it\/fr\/#organization","name":"Itaca Canyoning","url":"https:\/\/italiancanyoning.it\/fr\/","logo":{"@type":"ImageObject","inLanguage":"fr-FR","@id":"https:\/\/italiancanyoning.it\/fr\/#\/schema\/logo\/image\/","url":"https:\/\/italiancanyoning.it\/wp-content\/uploads\/2024\/12\/itaca-canyoning-logo60.png","contentUrl":"https:\/\/italiancanyoning.it\/wp-content\/uploads\/2024\/12\/itaca-canyoning-logo60.png","width":215,"height":60,"caption":"Itaca Canyoning"},"image":{"@id":"https:\/\/italiancanyoning.it\/fr\/#\/schema\/logo\/image\/"},"sameAs":["https:\/\/www.facebook.com\/itacanyoning","https:\/\/www.instagram.com\/itaca_canyoning\/"]}]}},"_links":{"self":[{"href":"https:\/\/italiancanyoning.it\/fr\/wp-json\/wp\/v2\/pages\/4731","targetHints":{"allow":["GET"]}}],"collection":[{"href":"https:\/\/italiancanyoning.it\/fr\/wp-json\/wp\/v2\/pages"}],"about":[{"href":"https:\/\/italiancanyoning.it\/fr\/wp-json\/wp\/v2\/types\/page"}],"author":[{"embeddable":true,"href":"https:\/\/italiancanyoning.it\/fr\/wp-json\/wp\/v2\/users\/3"}],"replies":[{"embeddable":true,"href":"https:\/\/italiancanyoning.it\/fr\/wp-json\/wp\/v2\/comments?post=4731"}],"version-history":[{"count":6,"href":"https:\/\/italiancanyoning.it\/fr\/wp-json\/wp\/v2\/pages\/4731\/revisions"}],"predecessor-version":[{"id":7601,"href":"https:\/\/italiancanyoning.it\/fr\/wp-json\/wp\/v2\/pages\/4731\/revisions\/7601"}],"wp:featuredmedia":[{"embeddable":true,"href":"https:\/\/italiancanyoning.it\/fr\/wp-json\/wp\/v2\/media\/2361"}],"wp:attachment":[{"href":"https:\/\/italiancanyoning.it\/fr\/wp-json\/wp\/v2\/media?parent=4731"}],"curies":[{"name":"wp","href":"https:\/\/api.w.org\/{rel}","templated":true}]}}