{"id":4787,"date":"2023-10-24T07:56:22","date_gmt":"2023-10-24T07:56:22","guid":{"rendered":"https:\/\/italiancanyoning.it\/regulation-2\/"},"modified":"2023-11-08T11:08:09","modified_gmt":"2023-11-08T11:08:09","slug":"regulation-2","status":"publish","type":"page","link":"https:\/\/italiancanyoning.it\/fr\/regulation-2\/","title":{"rendered":"Regulation"},"content":{"rendered":"<style>\/*! elementor - v3.16.0 - 09-10-2023 *\/\n.elementor-heading-title{padding:0;margin:0;line-height:1}.elementor-widget-heading .elementor-heading-title[class*=elementor-size-]>a{color:inherit;font-size:inherit;line-height:inherit}.elementor-widget-heading .elementor-heading-title.elementor-size-small{font-size:15px}.elementor-widget-heading .elementor-heading-title.elementor-size-medium{font-size:19px}.elementor-widget-heading .elementor-heading-title.elementor-size-large{font-size:29px}.elementor-widget-heading .elementor-heading-title.elementor-size-xl{font-size:39px}.elementor-widget-heading .elementor-heading-title.elementor-size-xxl{font-size:59px}<\/style>\n<h2>R\u00e8glement<\/h2>\n<p>Pour vous <strong>inscrire<\/strong> et <strong>participer<\/strong> \u00e0 l&rsquo;activit\u00e9, veuillez lire attentivement les <strong>informations<\/strong> relatives \u00e0 la progression et \u00e0 la s\u00e9curit\u00e9 contenues dans le torrent et lire et accepter <strong>les conditions g\u00e9n\u00e9rales<\/strong>.<\/p>\n<p>Merci, nous nous r\u00e9jouissons de vous voir !<\/p>\n<p>\t\t\t<iframe loading=\"lazy\" src=\"https:\/\/docs.google.com\/forms\/d\/e\/1FAIpQLSed1Jh75bQsAP9p367WJoTDHozpPWSTY7k5cjqLKd4sceT7HQ\/viewform?embedded=true\" width=\"1200\" height=\"4006\" frameborder=\"0\" marginheight=\"0\" marginwidth=\"0\">Chargement\u2026<\/iframe><\/p>\n","protected":false},"excerpt":{"rendered":"<p>R\u00e8glement Pour vous inscrire et participer \u00e0 l&rsquo;activit\u00e9, veuillez lire [&hellip;]<\/p>\n","protected":false},"author":3,"featured_media":0,"parent":0,"menu_order":0,"comment_status":"closed","ping_status":"closed","template":"template-fullwidth-no-heading.php","meta":{"footnotes":""},"class_list":["post-4787","page","type-page","status-publish","hentry"],"yoast_head":"<!-- This site is optimized with the Yoast SEO plugin v26.4 - https:\/\/yoast.com\/wordpress\/plugins\/seo\/ -->\n<title>Regulation - Itaca Canyoning<\/title>\n<meta name=\"robots\" content=\"index, follow, max-snippet:-1, max-image-preview:large, max-video-preview:-1\" \/>\n<link rel=\"canonical\" href=\"https:\/\/italiancanyoning.it\/fr\/regulation-2\/\" \/>\n<meta property=\"og:locale\" content=\"fr_FR\" \/>\n<meta property=\"og:type\" content=\"article\" \/>\n<meta property=\"og:title\" content=\"Regulation - Itaca Canyoning\" \/>\n<meta property=\"og:description\" content=\"R\u00e8glement Pour vous inscrire et participer \u00e0 l&rsquo;activit\u00e9, veuillez lire [&hellip;]\" \/>\n<meta property=\"og:url\" content=\"https:\/\/italiancanyoning.it\/fr\/regulation-2\/\" \/>\n<meta property=\"og:site_name\" content=\"Itaca Canyoning\" \/>\n<meta property=\"article:publisher\" content=\"https:\/\/www.facebook.com\/itacanyoning\" \/>\n<meta property=\"article:modified_time\" content=\"2023-11-08T11:08:09+00:00\" \/>\n<meta name=\"twitter:card\" content=\"summary_large_image\" \/>\n<script type=\"application\/ld+json\" class=\"yoast-schema-graph\">{\"@context\":\"https:\/\/schema.org\",\"@graph\":[{\"@type\":\"WebPage\",\"@id\":\"https:\/\/italiancanyoning.it\/fr\/regulation-2\/\",\"url\":\"https:\/\/italiancanyoning.it\/fr\/regulation-2\/\",\"name\":\"Regulation - Itaca Canyoning\",\"isPartOf\":{\"@id\":\"https:\/\/italiancanyoning.it\/fr\/#website\"},\"datePublished\":\"2023-10-24T07:56:22+00:00\",\"dateModified\":\"2023-11-08T11:08:09+00:00\",\"breadcrumb\":{\"@id\":\"https:\/\/italiancanyoning.it\/fr\/regulation-2\/#breadcrumb\"},\"inLanguage\":\"fr-FR\",\"potentialAction\":[{\"@type\":\"ReadAction\",\"target\":[\"https:\/\/italiancanyoning.it\/fr\/regulation-2\/\"]}]},{\"@type\":\"BreadcrumbList\",\"@id\":\"https:\/\/italiancanyoning.it\/fr\/regulation-2\/#breadcrumb\",\"itemListElement\":[{\"@type\":\"ListItem\",\"position\":1,\"name\":\"Home\",\"item\":\"https:\/\/italiancanyoning.it\/fr\/\"},{\"@type\":\"ListItem\",\"position\":2,\"name\":\"Regulation\"}]},{\"@type\":\"WebSite\",\"@id\":\"https:\/\/italiancanyoning.it\/fr\/#website\",\"url\":\"https:\/\/italiancanyoning.it\/fr\/\",\"name\":\"Itaca - Italian Canyoning\",\"description\":\"Scivola nell&#039;avventura, l&#039;esperienza del torrentismo ti aspetta!\",\"publisher\":{\"@id\":\"https:\/\/italiancanyoning.it\/fr\/#organization\"},\"potentialAction\":[{\"@type\":\"SearchAction\",\"target\":{\"@type\":\"EntryPoint\",\"urlTemplate\":\"https:\/\/italiancanyoning.it\/fr\/?s={search_term_string}\"},\"query-input\":{\"@type\":\"PropertyValueSpecification\",\"valueRequired\":true,\"valueName\":\"search_term_string\"}}],\"inLanguage\":\"fr-FR\"},{\"@type\":\"Organization\",\"@id\":\"https:\/\/italiancanyoning.it\/fr\/#organization\",\"name\":\"Itaca Canyoning\",\"url\":\"https:\/\/italiancanyoning.it\/fr\/\",\"logo\":{\"@type\":\"ImageObject\",\"inLanguage\":\"fr-FR\",\"@id\":\"https:\/\/italiancanyoning.it\/fr\/#\/schema\/logo\/image\/\",\"url\":\"https:\/\/italiancanyoning.it\/wp-content\/uploads\/2024\/12\/itaca-canyoning-logo60.png\",\"contentUrl\":\"https:\/\/italiancanyoning.it\/wp-content\/uploads\/2024\/12\/itaca-canyoning-logo60.png\",\"width\":215,\"height\":60,\"caption\":\"Itaca Canyoning\"},\"image\":{\"@id\":\"https:\/\/italiancanyoning.it\/fr\/#\/schema\/logo\/image\/\"},\"sameAs\":[\"https:\/\/www.facebook.com\/itacanyoning\",\"https:\/\/www.instagram.com\/itaca_canyoning\/\"]}]}<\/script>\n<!-- \/ Yoast SEO plugin. -->","yoast_head_json":{"title":"Regulation - Itaca Canyoning","robots":{"index":"index","follow":"follow","max-snippet":"max-snippet:-1","max-image-preview":"max-image-preview:large","max-video-preview":"max-video-preview:-1"},"canonical":"https:\/\/italiancanyoning.it\/fr\/regulation-2\/","og_locale":"fr_FR","og_type":"article","og_title":"Regulation - Itaca Canyoning","og_description":"R\u00e8glement Pour vous inscrire et participer \u00e0 l&rsquo;activit\u00e9, veuillez lire [&hellip;]","og_url":"https:\/\/italiancanyoning.it\/fr\/regulation-2\/","og_site_name":"Itaca Canyoning","article_publisher":"https:\/\/www.facebook.com\/itacanyoning","article_modified_time":"2023-11-08T11:08:09+00:00","twitter_card":"summary_large_image","schema":{"@context":"https:\/\/schema.org","@graph":[{"@type":"WebPage","@id":"https:\/\/italiancanyoning.it\/fr\/regulation-2\/","url":"https:\/\/italiancanyoning.it\/fr\/regulation-2\/","name":"Regulation - Itaca Canyoning","isPartOf":{"@id":"https:\/\/italiancanyoning.it\/fr\/#website"},"datePublished":"2023-10-24T07:56:22+00:00","dateModified":"2023-11-08T11:08:09+00:00","breadcrumb":{"@id":"https:\/\/italiancanyoning.it\/fr\/regulation-2\/#breadcrumb"},"inLanguage":"fr-FR","potentialAction":[{"@type":"ReadAction","target":["https:\/\/italiancanyoning.it\/fr\/regulation-2\/"]}]},{"@type":"BreadcrumbList","@id":"https:\/\/italiancanyoning.it\/fr\/regulation-2\/#breadcrumb","itemListElement":[{"@type":"ListItem","position":1,"name":"Home","item":"https:\/\/italiancanyoning.it\/fr\/"},{"@type":"ListItem","position":2,"name":"Regulation"}]},{"@type":"WebSite","@id":"https:\/\/italiancanyoning.it\/fr\/#website","url":"https:\/\/italiancanyoning.it\/fr\/","name":"Itaca - Italian Canyoning","description":"Scivola nell&#039;avventura, l&#039;esperienza del torrentismo ti aspetta!","publisher":{"@id":"https:\/\/italiancanyoning.it\/fr\/#organization"},"potentialAction":[{"@type":"SearchAction","target":{"@type":"EntryPoint","urlTemplate":"https:\/\/italiancanyoning.it\/fr\/?s={search_term_string}"},"query-input":{"@type":"PropertyValueSpecification","valueRequired":true,"valueName":"search_term_string"}}],"inLanguage":"fr-FR"},{"@type":"Organization","@id":"https:\/\/italiancanyoning.it\/fr\/#organization","name":"Itaca Canyoning","url":"https:\/\/italiancanyoning.it\/fr\/","logo":{"@type":"ImageObject","inLanguage":"fr-FR","@id":"https:\/\/italiancanyoning.it\/fr\/#\/schema\/logo\/image\/","url":"https:\/\/italiancanyoning.it\/wp-content\/uploads\/2024\/12\/itaca-canyoning-logo60.png","contentUrl":"https:\/\/italiancanyoning.it\/wp-content\/uploads\/2024\/12\/itaca-canyoning-logo60.png","width":215,"height":60,"caption":"Itaca Canyoning"},"image":{"@id":"https:\/\/italiancanyoning.it\/fr\/#\/schema\/logo\/image\/"},"sameAs":["https:\/\/www.facebook.com\/itacanyoning","https:\/\/www.instagram.com\/itaca_canyoning\/"]}]}},"_links":{"self":[{"href":"https:\/\/italiancanyoning.it\/fr\/wp-json\/wp\/v2\/pages\/4787","targetHints":{"allow":["GET"]}}],"collection":[{"href":"https:\/\/italiancanyoning.it\/fr\/wp-json\/wp\/v2\/pages"}],"about":[{"href":"https:\/\/italiancanyoning.it\/fr\/wp-json\/wp\/v2\/types\/page"}],"author":[{"embeddable":true,"href":"https:\/\/italiancanyoning.it\/fr\/wp-json\/wp\/v2\/users\/3"}],"replies":[{"embeddable":true,"href":"https:\/\/italiancanyoning.it\/fr\/wp-json\/wp\/v2\/comments?post=4787"}],"version-history":[{"count":1,"href":"https:\/\/italiancanyoning.it\/fr\/wp-json\/wp\/v2\/pages\/4787\/revisions"}],"predecessor-version":[{"id":4789,"href":"https:\/\/italiancanyoning.it\/fr\/wp-json\/wp\/v2\/pages\/4787\/revisions\/4789"}],"wp:attachment":[{"href":"https:\/\/italiancanyoning.it\/fr\/wp-json\/wp\/v2\/media?parent=4787"}],"curies":[{"name":"wp","href":"https:\/\/api.w.org\/{rel}","templated":true}]}}