{"id":4868,"date":"2023-11-08T14:21:55","date_gmt":"2023-11-08T14:21:55","guid":{"rendered":"https:\/\/italiancanyoning.it\/canyoning\/"},"modified":"2025-02-18T09:09:40","modified_gmt":"2025-02-18T09:09:40","slug":"canyoning","status":"publish","type":"page","link":"https:\/\/italiancanyoning.it\/fr\/canyoning\/","title":{"rendered":"Canyoning"},"content":{"rendered":"<div class=\"wpb-content-wrapper\"><p>[vc_row full_width=\u00a0\u00bbstretch_row_content\u00a0\u00bb css_animation=\u00a0\u00bbfadeIn\u00a0\u00bb css=\u00a0\u00bb.vc_custom_1737479474428{background-image: url(https:\/\/italiancanyoning.it\/wp-content\/uploads\/2022\/03\/canyoning-in-toscana-firenze.jpg?id=1099) !important;background-position: center !important;background-repeat: no-repeat !important;background-size: cover !important;}\u00a0\u00bb][vc_column][vc_custom_heading text=\u00a0\u00bbCanyoning in Italie\u00a0\u00bb font_container=\u00a0\u00bbtag:h1|font_size:45|text_align:center|color:%23FFFFFF\u00a0\u00bb use_theme_fonts=\u00a0\u00bbyes\u00a0\u00bb css=\u00a0\u00bb.vc_custom_1738330547352{margin-top: 50px !important;margin-bottom: 50px !important;}\u00a0\u00bb][\/vc_column][\/vc_row][vc_row css_animation=\u00a0\u00bbfadeIn\u00a0\u00bb][vc_column][vc_column_text css=\u00a0\u00bb\u00a0\u00bb]Le canyoning en Italie est une exp\u00e9rience unique. Tout le monde ne sait pas que notre pays, si connu pour ses villes d&rsquo;art, sa gastronomie et ses paysages \u00e0 couper le souffle, rec\u00e8le aussi des canyons spectaculaires, cach\u00e9s dans des vall\u00e9es encore peu explor\u00e9es et fr\u00e9quent\u00e9es. Le canyoning offre une fa\u00e7on diff\u00e9rente de d\u00e9couvrir le territoire italien, \u00e0 travers une v\u00e9ritable aventure au milieu des cours d&rsquo;eau.<\/p>\n<p>Les options sont innombrables, du style tranquille et ombrag\u00e9 aux endroits plus escarp\u00e9s et sauvages. L&rsquo;Italie offre une gamme d&rsquo;exp\u00e9riences de canyoning pour tous les go\u00fbts. Les descentes de torrents, agr\u00e9ables et plaisantes, sont parfaites pour les novices en canyoning. Cela n&rsquo;enl\u00e8ve rien au fait que m\u00eame les canyoneurs les plus aventureux et les plus entreprenants auront de quoi mettre leurs comp\u00e9tences \u00e0 l&rsquo;\u00e9preuve.<\/p>\n<p>Chaque cours d&rsquo;eau en Italie cache une aventure, une fa\u00e7on diff\u00e9rente d&rsquo;explorer, d&rsquo;\u00eatre en contact avec la nature, de conna\u00eetre une partie de l&rsquo;incroyable beaut\u00e9 que notre terre a \u00e0 offrir. Et le d\u00e9fi du canyoning est pr\u00e9cis\u00e9ment celui-ci : d\u00e9couvrir ce que le territoire a de mieux \u00e0 offrir, dans une combinaison unique d&rsquo;\u00e9motions fortes li\u00e9es \u00e0 l&rsquo;aventure, \u00e0 l&rsquo;eau et \u00e0 la d\u00e9couverte des magnifiques paysages italiens.<\/p>\n<p>Parfait pour ceux qui recherchent une activit\u00e9 de plein air inhabituelle et stimulante, le canyoning en Italie est une exp\u00e9rience \u00e0 vivre au moins une fois dans sa vie. Les itin\u00e9raires fascinants \u00e0 travers les lits des cours d&rsquo;eau offrent des paysages uniques par leur beaut\u00e9 et leur grandeur sauvage, procurant des \u00e9motions inoubliables.<\/p>\n<p>Il s&rsquo;agit d&rsquo;un voyage \u00e0 travers l&rsquo;eau et la roche qui satisfera les esprits les plus aventureux, offrant une exp\u00e9rience unique de d\u00e9couverte du territoire italien, dans le respect de la nature et avec la possibilit\u00e9 de revivre les \u00e9motions intenses que seule l&rsquo;immersion totale dans ces milieux peut procurer.[\/vc_column_text][\/vc_column][\/vc_row][vc_row css=\u00a0\u00bb.vc_custom_1737631002937{margin-top: 0px !important;margin-bottom: 0px !important;}\u00a0\u00bb][vc_column width=\u00a0\u00bb1\/2&Prime; css=\u00a0\u00bb.vc_custom_1737647728487{margin-bottom: 100px !important;}\u00a0\u00bb]<div class=\"cq-imageoverlay\" data-overlaycolor=\"#A7BBBCDE\" data-overlaysize=\"300\" data-titlesize=\"\" data-contentsize=\"\" data-overlayshape=\"circle\" data-overlaymargin=\"\" data-contentcolor=\"\" data-elementmargin=\"\"><div class=\"cq-imageoverlay-overlay cq-circle\"><div class=\"cq-imageoverlay-paragraph\"><a href=\"\/fr\/canyoning-toscana\/\" title=\"\" target=\"\" class=\"cq-imageoverlay-link\"><h4 class=\"cq-imageoverlay-title\"><i class=\"cq-imageoverlay-icon fas fa-water\"><\/i> Canyoning Toscana<\/h4><span class=\"cq-imageoverlay-content\">Cliquez pour voir<\/span><\/a><\/div><\/div><img decoding=\"async\" src=\"https:\/\/italiancanyoning.it\/wp-content\/uploads\/2022\/01\/rio-selvano-canyoning-in-toscana-itaca-12_websize-1-700x467.jpg\" class=\"cq-imageoverlay-img\" alt=\"\" \/><\/div>[\/vc_column][vc_column width=\u00a0\u00bb1\/2&Prime; css=\u00a0\u00bb.vc_custom_1737647733847{margin-bottom: 100px !important;}\u00a0\u00bb]<div class=\"cq-imageoverlay\" data-overlaycolor=\"#A7BBBCDE\" data-overlaysize=\"300\" data-titlesize=\"\" data-contentsize=\"\" data-overlayshape=\"circle\" data-overlaymargin=\"\" data-contentcolor=\"\" data-elementmargin=\"\"><div class=\"cq-imageoverlay-overlay cq-circle\"><div class=\"cq-imageoverlay-paragraph\"><a href=\"\/fr\/canyoning-liguria\/\" title=\"\" target=\"\" class=\"cq-imageoverlay-link\"><h4 class=\"cq-imageoverlay-title\"><i class=\"cq-imageoverlay-icon fas fa-wind\"><\/i> Canyoning Liguria<\/h4><span class=\"cq-imageoverlay-content\">Cliquez pour voir<\/span><\/a><\/div><\/div><img decoding=\"async\" src=\"https:\/\/italiancanyoning.it\/wp-content\/uploads\/2022\/03\/canyoning-rio-prialunga-700x467.jpg\" class=\"cq-imageoverlay-img\" alt=\"\" \/><\/div>[\/vc_column][\/vc_row]<\/p>\n<\/div>","protected":false},"excerpt":{"rendered":"<p>[vc_row full_width=\u00a0\u00bbstretch_row_content\u00a0\u00bb css_animation=\u00a0\u00bbfadeIn\u00a0\u00bb css=\u00a0\u00bb.vc_custom_1737479474428{background-image: url(https:\/\/italiancanyoning.it\/wp-content\/uploads\/2022\/03\/canyoning-in-toscana-firenze.jpg?id=1099) !important;background-position: center !important;background-repeat: no-repeat !important;background-size: [&hellip;]<\/p>\n","protected":false},"author":3,"featured_media":0,"parent":0,"menu_order":0,"comment_status":"closed","ping_status":"closed","template":"template-fullwidth-no-heading.php","meta":{"footnotes":""},"class_list":["post-4868","page","type-page","status-publish","hentry"],"yoast_head":"<!-- This site is optimized with the Yoast SEO plugin v26.4 - https:\/\/yoast.com\/wordpress\/plugins\/seo\/ -->\n<title>Canyoning - Itaca Canyoning<\/title>\n<meta name=\"description\" content=\"Parfait pour ceux qui recherchent une activit\u00e9 de plein air insolite et stimulante, le canyoning en Italie est une exp\u00e9rience \u00e0 vivre au moins une fois dans sa vie.\" \/>\n<meta name=\"robots\" content=\"index, follow, max-snippet:-1, max-image-preview:large, max-video-preview:-1\" \/>\n<link rel=\"canonical\" href=\"https:\/\/italiancanyoning.it\/fr\/canyoning\/\" \/>\n<meta property=\"og:locale\" content=\"fr_FR\" \/>\n<meta property=\"og:type\" content=\"article\" \/>\n<meta property=\"og:title\" content=\"Canyoning - Itaca Canyoning\" \/>\n<meta property=\"og:description\" content=\"Parfait pour ceux qui recherchent une activit\u00e9 de plein air insolite et stimulante, le canyoning en Italie est une exp\u00e9rience \u00e0 vivre au moins une fois dans sa vie.\" \/>\n<meta property=\"og:url\" content=\"https:\/\/italiancanyoning.it\/fr\/canyoning\/\" \/>\n<meta property=\"og:site_name\" content=\"Itaca Canyoning\" \/>\n<meta property=\"article:publisher\" content=\"https:\/\/www.facebook.com\/itacanyoning\" \/>\n<meta property=\"article:modified_time\" content=\"2025-02-18T09:09:40+00:00\" \/>\n<meta name=\"twitter:card\" content=\"summary_large_image\" \/>\n<meta name=\"twitter:label1\" content=\"Dur\u00e9e de lecture estim\u00e9e\" \/>\n\t<meta name=\"twitter:data1\" content=\"2 minutes\" \/>\n<script type=\"application\/ld+json\" class=\"yoast-schema-graph\">{\"@context\":\"https:\/\/schema.org\",\"@graph\":[{\"@type\":\"WebPage\",\"@id\":\"https:\/\/italiancanyoning.it\/fr\/canyoning\/\",\"url\":\"https:\/\/italiancanyoning.it\/fr\/canyoning\/\",\"name\":\"Canyoning - Itaca Canyoning\",\"isPartOf\":{\"@id\":\"https:\/\/italiancanyoning.it\/fr\/#website\"},\"datePublished\":\"2023-11-08T14:21:55+00:00\",\"dateModified\":\"2025-02-18T09:09:40+00:00\",\"description\":\"Parfait pour ceux qui recherchent une activit\u00e9 de plein air insolite et stimulante, le canyoning en Italie est une exp\u00e9rience \u00e0 vivre au moins une fois dans sa vie.\",\"breadcrumb\":{\"@id\":\"https:\/\/italiancanyoning.it\/fr\/canyoning\/#breadcrumb\"},\"inLanguage\":\"fr-FR\",\"potentialAction\":[{\"@type\":\"ReadAction\",\"target\":[\"https:\/\/italiancanyoning.it\/fr\/canyoning\/\"]}]},{\"@type\":\"BreadcrumbList\",\"@id\":\"https:\/\/italiancanyoning.it\/fr\/canyoning\/#breadcrumb\",\"itemListElement\":[{\"@type\":\"ListItem\",\"position\":1,\"name\":\"Home\",\"item\":\"https:\/\/italiancanyoning.it\/fr\/\"},{\"@type\":\"ListItem\",\"position\":2,\"name\":\"Canyoning\"}]},{\"@type\":\"WebSite\",\"@id\":\"https:\/\/italiancanyoning.it\/fr\/#website\",\"url\":\"https:\/\/italiancanyoning.it\/fr\/\",\"name\":\"Itaca - Italian Canyoning\",\"description\":\"Scivola nell&#039;avventura, l&#039;esperienza del torrentismo ti aspetta!\",\"publisher\":{\"@id\":\"https:\/\/italiancanyoning.it\/fr\/#organization\"},\"potentialAction\":[{\"@type\":\"SearchAction\",\"target\":{\"@type\":\"EntryPoint\",\"urlTemplate\":\"https:\/\/italiancanyoning.it\/fr\/?s={search_term_string}\"},\"query-input\":{\"@type\":\"PropertyValueSpecification\",\"valueRequired\":true,\"valueName\":\"search_term_string\"}}],\"inLanguage\":\"fr-FR\"},{\"@type\":\"Organization\",\"@id\":\"https:\/\/italiancanyoning.it\/fr\/#organization\",\"name\":\"Itaca Canyoning\",\"url\":\"https:\/\/italiancanyoning.it\/fr\/\",\"logo\":{\"@type\":\"ImageObject\",\"inLanguage\":\"fr-FR\",\"@id\":\"https:\/\/italiancanyoning.it\/fr\/#\/schema\/logo\/image\/\",\"url\":\"https:\/\/italiancanyoning.it\/wp-content\/uploads\/2024\/12\/itaca-canyoning-logo60.png\",\"contentUrl\":\"https:\/\/italiancanyoning.it\/wp-content\/uploads\/2024\/12\/itaca-canyoning-logo60.png\",\"width\":215,\"height\":60,\"caption\":\"Itaca Canyoning\"},\"image\":{\"@id\":\"https:\/\/italiancanyoning.it\/fr\/#\/schema\/logo\/image\/\"},\"sameAs\":[\"https:\/\/www.facebook.com\/itacanyoning\",\"https:\/\/www.instagram.com\/itaca_canyoning\/\"]}]}<\/script>\n<!-- \/ Yoast SEO plugin. -->","yoast_head_json":{"title":"Canyoning - Itaca Canyoning","description":"Parfait pour ceux qui recherchent une activit\u00e9 de plein air insolite et stimulante, le canyoning en Italie est une exp\u00e9rience \u00e0 vivre au moins une fois dans sa vie.","robots":{"index":"index","follow":"follow","max-snippet":"max-snippet:-1","max-image-preview":"max-image-preview:large","max-video-preview":"max-video-preview:-1"},"canonical":"https:\/\/italiancanyoning.it\/fr\/canyoning\/","og_locale":"fr_FR","og_type":"article","og_title":"Canyoning - Itaca Canyoning","og_description":"Parfait pour ceux qui recherchent une activit\u00e9 de plein air insolite et stimulante, le canyoning en Italie est une exp\u00e9rience \u00e0 vivre au moins une fois dans sa vie.","og_url":"https:\/\/italiancanyoning.it\/fr\/canyoning\/","og_site_name":"Itaca Canyoning","article_publisher":"https:\/\/www.facebook.com\/itacanyoning","article_modified_time":"2025-02-18T09:09:40+00:00","twitter_card":"summary_large_image","twitter_misc":{"Dur\u00e9e de lecture estim\u00e9e":"2 minutes"},"schema":{"@context":"https:\/\/schema.org","@graph":[{"@type":"WebPage","@id":"https:\/\/italiancanyoning.it\/fr\/canyoning\/","url":"https:\/\/italiancanyoning.it\/fr\/canyoning\/","name":"Canyoning - Itaca Canyoning","isPartOf":{"@id":"https:\/\/italiancanyoning.it\/fr\/#website"},"datePublished":"2023-11-08T14:21:55+00:00","dateModified":"2025-02-18T09:09:40+00:00","description":"Parfait pour ceux qui recherchent une activit\u00e9 de plein air insolite et stimulante, le canyoning en Italie est une exp\u00e9rience \u00e0 vivre au moins une fois dans sa vie.","breadcrumb":{"@id":"https:\/\/italiancanyoning.it\/fr\/canyoning\/#breadcrumb"},"inLanguage":"fr-FR","potentialAction":[{"@type":"ReadAction","target":["https:\/\/italiancanyoning.it\/fr\/canyoning\/"]}]},{"@type":"BreadcrumbList","@id":"https:\/\/italiancanyoning.it\/fr\/canyoning\/#breadcrumb","itemListElement":[{"@type":"ListItem","position":1,"name":"Home","item":"https:\/\/italiancanyoning.it\/fr\/"},{"@type":"ListItem","position":2,"name":"Canyoning"}]},{"@type":"WebSite","@id":"https:\/\/italiancanyoning.it\/fr\/#website","url":"https:\/\/italiancanyoning.it\/fr\/","name":"Itaca - Italian Canyoning","description":"Scivola nell&#039;avventura, l&#039;esperienza del torrentismo ti aspetta!","publisher":{"@id":"https:\/\/italiancanyoning.it\/fr\/#organization"},"potentialAction":[{"@type":"SearchAction","target":{"@type":"EntryPoint","urlTemplate":"https:\/\/italiancanyoning.it\/fr\/?s={search_term_string}"},"query-input":{"@type":"PropertyValueSpecification","valueRequired":true,"valueName":"search_term_string"}}],"inLanguage":"fr-FR"},{"@type":"Organization","@id":"https:\/\/italiancanyoning.it\/fr\/#organization","name":"Itaca Canyoning","url":"https:\/\/italiancanyoning.it\/fr\/","logo":{"@type":"ImageObject","inLanguage":"fr-FR","@id":"https:\/\/italiancanyoning.it\/fr\/#\/schema\/logo\/image\/","url":"https:\/\/italiancanyoning.it\/wp-content\/uploads\/2024\/12\/itaca-canyoning-logo60.png","contentUrl":"https:\/\/italiancanyoning.it\/wp-content\/uploads\/2024\/12\/itaca-canyoning-logo60.png","width":215,"height":60,"caption":"Itaca Canyoning"},"image":{"@id":"https:\/\/italiancanyoning.it\/fr\/#\/schema\/logo\/image\/"},"sameAs":["https:\/\/www.facebook.com\/itacanyoning","https:\/\/www.instagram.com\/itaca_canyoning\/"]}]}},"_links":{"self":[{"href":"https:\/\/italiancanyoning.it\/fr\/wp-json\/wp\/v2\/pages\/4868","targetHints":{"allow":["GET"]}}],"collection":[{"href":"https:\/\/italiancanyoning.it\/fr\/wp-json\/wp\/v2\/pages"}],"about":[{"href":"https:\/\/italiancanyoning.it\/fr\/wp-json\/wp\/v2\/types\/page"}],"author":[{"embeddable":true,"href":"https:\/\/italiancanyoning.it\/fr\/wp-json\/wp\/v2\/users\/3"}],"replies":[{"embeddable":true,"href":"https:\/\/italiancanyoning.it\/fr\/wp-json\/wp\/v2\/comments?post=4868"}],"version-history":[{"count":10,"href":"https:\/\/italiancanyoning.it\/fr\/wp-json\/wp\/v2\/pages\/4868\/revisions"}],"predecessor-version":[{"id":7576,"href":"https:\/\/italiancanyoning.it\/fr\/wp-json\/wp\/v2\/pages\/4868\/revisions\/7576"}],"wp:attachment":[{"href":"https:\/\/italiancanyoning.it\/fr\/wp-json\/wp\/v2\/media?parent=4868"}],"curies":[{"name":"wp","href":"https:\/\/api.w.org\/{rel}","templated":true}]}}