{"id":4894,"date":"2023-11-08T14:38:12","date_gmt":"2023-11-08T14:38:12","guid":{"rendered":"https:\/\/italiancanyoning.it\/canyoning-in-italie\/"},"modified":"2023-11-08T15:20:30","modified_gmt":"2023-11-08T15:20:30","slug":"canyoning-in-italie","status":"publish","type":"page","link":"https:\/\/italiancanyoning.it\/fr\/canyoning-in-italie\/","title":{"rendered":"Canyoning in Italie"},"content":{"rendered":"<h2>Canyoning<\/h2>\n<p>Le canyoning en Italie est une exp\u00e9rience unique. Tout le monde ne sait pas que notre pays, si connu pour ses villes d&rsquo;art, sa gastronomie et ses paysages \u00e0 couper le souffle, rec\u00e8le aussi des canyons spectaculaires, cach\u00e9s dans des vall\u00e9es encore peu explor\u00e9es et fr\u00e9quent\u00e9es. Le canyoning offre une fa\u00e7on diff\u00e9rente de d\u00e9couvrir le territoire italien, \u00e0 travers une v\u00e9ritable aventure au milieu des cours d&rsquo;eau.<\/p>\n<p>Les options sont innombrables, du style tranquille et ombrag\u00e9 aux endroits plus escarp\u00e9s et sauvages. L&rsquo;Italie offre une gamme d&rsquo;exp\u00e9riences de canyoning pour tous les go\u00fbts. Les descentes de torrents, agr\u00e9ables et plaisantes, sont parfaites pour les novices en canyoning. Cela n&rsquo;enl\u00e8ve rien au fait que m\u00eame les canyoneurs les plus aventureux et les plus entreprenants auront de quoi mettre leurs comp\u00e9tences \u00e0 l&rsquo;\u00e9preuve.<\/p>\n<p>Chaque cours d&rsquo;eau en Italie cache une aventure, une fa\u00e7on diff\u00e9rente d&rsquo;explorer, d&rsquo;\u00eatre en contact avec la nature, de conna\u00eetre une partie de l&rsquo;incroyable beaut\u00e9 que notre terre a \u00e0 offrir. Et le d\u00e9fi du canyoning est pr\u00e9cis\u00e9ment celui-ci : d\u00e9couvrir ce que le territoire a de mieux \u00e0 offrir, dans une combinaison unique d&rsquo;\u00e9motions fortes li\u00e9es \u00e0 l&rsquo;aventure, \u00e0 l&rsquo;eau et \u00e0 la d\u00e9couverte des magnifiques paysages italiens.<\/p>\n<p>Parfait pour ceux qui recherchent une activit\u00e9 de plein air inhabituelle et stimulante, le canyoning en Italie est une exp\u00e9rience \u00e0 vivre au moins une fois dans sa vie. Les itin\u00e9raires fascinants \u00e0 travers les lits des cours d&rsquo;eau offrent des paysages uniques par leur beaut\u00e9 et leur grandeur sauvage, procurant des \u00e9motions inoubliables.<\/p>\n<p>Il s&rsquo;agit d&rsquo;un voyage \u00e0 travers l&rsquo;eau et la roche qui satisfera les esprits les plus aventureux, offrant une exp\u00e9rience unique de d\u00e9couverte du territoire italien, dans le respect de la nature et avec la possibilit\u00e9 de revivre les \u00e9motions intenses que seule l&rsquo;immersion totale dans ces milieux peut procurer.<\/p>\n<p>\t\t\t\t\t<a href=\"https:\/\/italiancanyoning.it\/fr\/canyoning-in-toscane\/\"><\/p>\n<h2>\n\t\t\t\t\t\tCanyoning en Toscane\t\t\t\t\t<\/h2>\n<p>\t\t\t\t\t\t<\/a><br \/>\n\t\t\t\t\t<a href=\"https:\/\/italiancanyoning.it\/fr\/canyoning-liguria\/\"><\/p>\n<h2>\n\t\t\t\t\t\tCanyoning Ligurie\t\t\t\t\t<\/h2>\n<p>\t\t\t\t\t\t<\/a><\/p>\n","protected":false},"excerpt":{"rendered":"<p>Canyoning Le canyoning en Italie est une exp\u00e9rience unique. Tout [&hellip;]<\/p>\n","protected":false},"author":3,"featured_media":0,"parent":0,"menu_order":0,"comment_status":"closed","ping_status":"closed","template":"template-fullwidth-no-heading.php","meta":{"footnotes":""},"class_list":["post-4894","page","type-page","status-publish","hentry"],"yoast_head":"<!-- This site is optimized with the Yoast SEO plugin v26.4 - https:\/\/yoast.com\/wordpress\/plugins\/seo\/ -->\n<title>Canyoning in Italie - Itaca Canyoning<\/title>\n<meta name=\"robots\" content=\"index, follow, max-snippet:-1, max-image-preview:large, max-video-preview:-1\" \/>\n<link rel=\"canonical\" href=\"https:\/\/italiancanyoning.it\/fr\/canyoning-in-italie\/\" \/>\n<meta property=\"og:locale\" content=\"fr_FR\" \/>\n<meta property=\"og:type\" content=\"article\" \/>\n<meta property=\"og:title\" content=\"Canyoning in Italie - Itaca Canyoning\" \/>\n<meta property=\"og:description\" content=\"Canyoning Le canyoning en Italie est une exp\u00e9rience unique. Tout [&hellip;]\" \/>\n<meta property=\"og:url\" content=\"https:\/\/italiancanyoning.it\/fr\/canyoning-in-italie\/\" \/>\n<meta property=\"og:site_name\" content=\"Itaca Canyoning\" \/>\n<meta property=\"article:publisher\" content=\"https:\/\/www.facebook.com\/itacanyoning\" \/>\n<meta property=\"article:modified_time\" content=\"2023-11-08T15:20:30+00:00\" \/>\n<meta name=\"twitter:card\" content=\"summary_large_image\" \/>\n<meta name=\"twitter:label1\" content=\"Dur\u00e9e de lecture estim\u00e9e\" \/>\n\t<meta name=\"twitter:data1\" content=\"2 minutes\" \/>\n<script type=\"application\/ld+json\" class=\"yoast-schema-graph\">{\"@context\":\"https:\/\/schema.org\",\"@graph\":[{\"@type\":\"WebPage\",\"@id\":\"https:\/\/italiancanyoning.it\/fr\/canyoning-in-italie\/\",\"url\":\"https:\/\/italiancanyoning.it\/fr\/canyoning-in-italie\/\",\"name\":\"Canyoning in Italie - Itaca Canyoning\",\"isPartOf\":{\"@id\":\"https:\/\/italiancanyoning.it\/fr\/#website\"},\"datePublished\":\"2023-11-08T14:38:12+00:00\",\"dateModified\":\"2023-11-08T15:20:30+00:00\",\"breadcrumb\":{\"@id\":\"https:\/\/italiancanyoning.it\/fr\/canyoning-in-italie\/#breadcrumb\"},\"inLanguage\":\"fr-FR\",\"potentialAction\":[{\"@type\":\"ReadAction\",\"target\":[\"https:\/\/italiancanyoning.it\/fr\/canyoning-in-italie\/\"]}]},{\"@type\":\"BreadcrumbList\",\"@id\":\"https:\/\/italiancanyoning.it\/fr\/canyoning-in-italie\/#breadcrumb\",\"itemListElement\":[{\"@type\":\"ListItem\",\"position\":1,\"name\":\"Home\",\"item\":\"https:\/\/italiancanyoning.it\/fr\/\"},{\"@type\":\"ListItem\",\"position\":2,\"name\":\"Canyoning in Italie\"}]},{\"@type\":\"WebSite\",\"@id\":\"https:\/\/italiancanyoning.it\/fr\/#website\",\"url\":\"https:\/\/italiancanyoning.it\/fr\/\",\"name\":\"Itaca - Italian Canyoning\",\"description\":\"Scivola nell&#039;avventura, l&#039;esperienza del torrentismo ti aspetta!\",\"publisher\":{\"@id\":\"https:\/\/italiancanyoning.it\/fr\/#organization\"},\"potentialAction\":[{\"@type\":\"SearchAction\",\"target\":{\"@type\":\"EntryPoint\",\"urlTemplate\":\"https:\/\/italiancanyoning.it\/fr\/?s={search_term_string}\"},\"query-input\":{\"@type\":\"PropertyValueSpecification\",\"valueRequired\":true,\"valueName\":\"search_term_string\"}}],\"inLanguage\":\"fr-FR\"},{\"@type\":\"Organization\",\"@id\":\"https:\/\/italiancanyoning.it\/fr\/#organization\",\"name\":\"Itaca Canyoning\",\"url\":\"https:\/\/italiancanyoning.it\/fr\/\",\"logo\":{\"@type\":\"ImageObject\",\"inLanguage\":\"fr-FR\",\"@id\":\"https:\/\/italiancanyoning.it\/fr\/#\/schema\/logo\/image\/\",\"url\":\"https:\/\/italiancanyoning.it\/wp-content\/uploads\/2024\/12\/itaca-canyoning-logo60.png\",\"contentUrl\":\"https:\/\/italiancanyoning.it\/wp-content\/uploads\/2024\/12\/itaca-canyoning-logo60.png\",\"width\":215,\"height\":60,\"caption\":\"Itaca Canyoning\"},\"image\":{\"@id\":\"https:\/\/italiancanyoning.it\/fr\/#\/schema\/logo\/image\/\"},\"sameAs\":[\"https:\/\/www.facebook.com\/itacanyoning\",\"https:\/\/www.instagram.com\/itaca_canyoning\/\"]}]}<\/script>\n<!-- \/ Yoast SEO plugin. -->","yoast_head_json":{"title":"Canyoning in Italie - Itaca Canyoning","robots":{"index":"index","follow":"follow","max-snippet":"max-snippet:-1","max-image-preview":"max-image-preview:large","max-video-preview":"max-video-preview:-1"},"canonical":"https:\/\/italiancanyoning.it\/fr\/canyoning-in-italie\/","og_locale":"fr_FR","og_type":"article","og_title":"Canyoning in Italie - Itaca Canyoning","og_description":"Canyoning Le canyoning en Italie est une exp\u00e9rience unique. Tout [&hellip;]","og_url":"https:\/\/italiancanyoning.it\/fr\/canyoning-in-italie\/","og_site_name":"Itaca Canyoning","article_publisher":"https:\/\/www.facebook.com\/itacanyoning","article_modified_time":"2023-11-08T15:20:30+00:00","twitter_card":"summary_large_image","twitter_misc":{"Dur\u00e9e de lecture estim\u00e9e":"2 minutes"},"schema":{"@context":"https:\/\/schema.org","@graph":[{"@type":"WebPage","@id":"https:\/\/italiancanyoning.it\/fr\/canyoning-in-italie\/","url":"https:\/\/italiancanyoning.it\/fr\/canyoning-in-italie\/","name":"Canyoning in Italie - Itaca Canyoning","isPartOf":{"@id":"https:\/\/italiancanyoning.it\/fr\/#website"},"datePublished":"2023-11-08T14:38:12+00:00","dateModified":"2023-11-08T15:20:30+00:00","breadcrumb":{"@id":"https:\/\/italiancanyoning.it\/fr\/canyoning-in-italie\/#breadcrumb"},"inLanguage":"fr-FR","potentialAction":[{"@type":"ReadAction","target":["https:\/\/italiancanyoning.it\/fr\/canyoning-in-italie\/"]}]},{"@type":"BreadcrumbList","@id":"https:\/\/italiancanyoning.it\/fr\/canyoning-in-italie\/#breadcrumb","itemListElement":[{"@type":"ListItem","position":1,"name":"Home","item":"https:\/\/italiancanyoning.it\/fr\/"},{"@type":"ListItem","position":2,"name":"Canyoning in Italie"}]},{"@type":"WebSite","@id":"https:\/\/italiancanyoning.it\/fr\/#website","url":"https:\/\/italiancanyoning.it\/fr\/","name":"Itaca - Italian Canyoning","description":"Scivola nell&#039;avventura, l&#039;esperienza del torrentismo ti aspetta!","publisher":{"@id":"https:\/\/italiancanyoning.it\/fr\/#organization"},"potentialAction":[{"@type":"SearchAction","target":{"@type":"EntryPoint","urlTemplate":"https:\/\/italiancanyoning.it\/fr\/?s={search_term_string}"},"query-input":{"@type":"PropertyValueSpecification","valueRequired":true,"valueName":"search_term_string"}}],"inLanguage":"fr-FR"},{"@type":"Organization","@id":"https:\/\/italiancanyoning.it\/fr\/#organization","name":"Itaca Canyoning","url":"https:\/\/italiancanyoning.it\/fr\/","logo":{"@type":"ImageObject","inLanguage":"fr-FR","@id":"https:\/\/italiancanyoning.it\/fr\/#\/schema\/logo\/image\/","url":"https:\/\/italiancanyoning.it\/wp-content\/uploads\/2024\/12\/itaca-canyoning-logo60.png","contentUrl":"https:\/\/italiancanyoning.it\/wp-content\/uploads\/2024\/12\/itaca-canyoning-logo60.png","width":215,"height":60,"caption":"Itaca Canyoning"},"image":{"@id":"https:\/\/italiancanyoning.it\/fr\/#\/schema\/logo\/image\/"},"sameAs":["https:\/\/www.facebook.com\/itacanyoning","https:\/\/www.instagram.com\/itaca_canyoning\/"]}]}},"_links":{"self":[{"href":"https:\/\/italiancanyoning.it\/fr\/wp-json\/wp\/v2\/pages\/4894","targetHints":{"allow":["GET"]}}],"collection":[{"href":"https:\/\/italiancanyoning.it\/fr\/wp-json\/wp\/v2\/pages"}],"about":[{"href":"https:\/\/italiancanyoning.it\/fr\/wp-json\/wp\/v2\/types\/page"}],"author":[{"embeddable":true,"href":"https:\/\/italiancanyoning.it\/fr\/wp-json\/wp\/v2\/users\/3"}],"replies":[{"embeddable":true,"href":"https:\/\/italiancanyoning.it\/fr\/wp-json\/wp\/v2\/comments?post=4894"}],"version-history":[{"count":2,"href":"https:\/\/italiancanyoning.it\/fr\/wp-json\/wp\/v2\/pages\/4894\/revisions"}],"predecessor-version":[{"id":4901,"href":"https:\/\/italiancanyoning.it\/fr\/wp-json\/wp\/v2\/pages\/4894\/revisions\/4901"}],"wp:attachment":[{"href":"https:\/\/italiancanyoning.it\/fr\/wp-json\/wp\/v2\/media?parent=4894"}],"curies":[{"name":"wp","href":"https:\/\/api.w.org\/{rel}","templated":true}]}}